{"id":10275,"date":"2022-09-05T20:47:56","date_gmt":"2022-09-05T19:47:56","guid":{"rendered":"https:\/\/www.labelleviededaniel.fr\/?page_id=10275"},"modified":"2022-09-05T21:09:30","modified_gmt":"2022-09-05T20:09:30","slug":"forum-des-associations-a-gradignan","status":"publish","type":"page","link":"https:\/\/www.labelleviededaniel.fr\/?page_id=10275","title":{"rendered":"Forum des associations \u00e0 Gradignan le 3 septembre 2022"},"content":{"rendered":"<div id='gallery-1' class='gallery galleryid-10275 gallery-columns-3 gallery-size-full'><figure class='gallery-item'>\n\t\t\t<div class='gallery-icon portrait'>\n\t\t\t\t<a href='https:\/\/www.labelleviededaniel.fr\/?attachment_id=10279'><img loading=\"lazy\" decoding=\"async\" width=\"1536\" height=\"2048\" src=\"https:\/\/www.labelleviededaniel.fr\/wp-content\/uploads\/2022\/09\/forum-Gradignan_2.jpg\" class=\"attachment-full size-full\" alt=\"\" aria-describedby=\"gallery-1-10279\" srcset=\"https:\/\/www.labelleviededaniel.fr\/wp-content\/uploads\/2022\/09\/forum-Gradignan_2.jpg 1536w, https:\/\/www.labelleviededaniel.fr\/wp-content\/uploads\/2022\/09\/forum-Gradignan_2-225x300.jpg 225w, https:\/\/www.labelleviededaniel.fr\/wp-content\/uploads\/2022\/09\/forum-Gradignan_2-700x933.jpg 700w, https:\/\/www.labelleviededaniel.fr\/wp-content\/uploads\/2022\/09\/forum-Gradignan_2-768x1024.jpg 768w, https:\/\/www.labelleviededaniel.fr\/wp-content\/uploads\/2022\/09\/forum-Gradignan_2-1152x1536.jpg 1152w\" sizes=\"auto, (max-width: 1536px) 100vw, 1536px\" \/><\/a>\n\t\t\t<\/div>\n\t\t\t\t<figcaption class='wp-caption-text gallery-caption' id='gallery-1-10279'>\n\t\t\t\tJe pr\u00e9sente  les activit\u00e9s sociales de  l&rsquo; UL \u00e0 la nouvelle secr\u00e9taire d&rsquo;Etat \u00e0 l&rsquo; \u00e9cologie, B\u00e9rang\u00e8re Couillard et \u00e0  son suppl\u00e9ant d\u00e9put\u00e9 de la 7e circonscription de la Gironde\n\t\t\t\t<\/figcaption><\/figure>\n\t\t<\/div>\n\n","protected":false},"excerpt":{"rendered":"","protected":false},"author":1,"featured_media":0,"parent":10273,"menu_order":0,"comment_status":"closed","ping_status":"closed","template":"","meta":{"footnotes":""},"class_list":["post-10275","page","type-page","status-publish","hentry"],"_links":{"self":[{"href":"https:\/\/www.labelleviededaniel.fr\/index.php?rest_route=\/wp\/v2\/pages\/10275","targetHints":{"allow":["GET"]}}],"collection":[{"href":"https:\/\/www.labelleviededaniel.fr\/index.php?rest_route=\/wp\/v2\/pages"}],"about":[{"href":"https:\/\/www.labelleviededaniel.fr\/index.php?rest_route=\/wp\/v2\/types\/page"}],"author":[{"embeddable":true,"href":"https:\/\/www.labelleviededaniel.fr\/index.php?rest_route=\/wp\/v2\/users\/1"}],"replies":[{"embeddable":true,"href":"https:\/\/www.labelleviededaniel.fr\/index.php?rest_route=%2Fwp%2Fv2%2Fcomments&post=10275"}],"version-history":[{"count":6,"href":"https:\/\/www.labelleviededaniel.fr\/index.php?rest_route=\/wp\/v2\/pages\/10275\/revisions"}],"predecessor-version":[{"id":10282,"href":"https:\/\/www.labelleviededaniel.fr\/index.php?rest_route=\/wp\/v2\/pages\/10275\/revisions\/10282"}],"up":[{"embeddable":true,"href":"https:\/\/www.labelleviededaniel.fr\/index.php?rest_route=\/wp\/v2\/pages\/10273"}],"wp:attachment":[{"href":"https:\/\/www.labelleviededaniel.fr\/index.php?rest_route=%2Fwp%2Fv2%2Fmedia&parent=10275"}],"curies":[{"name":"wp","href":"https:\/\/api.w.org\/{rel}","templated":true}]}}