{"id":10572,"date":"2023-02-27T20:16:48","date_gmt":"2023-02-27T19:16:48","guid":{"rendered":"https:\/\/www.labelleviededaniel.fr\/?page_id=10572"},"modified":"2023-03-06T10:10:56","modified_gmt":"2023-03-06T09:10:56","slug":"limoges-la-gare-le-musee-des-beaux-arts-francis-chigot-latelier-du-vitrail","status":"publish","type":"page","link":"https:\/\/www.labelleviededaniel.fr\/?page_id=10572","title":{"rendered":"Limoges, la gare, le mus\u00e9e des Beaux-Arts, Francis Chigot, L&rsquo;atelier du Vitrail"},"content":{"rendered":"<p>source : Eric Perrin, Le temps d&rsquo;un d\u00e9tour diffus\u00e9 le 26 f\u00e9vrier 2023<br \/>\n<iframe loading=\"lazy\" style=\"border: none; overflow: hidden;\" src=\"https:\/\/www.facebook.com\/plugins\/video.php?height=314&amp;href=https%3A%2F%2Fwww.facebook.com%2FFrance3NouvelleAquitaine%2Fvideos%2F1148359712532610%2F&amp;show_text=false&amp;width=560&amp;t=0\" width=\"560\" height=\"314\" frameborder=\"0\" scrolling=\"no\" allowfullscreen=\"allowfullscreen\"><\/iframe><\/p>\n<p>Dans cette \u00e9mission, Eric Perrin a pour guide Fran\u00e7ois Lafabri\u00e9, jeune conservateur du patrimoine et directeur du mus\u00e9e des Beaux-Arts de Limoges depuis 2021. Avec lui, \u00e0 l\u2019occasion d\u2019une exposition exceptionnelle, nous allons d\u00e9couvrir l\u2019\u0153uvre d\u2019un des plus grands ma\u00eetres-verriers fran\u00e7ais du XXe si\u00e8cle, mais peu connu du grand public, Francis Chigot. Eric Perrin et Nicolas Vedelago des Monuments Historiques nous embarquent dans les coulisses et sur les toits d&rsquo;un monument embl\u00e9matique, \u00e9lu en 2022 \u00ab\u202fPlus belle gare de France\u202f\u00bb\u202f! Le temps d\u2019un d\u00e9tour \u00e0 Limoges, nous allons essayer de comprendre comment le patrimoine met en lumi\u00e8re les ambitions d\u2019une ville.<\/p>\n<p>&nbsp;<\/p>\n","protected":false},"excerpt":{"rendered":"<p>source : Eric Perrin, Le temps d&rsquo;un d\u00e9tour diffus\u00e9 le 26 f\u00e9vrier 2023 Dans cette \u00e9mission, Eric Perrin a pour guide Fran\u00e7ois Lafabri\u00e9, jeune conservateur du patrimoine et directeur du mus\u00e9e des Beaux-Arts de Limoges depuis 2021. Avec lui, \u00e0 l\u2019occasion d\u2019une exposition exceptionnelle, nous allons d\u00e9couvrir l\u2019\u0153uvre d\u2019un des plus grands ma\u00eetres-verriers fran\u00e7ais du &hellip; <a href=\"https:\/\/www.labelleviededaniel.fr\/?page_id=10572\" class=\"more-link\">Continuer la lecture de <span class=\"screen-reader-text\">Limoges, la gare, le mus\u00e9e des Beaux-Arts, Francis Chigot, L&rsquo;atelier du Vitrail<\/span> <span class=\"meta-nav\">&rarr;<\/span><\/a><\/p>\n","protected":false},"author":1,"featured_media":0,"parent":10594,"menu_order":0,"comment_status":"closed","ping_status":"closed","template":"","meta":{"footnotes":""},"class_list":["post-10572","page","type-page","status-publish","hentry"],"_links":{"self":[{"href":"https:\/\/www.labelleviededaniel.fr\/index.php?rest_route=\/wp\/v2\/pages\/10572","targetHints":{"allow":["GET"]}}],"collection":[{"href":"https:\/\/www.labelleviededaniel.fr\/index.php?rest_route=\/wp\/v2\/pages"}],"about":[{"href":"https:\/\/www.labelleviededaniel.fr\/index.php?rest_route=\/wp\/v2\/types\/page"}],"author":[{"embeddable":true,"href":"https:\/\/www.labelleviededaniel.fr\/index.php?rest_route=\/wp\/v2\/users\/1"}],"replies":[{"embeddable":true,"href":"https:\/\/www.labelleviededaniel.fr\/index.php?rest_route=%2Fwp%2Fv2%2Fcomments&post=10572"}],"version-history":[{"count":6,"href":"https:\/\/www.labelleviededaniel.fr\/index.php?rest_route=\/wp\/v2\/pages\/10572\/revisions"}],"predecessor-version":[{"id":10630,"href":"https:\/\/www.labelleviededaniel.fr\/index.php?rest_route=\/wp\/v2\/pages\/10572\/revisions\/10630"}],"up":[{"embeddable":true,"href":"https:\/\/www.labelleviededaniel.fr\/index.php?rest_route=\/wp\/v2\/pages\/10594"}],"wp:attachment":[{"href":"https:\/\/www.labelleviededaniel.fr\/index.php?rest_route=%2Fwp%2Fv2%2Fmedia&parent=10572"}],"curies":[{"name":"wp","href":"https:\/\/api.w.org\/{rel}","templated":true}]}}