{"id":10586,"date":"2023-03-01T13:46:28","date_gmt":"2023-03-01T12:46:28","guid":{"rendered":"https:\/\/www.labelleviededaniel.fr\/?page_id=10586"},"modified":"2023-03-01T20:04:23","modified_gmt":"2023-03-01T19:04:23","slug":"les-deux-sevres","status":"publish","type":"page","link":"https:\/\/www.labelleviededaniel.fr\/?page_id=10586","title":{"rendered":"Les Deux-S\u00e8vres"},"content":{"rendered":"<p>Sp\u00e9cialit\u00e9 de Melle ( sud-est de Niort) , le tourteau fromager\u00a0 ( voir \u00e9mission le go\u00fbt des rencontres sur la cha\u00eene NoA)<\/p>\n","protected":false},"excerpt":{"rendered":"<p>Sp\u00e9cialit\u00e9 de Melle ( sud-est de Niort) , le tourteau fromager\u00a0 ( voir \u00e9mission le go\u00fbt des rencontres sur la cha\u00eene NoA)<\/p>\n","protected":false},"author":1,"featured_media":0,"parent":4762,"menu_order":0,"comment_status":"closed","ping_status":"closed","template":"","meta":{"footnotes":""},"class_list":["post-10586","page","type-page","status-publish","hentry"],"_links":{"self":[{"href":"https:\/\/www.labelleviededaniel.fr\/index.php?rest_route=\/wp\/v2\/pages\/10586","targetHints":{"allow":["GET"]}}],"collection":[{"href":"https:\/\/www.labelleviededaniel.fr\/index.php?rest_route=\/wp\/v2\/pages"}],"about":[{"href":"https:\/\/www.labelleviededaniel.fr\/index.php?rest_route=\/wp\/v2\/types\/page"}],"author":[{"embeddable":true,"href":"https:\/\/www.labelleviededaniel.fr\/index.php?rest_route=\/wp\/v2\/users\/1"}],"replies":[{"embeddable":true,"href":"https:\/\/www.labelleviededaniel.fr\/index.php?rest_route=%2Fwp%2Fv2%2Fcomments&post=10586"}],"version-history":[{"count":3,"href":"https:\/\/www.labelleviededaniel.fr\/index.php?rest_route=\/wp\/v2\/pages\/10586\/revisions"}],"predecessor-version":[{"id":10616,"href":"https:\/\/www.labelleviededaniel.fr\/index.php?rest_route=\/wp\/v2\/pages\/10586\/revisions\/10616"}],"up":[{"embeddable":true,"href":"https:\/\/www.labelleviededaniel.fr\/index.php?rest_route=\/wp\/v2\/pages\/4762"}],"wp:attachment":[{"href":"https:\/\/www.labelleviededaniel.fr\/index.php?rest_route=%2Fwp%2Fv2%2Fmedia&parent=10586"}],"curies":[{"name":"wp","href":"https:\/\/api.w.org\/{rel}","templated":true}]}}