{"id":10602,"date":"2023-03-01T13:50:43","date_gmt":"2023-03-01T12:50:43","guid":{"rendered":"https:\/\/www.labelleviededaniel.fr\/?page_id=10602"},"modified":"2023-04-19T19:19:35","modified_gmt":"2023-04-19T18:19:35","slug":"dordogne","status":"publish","type":"page","link":"https:\/\/www.labelleviededaniel.fr\/?page_id=10602","title":{"rendered":"Dordogne"},"content":{"rendered":"<p>Source\u00a0 : Cap Sud-Ouest : La Dordogne, un petit coin de Paradis<br \/>\n<iframe loading=\"lazy\" title=\"YouTube video player\" src=\"https:\/\/www.youtube.com\/embed\/mtWyMjyUb_o\" width=\"560\" height=\"315\" frameborder=\"0\" allowfullscreen=\"allowfullscreen\"><\/iframe><br \/>\nDes ch\u00e2teaux majestueux, des villages \u00e0 la forte personnalit\u00e9, des paysages sublimes, et cette rivi\u00e8re, la Dordogne, qui cr\u00e9e le lien. Pour cette \u00e9mission, Eric vous invite dans le P\u00e9rigord, pour d\u00e9couvrir un tr\u00e9sor de Nouvelle-Aquitaine, les 10 kilom\u00e8tres sans doute les plus fous de toute l\u2019Europe. De <strong>Domme<\/strong>, bastide perch\u00e9e au-dessus d\u2019un m\u00e9andre, \u00e0<strong> Beynac<\/strong> puissante forteresse m\u00e9di\u00e9vale, en passant par l\u2019inattendu village de <strong>La Roque-Gageac<\/strong>, accroch\u00e9 \u00e0 la falaise, on trouve au fil de l\u2019eau, une concentration unique de lieux \u00e0 couper le souffle !<br \/>\nPour d\u00e9couvrir cette partie du P\u00e9rigord Noir, Eric embarque sur un cano\u00eb avec pour guide Romain Bondonneau, professeur d\u2019histoire-g\u00e9ographie \u00e0 Sarlat et fondateur de l\u2019association P\u00e9rigord Patrimoine. Cet enfant du pays est intarissable sur les richesses de sa r\u00e9gion natale.<br \/>\nAvec Virginie Boutet, Eric parcourt l\u2019incroyable cit\u00e9 m\u00e9di\u00e9vale de Domme. Une bastide cr\u00e9\u00e9e au XIIIe si\u00e8cle par le roi de France comme une base militaire pour reconqu\u00e9rir l\u2019Aquitaine, alors possession de la couronne anglaise.<br \/>\nLa Roque-Gageac est un village surprenant, accroch\u00e9 \u00e0 la falaise, dont les origines remontent au Moyen-\u00c2ge. R\u00e9put\u00e9 imprenable, il devint le refuge des \u00e9v\u00eaques de Sarlat. On leur doit notamment la splendide \u00e9glise du XIVe si\u00e8cle, avec sa toiture en lauze et son clocher-mur. Mais ici, depuis toujours, les habitants ont d\u00fb apprendre \u00e0 vivre avec le danger que peut repr\u00e9senter la falaise.<br \/>\nDerni\u00e8re \u00e9tape de ce voyage au fil de la Dordogne, <strong>la forteresse de Beynac<\/strong>, encore une occasion de s\u2019extasier pour Eric, en compagnie de l\u2019\u00e9crivain Michel Testut, amoureux de ces fabuleux paysages.<\/p>\n","protected":false},"excerpt":{"rendered":"<p>Source\u00a0 : Cap Sud-Ouest : La Dordogne, un petit coin de Paradis Des ch\u00e2teaux majestueux, des villages \u00e0 la forte personnalit\u00e9, des paysages sublimes, et cette rivi\u00e8re, la Dordogne, qui cr\u00e9e le lien. Pour cette \u00e9mission, Eric vous invite dans le P\u00e9rigord, pour d\u00e9couvrir un tr\u00e9sor de Nouvelle-Aquitaine, les 10 kilom\u00e8tres sans doute les plus &hellip; <a href=\"https:\/\/www.labelleviededaniel.fr\/?page_id=10602\" class=\"more-link\">Continuer la lecture de <span class=\"screen-reader-text\">Dordogne<\/span> <span class=\"meta-nav\">&rarr;<\/span><\/a><\/p>\n","protected":false},"author":1,"featured_media":0,"parent":4762,"menu_order":0,"comment_status":"closed","ping_status":"closed","template":"","meta":{"footnotes":""},"class_list":["post-10602","page","type-page","status-publish","hentry"],"_links":{"self":[{"href":"https:\/\/www.labelleviededaniel.fr\/index.php?rest_route=\/wp\/v2\/pages\/10602","targetHints":{"allow":["GET"]}}],"collection":[{"href":"https:\/\/www.labelleviededaniel.fr\/index.php?rest_route=\/wp\/v2\/pages"}],"about":[{"href":"https:\/\/www.labelleviededaniel.fr\/index.php?rest_route=\/wp\/v2\/types\/page"}],"author":[{"embeddable":true,"href":"https:\/\/www.labelleviededaniel.fr\/index.php?rest_route=\/wp\/v2\/users\/1"}],"replies":[{"embeddable":true,"href":"https:\/\/www.labelleviededaniel.fr\/index.php?rest_route=%2Fwp%2Fv2%2Fcomments&post=10602"}],"version-history":[{"count":4,"href":"https:\/\/www.labelleviededaniel.fr\/index.php?rest_route=\/wp\/v2\/pages\/10602\/revisions"}],"predecessor-version":[{"id":10733,"href":"https:\/\/www.labelleviededaniel.fr\/index.php?rest_route=\/wp\/v2\/pages\/10602\/revisions\/10733"}],"up":[{"embeddable":true,"href":"https:\/\/www.labelleviededaniel.fr\/index.php?rest_route=\/wp\/v2\/pages\/4762"}],"wp:attachment":[{"href":"https:\/\/www.labelleviededaniel.fr\/index.php?rest_route=%2Fwp%2Fv2%2Fmedia&parent=10602"}],"curies":[{"name":"wp","href":"https:\/\/api.w.org\/{rel}","templated":true}]}}