{"id":10697,"date":"2023-03-13T18:11:05","date_gmt":"2023-03-13T17:11:05","guid":{"rendered":"https:\/\/www.labelleviededaniel.fr\/?page_id=10697"},"modified":"2023-05-18T16:17:41","modified_gmt":"2023-05-18T15:17:41","slug":"divers","status":"publish","type":"page","link":"https:\/\/www.labelleviededaniel.fr\/?page_id=10697","title":{"rendered":"Divers"},"content":{"rendered":"<figure id=\"attachment_10699\" aria-describedby=\"caption-attachment-10699\" style=\"width: 594px\" class=\"wp-caption alignnone\"><a href=\"https:\/\/www.labelleviededaniel.fr\/wp-content\/uploads\/2023\/03\/mes-parents-gagnent-le-gros-lot-a-la-quinzaine-commerciale-de-Saint-Valery-en-Caux-en-janvier-1990.jpg\"><img loading=\"lazy\" decoding=\"async\" class=\"wp-image-10699 size-full\" src=\"https:\/\/www.labelleviededaniel.fr\/wp-content\/uploads\/2023\/03\/mes-parents-gagnent-le-gros-lot-a-la-quinzaine-commerciale-de-Saint-Valery-en-Caux-en-janvier-1990.jpg\" alt=\"\" width=\"594\" height=\"475\" srcset=\"https:\/\/www.labelleviededaniel.fr\/wp-content\/uploads\/2023\/03\/mes-parents-gagnent-le-gros-lot-a-la-quinzaine-commerciale-de-Saint-Valery-en-Caux-en-janvier-1990.jpg 594w, https:\/\/www.labelleviededaniel.fr\/wp-content\/uploads\/2023\/03\/mes-parents-gagnent-le-gros-lot-a-la-quinzaine-commerciale-de-Saint-Valery-en-Caux-en-janvier-1990-300x240.jpg 300w\" sizes=\"auto, (max-width: 594px) 100vw, 594px\" \/><\/a><figcaption id=\"caption-attachment-10699\" class=\"wp-caption-text\">Mes parents gagnent la croisi\u00e8re aux Cara\u00efbes en janvier 1990 ( St Val\u00e9ry-en-Caux)<\/figcaption><\/figure>\n","protected":false},"excerpt":{"rendered":"","protected":false},"author":1,"featured_media":0,"parent":0,"menu_order":0,"comment_status":"closed","ping_status":"closed","template":"","meta":{"footnotes":""},"class_list":["post-10697","page","type-page","status-publish","hentry"],"_links":{"self":[{"href":"https:\/\/www.labelleviededaniel.fr\/index.php?rest_route=\/wp\/v2\/pages\/10697","targetHints":{"allow":["GET"]}}],"collection":[{"href":"https:\/\/www.labelleviededaniel.fr\/index.php?rest_route=\/wp\/v2\/pages"}],"about":[{"href":"https:\/\/www.labelleviededaniel.fr\/index.php?rest_route=\/wp\/v2\/types\/page"}],"author":[{"embeddable":true,"href":"https:\/\/www.labelleviededaniel.fr\/index.php?rest_route=\/wp\/v2\/users\/1"}],"replies":[{"embeddable":true,"href":"https:\/\/www.labelleviededaniel.fr\/index.php?rest_route=%2Fwp%2Fv2%2Fcomments&post=10697"}],"version-history":[{"count":3,"href":"https:\/\/www.labelleviededaniel.fr\/index.php?rest_route=\/wp\/v2\/pages\/10697\/revisions"}],"predecessor-version":[{"id":10701,"href":"https:\/\/www.labelleviededaniel.fr\/index.php?rest_route=\/wp\/v2\/pages\/10697\/revisions\/10701"}],"wp:attachment":[{"href":"https:\/\/www.labelleviededaniel.fr\/index.php?rest_route=%2Fwp%2Fv2%2Fmedia&parent=10697"}],"curies":[{"name":"wp","href":"https:\/\/api.w.org\/{rel}","templated":true}]}}