{"id":1144,"date":"2015-04-25T07:49:56","date_gmt":"2015-04-25T06:49:56","guid":{"rendered":"https:\/\/www.labelleviededaniel.fr\/?page_id=1144"},"modified":"2016-04-09T09:05:28","modified_gmt":"2016-04-09T08:05:28","slug":"tu-seras-un-rate-mon-fils-de-frederic-ferney-ed-albin-michel-janvier-2015","status":"publish","type":"page","link":"https:\/\/www.labelleviededaniel.fr\/?page_id=1144","title":{"rendered":"\u00ab\u00a0Tu seras un rat\u00e9 mon fils\u00a0\u00bb de Fr\u00e9d\u00e9ric Ferney, \u00e9d. Albin Michel, janvier 2015"},"content":{"rendered":"<div>\n<p>\u00a0<a href=\"https:\/\/www.labelleviededaniel.fr\/wp-content\/uploads\/2015\/04\/churchill.jpg\"><img loading=\"lazy\" decoding=\"async\" class=\" size-medium wp-image-1156 aligncenter\" src=\"https:\/\/www.labelleviededaniel.fr\/wp-content\/uploads\/2015\/04\/churchill-196x300.jpg\" alt=\"churchill\" width=\"196\" height=\"300\" \/><\/a><\/p>\n<p>Des grands personnages qui ont fa\u00e7onn\u00e9 le XXe si\u00e8cle, Churchill appara\u00eet comme le plus s\u00fbr de son destin et de son g\u00e9nie. Pas une once de doute chez ce fils de famille, c\u00e9l\u00e8bre \u00e0 vingt-cinq ans, tour \u00e0 tour officier, aventurier, journaliste, ministre, \u00e9crivain, peintre\u2026 Jusqu\u2019\u00e0 l\u2019apoth\u00e9ose de la seconde guerre mondiale, qui en fera de son vivant plus qu\u2019un homme d\u2019Etat\u00a0: un mythe.<\/p>\n<p>Pourtant, ce touche-\u00e0-tout \u00e9gocentrique et g\u00e9n\u00e9reux, cynique et r\u00eaveur, fantasque et indomptable, cachait un secret, une blessure intime que nous d\u00e9voile, d\u2019une plume \u00e9blouissante, le journaliste et \u00e9crivain Fr\u00e9d\u00e9ric Ferney\u00a0: le m\u00e9pris absolu dans lequel le tenait son p\u00e8re.<\/p>\n<p>Ce p\u00e8re trop t\u00f4t disparu, Winston cherchera toute sa vie \u00e0 l\u2019\u00e9pater et \u00e0 lui donner tort. En faisant revivre les grands moments d\u2019une existence men\u00e9e au galop, cette travers\u00e9e d\u2019une vie extraordinaire explore l\u2019insondable lien entre un p\u00e8re et un fils.<\/p>\n<\/div>\n","protected":false},"excerpt":{"rendered":"<p>\u00a0 Des grands personnages qui ont fa\u00e7onn\u00e9 le XXe si\u00e8cle, Churchill appara\u00eet comme le plus s\u00fbr de son destin et de son g\u00e9nie. Pas une once de doute chez ce fils de famille, c\u00e9l\u00e8bre \u00e0 vingt-cinq ans, tour \u00e0 tour officier, aventurier, journaliste, ministre, \u00e9crivain, peintre\u2026 Jusqu\u2019\u00e0 l\u2019apoth\u00e9ose de la seconde guerre mondiale, qui en &hellip; <a href=\"https:\/\/www.labelleviededaniel.fr\/?page_id=1144\" class=\"more-link\">Continuer la lecture de <span class=\"screen-reader-text\">\u00ab\u00a0Tu seras un rat\u00e9 mon fils\u00a0\u00bb de Fr\u00e9d\u00e9ric Ferney, \u00e9d. Albin Michel, janvier 2015<\/span> <span class=\"meta-nav\">&rarr;<\/span><\/a><\/p>\n","protected":false},"author":1,"featured_media":0,"parent":3284,"menu_order":0,"comment_status":"open","ping_status":"open","template":"","meta":{"footnotes":""},"class_list":["post-1144","page","type-page","status-publish","hentry"],"_links":{"self":[{"href":"https:\/\/www.labelleviededaniel.fr\/index.php?rest_route=\/wp\/v2\/pages\/1144","targetHints":{"allow":["GET"]}}],"collection":[{"href":"https:\/\/www.labelleviededaniel.fr\/index.php?rest_route=\/wp\/v2\/pages"}],"about":[{"href":"https:\/\/www.labelleviededaniel.fr\/index.php?rest_route=\/wp\/v2\/types\/page"}],"author":[{"embeddable":true,"href":"https:\/\/www.labelleviededaniel.fr\/index.php?rest_route=\/wp\/v2\/users\/1"}],"replies":[{"embeddable":true,"href":"https:\/\/www.labelleviededaniel.fr\/index.php?rest_route=%2Fwp%2Fv2%2Fcomments&post=1144"}],"version-history":[{"count":6,"href":"https:\/\/www.labelleviededaniel.fr\/index.php?rest_route=\/wp\/v2\/pages\/1144\/revisions"}],"predecessor-version":[{"id":1157,"href":"https:\/\/www.labelleviededaniel.fr\/index.php?rest_route=\/wp\/v2\/pages\/1144\/revisions\/1157"}],"up":[{"embeddable":true,"href":"https:\/\/www.labelleviededaniel.fr\/index.php?rest_route=\/wp\/v2\/pages\/3284"}],"wp:attachment":[{"href":"https:\/\/www.labelleviededaniel.fr\/index.php?rest_route=%2Fwp%2Fv2%2Fmedia&parent=1144"}],"curies":[{"name":"wp","href":"https:\/\/api.w.org\/{rel}","templated":true}]}}