{"id":1159,"date":"2015-04-25T08:18:11","date_gmt":"2015-04-25T07:18:11","guid":{"rendered":"https:\/\/www.labelleviededaniel.fr\/?page_id=1159"},"modified":"2016-04-09T09:04:10","modified_gmt":"2016-04-09T08:04:10","slug":"pas-pleurer-de-lydie-salvayre-ed-du-seuil-aout-2014-prix-goncourt-2014","status":"publish","type":"page","link":"https:\/\/www.labelleviededaniel.fr\/?page_id=1159","title":{"rendered":"\u00ab\u00a0Pas pleurer\u00a0\u00bb de Lydie Salvayre , \u00e9d. du Seuil,  ao\u00fbt 2014, prix Goncourt 2014"},"content":{"rendered":"<p style=\"text-align: center;\"><a href=\"https:\/\/www.labelleviededaniel.fr\/wp-content\/uploads\/2015\/04\/lydiesalvayre.jpg\"><img loading=\"lazy\" decoding=\"async\" class=\"alignnone size-medium wp-image-1160\" src=\"https:\/\/www.labelleviededaniel.fr\/wp-content\/uploads\/2015\/04\/lydiesalvayre-205x300.jpg\" alt=\"lydiesalvayre\" width=\"205\" height=\"300\" \/><\/a><\/p>\n<p>Deux voix entrelac\u00e9es.<\/p>\n<p>Celle, r\u00e9volt\u00e9e, de Bernanos, t\u00e9moin direct de la guerre civile espagnole, qui d\u00e9nonce la terreur exerc\u00e9e par les Nationaux avec la b\u00e9n\u00e9diction de l\u2019\u00c9glise contre \u00ab les mauvais pauvres \u00bb.<\/p>\n<p>Celle, roborative, de Montse, m\u00e8re de la narratrice et \u00ab mauvaise pauvre \u00bb, qui a tout gomm\u00e9 de sa m\u00e9moire, hormis les jours enchant\u00e9s de l\u2019insurrection libertaire par laquelle s\u2019ouvrit la guerre de 36 dans certaines r\u00e9gions d\u2019Espagne, des jours qui compt\u00e8rent parmi les plus intenses de sa vie.<\/p>\n<p>Deux paroles, deux visions qui r\u00e9sonnent \u00e9trangement avec notre pr\u00e9sent et qui font appara\u00eetre l\u2019art romanesque de Lydie Salvayre dans toute sa force, entre violence et l\u00e9g\u00e8ret\u00e9, entre brutalit\u00e9 et finesse, port\u00e9 par une prose tant\u00f4t impeccable, tant\u00f4t joyeusement malmen\u00e9e.<\/p>\n<p>Lydie Salvayre a obtenu le prix Herm\u00e8s du Premier roman pour La D\u00e9claration, le prix Novembre (aujourd\u2019hui Prix D\u00e9cembre) pour La Compagnie des Spectres et le prix Fran\u00e7ois Billetdoux pour BW. Ses livres sont traduits dans une vingtaine de langues. Certains ont fait l\u2019objet d\u2019adaptations th\u00e9\u00e2trales.<\/p>\n","protected":false},"excerpt":{"rendered":"<p>Deux voix entrelac\u00e9es. Celle, r\u00e9volt\u00e9e, de Bernanos, t\u00e9moin direct de la guerre civile espagnole, qui d\u00e9nonce la terreur exerc\u00e9e par les Nationaux avec la b\u00e9n\u00e9diction de l\u2019\u00c9glise contre \u00ab les mauvais pauvres \u00bb. Celle, roborative, de Montse, m\u00e8re de la narratrice et \u00ab mauvaise pauvre \u00bb, qui a tout gomm\u00e9 de sa m\u00e9moire, hormis les &hellip; <a href=\"https:\/\/www.labelleviededaniel.fr\/?page_id=1159\" class=\"more-link\">Continuer la lecture de <span class=\"screen-reader-text\">\u00ab\u00a0Pas pleurer\u00a0\u00bb de Lydie Salvayre , \u00e9d. du Seuil,  ao\u00fbt 2014, prix Goncourt 2014<\/span> <span class=\"meta-nav\">&rarr;<\/span><\/a><\/p>\n","protected":false},"author":1,"featured_media":0,"parent":3284,"menu_order":0,"comment_status":"open","ping_status":"open","template":"","meta":{"footnotes":""},"class_list":["post-1159","page","type-page","status-publish","hentry"],"_links":{"self":[{"href":"https:\/\/www.labelleviededaniel.fr\/index.php?rest_route=\/wp\/v2\/pages\/1159","targetHints":{"allow":["GET"]}}],"collection":[{"href":"https:\/\/www.labelleviededaniel.fr\/index.php?rest_route=\/wp\/v2\/pages"}],"about":[{"href":"https:\/\/www.labelleviededaniel.fr\/index.php?rest_route=\/wp\/v2\/types\/page"}],"author":[{"embeddable":true,"href":"https:\/\/www.labelleviededaniel.fr\/index.php?rest_route=\/wp\/v2\/users\/1"}],"replies":[{"embeddable":true,"href":"https:\/\/www.labelleviededaniel.fr\/index.php?rest_route=%2Fwp%2Fv2%2Fcomments&post=1159"}],"version-history":[{"count":1,"href":"https:\/\/www.labelleviededaniel.fr\/index.php?rest_route=\/wp\/v2\/pages\/1159\/revisions"}],"predecessor-version":[{"id":1162,"href":"https:\/\/www.labelleviededaniel.fr\/index.php?rest_route=\/wp\/v2\/pages\/1159\/revisions\/1162"}],"up":[{"embeddable":true,"href":"https:\/\/www.labelleviededaniel.fr\/index.php?rest_route=\/wp\/v2\/pages\/3284"}],"wp:attachment":[{"href":"https:\/\/www.labelleviededaniel.fr\/index.php?rest_route=%2Fwp%2Fv2%2Fmedia&parent=1159"}],"curies":[{"name":"wp","href":"https:\/\/api.w.org\/{rel}","templated":true}]}}