{"id":1165,"date":"2015-04-25T08:33:19","date_gmt":"2015-04-25T07:33:19","guid":{"rendered":"https:\/\/www.labelleviededaniel.fr\/?page_id=1165"},"modified":"2016-04-09T08:59:15","modified_gmt":"2016-04-09T07:59:15","slug":"choisissez-tout-de-nathalie-loiseau-ed-jc-lattes-septembre-2014","status":"publish","type":"page","link":"https:\/\/www.labelleviededaniel.fr\/?page_id=1165","title":{"rendered":"\u00ab\u00a0Choisissez TOUT\u00a0\u00bb de Nathalie Loiseau, \u00e9d.  JC Latt\u00e8s , septembre 2014"},"content":{"rendered":"<p><a href=\"https:\/\/www.labelleviededaniel.fr\/wp-content\/uploads\/2015\/04\/nathalieloiseau.jpg\"><img loading=\"lazy\" decoding=\"async\" class=\" size-medium wp-image-1166 aligncenter\" src=\"https:\/\/www.labelleviededaniel.fr\/wp-content\/uploads\/2015\/04\/nathalieloiseau-192x300.jpg\" alt=\"nathalieloiseau\" width=\"192\" height=\"300\" \/><\/a>\u00ab Je me souviens de l&rsquo;ironie avec laquelle on r\u00e9p\u00e9tait dans ma famille qu&rsquo;enfant, je \u00ab voulais tout \u00bb. Pauvre na\u00efve : na\u00efve d&rsquo;en avoir envie, na\u00efve de croire que c&rsquo;\u00e9tait possible et na\u00efve de le dire. Na\u00efve, je le suis rest\u00e9e et le revendique : have it all, vivre pleinement sa vie, ne pas renoncer avant d&rsquo;avoir essay\u00e9, je voudrais que cela soit possible pour toutes les femmes. J&rsquo;ai beaucoup re\u00e7u, beaucoup combattu et beaucoup obtenu. J&rsquo;ai aussi connu dans de nombreux pays, d&rsquo;innombrables destins de femmes qui m&rsquo;ont fait r\u00e9fl\u00e9chir. J&rsquo;ai vu dans leurs vies des reflets de la mienne. Aujourd&rsquo;hui je voudrais partager ce que j&rsquo;ai vu et v\u00e9cu, donner envie \u00e0 d&rsquo;autres femmes d&rsquo;oser, de r\u00eaver et de changer le monde \u00bb.Nathalie Loiseau se souvient de la petite fille et de l\u2019adolescente pr\u00e9coce, dont on ne savait pas quoi faire. Elle raconte ce parcours hors norme d\u2019une jeune femme entr\u00e9e \u00e0 Sciences-Po presque par hasard et qui s\u2019est pris de passion pour le service public, la diplomatie, y exer\u00e7ant les plus hautes fonctions dans un monde encore tr\u00e8s peu ouvert aux femmes. Un parcours qui l\u2019a conduite \u00e0 diriger l\u2019Ena aujourd\u2019hui, elle qui n\u2019en est pas issue.<br \/>\nNathalie Loiseau nous raconte ses combats, ses rencontres, des situations tendres, dr\u00f4les ou r\u00e9voltantes. Elle nous livre une le\u00e7on de courage et d\u2019optimisme o\u00f9 la \u00ab passion \u00bb, la \u00ab curiosit\u00e9 \u00bb sont les maitres-mots. Une histoire qui donne envie de ne renoncer \u00e0 rien, de vivre pleinement sa vie de femme, de m\u00e8re, de repenser nos rapports au travail et aux hommes.<\/p>\n<p>\u201cI remember the irony with which my family often repeated the phrase \u201cShe wants it all.\u201d So na\u00efve, they thought, na\u00efve to want it all, na\u00efve to believe it was possible and na\u00efve even to say it. I stayed na\u00efve and still stand by my desire to have it all, live my life to the fullest and never give up.\u00a0 And I want all women to believe it is possible.<br \/>\nI have learned of many different destinies of women from many countries and they have made me think.\u00a0 Their lives mirrored my own in many ways. Today I want to share what I have seen and experienced to make women everywhere dare to dream and change the world.\u00a0\u00bb<\/p>\n<p>Nathalie Loiseau remembers when she was that precocious young girl and adolescent that was so difficult to handle. She recounts the extraordinary path that led her from prestigious Sciences-Po to a passion for public service and diplomacy, a world barely open to women, where she held the most powerful positions. This path has led her to become director of the most famous Administrative college in Paris, ENA.<\/p>\n<p>Loiseau speaks of her struggles, her encounters that are sometimes tender, humorous or revolting, and delivers a message of optimism where passion and curiosity are the key. She motivates women everywhere to never give up, to live their lives as women and mothers to the fullest and to rethink their relationships with men and work.<\/p>\n","protected":false},"excerpt":{"rendered":"<p>\u00ab Je me souviens de l&rsquo;ironie avec laquelle on r\u00e9p\u00e9tait dans ma famille qu&rsquo;enfant, je \u00ab voulais tout \u00bb. Pauvre na\u00efve : na\u00efve d&rsquo;en avoir envie, na\u00efve de croire que c&rsquo;\u00e9tait possible et na\u00efve de le dire. Na\u00efve, je le suis rest\u00e9e et le revendique : have it all, vivre pleinement sa vie, ne pas &hellip; <a href=\"https:\/\/www.labelleviededaniel.fr\/?page_id=1165\" class=\"more-link\">Continuer la lecture de <span class=\"screen-reader-text\">\u00ab\u00a0Choisissez TOUT\u00a0\u00bb de Nathalie Loiseau, \u00e9d.  JC Latt\u00e8s , septembre 2014<\/span> <span class=\"meta-nav\">&rarr;<\/span><\/a><\/p>\n","protected":false},"author":1,"featured_media":0,"parent":3284,"menu_order":0,"comment_status":"open","ping_status":"open","template":"","meta":{"footnotes":""},"class_list":["post-1165","page","type-page","status-publish","hentry"],"_links":{"self":[{"href":"https:\/\/www.labelleviededaniel.fr\/index.php?rest_route=\/wp\/v2\/pages\/1165","targetHints":{"allow":["GET"]}}],"collection":[{"href":"https:\/\/www.labelleviededaniel.fr\/index.php?rest_route=\/wp\/v2\/pages"}],"about":[{"href":"https:\/\/www.labelleviededaniel.fr\/index.php?rest_route=\/wp\/v2\/types\/page"}],"author":[{"embeddable":true,"href":"https:\/\/www.labelleviededaniel.fr\/index.php?rest_route=\/wp\/v2\/users\/1"}],"replies":[{"embeddable":true,"href":"https:\/\/www.labelleviededaniel.fr\/index.php?rest_route=%2Fwp%2Fv2%2Fcomments&post=1165"}],"version-history":[{"count":4,"href":"https:\/\/www.labelleviededaniel.fr\/index.php?rest_route=\/wp\/v2\/pages\/1165\/revisions"}],"predecessor-version":[{"id":1198,"href":"https:\/\/www.labelleviededaniel.fr\/index.php?rest_route=\/wp\/v2\/pages\/1165\/revisions\/1198"}],"up":[{"embeddable":true,"href":"https:\/\/www.labelleviededaniel.fr\/index.php?rest_route=\/wp\/v2\/pages\/3284"}],"wp:attachment":[{"href":"https:\/\/www.labelleviededaniel.fr\/index.php?rest_route=%2Fwp%2Fv2%2Fmedia&parent=1165"}],"curies":[{"name":"wp","href":"https:\/\/api.w.org\/{rel}","templated":true}]}}