{"id":1170,"date":"2015-04-25T08:43:13","date_gmt":"2015-04-25T07:43:13","guid":{"rendered":"https:\/\/www.labelleviededaniel.fr\/?page_id=1170"},"modified":"2016-04-09T08:59:58","modified_gmt":"2016-04-09T07:59:58","slug":"dun-monde-a-lautre-d-olivia-cattan-ed-max-milo-janvier-2014","status":"publish","type":"page","link":"https:\/\/www.labelleviededaniel.fr\/?page_id=1170","title":{"rendered":"\u00ab\u00a0D&rsquo;un monde \u00e0 l&rsquo;autre\u00a0\u00bb d&rsquo; Olivia Cattan, \u00e9d. Max Milo , janvier 2014"},"content":{"rendered":"<p><a href=\"https:\/\/www.labelleviededaniel.fr\/wp-content\/uploads\/2015\/04\/olivia-cattan.jpg\"><img loading=\"lazy\" decoding=\"async\" class=\" size-full wp-image-1173 aligncenter\" src=\"https:\/\/www.labelleviededaniel.fr\/wp-content\/uploads\/2015\/04\/olivia-cattan.jpg\" alt=\"olivia cattan\" width=\"206\" height=\"295\" \/><\/a> A quatre ans, Ruben ne parle toujours pas. Le diagnostic tombe : Il serait autiste. Sa m\u00e8re, entreprend alors un long voyage afin de sauver son fils.<\/p>\n<p>Ruben est le petit dernier d\u2019une fratrie de trois enfants. A l\u2019\u00e2ge de 4 ans, il ne parle toujours pas. Il refuse de manger et de dormir. Il se met \u00e0 crier lorsqu\u2019il entend le bruit d\u2019une perceuse et dispara\u00eet plusieurs heures lors de sa premi\u00e8re journ\u00e9e de maternelle. Paradoxalement, devant un ordinateur, il est bien plus avanc\u00e9 que les enfants de son \u00e2ge et manie le Net avec une facilit\u00e9 d\u00e9concertante. Suite \u00e0 de multiples rendez-vous m\u00e9dicaux, le diagnostic tombe : il serait autiste, un matricule de plus sur la longue liste de la Maison d\u00e9partementale des personnes handicap\u00e9es. Mais sa m\u00e8re refuse l\u2019avenir psychiatrique tout trac\u00e9 que les m\u00e9decins lui dessinent. Avec toute sa famille, elle entreprend un long voyage \u00e0 l\u2019\u00e9tranger afin de sauver son fils, voyage pendant lequel Ruben va de sortir de son mutisme et prononcer ses premiers mots. En revenant en France, elle met en \u0153uvre pour son fils un v\u00e9ritable plan d\u2019action pour combattre l\u2019autisme : M\u00e9thodes \u00e9ducatives diverses, orthophonie, psychomotricit\u00e9, outils p\u00e9dagogiques qu\u2019elle fabrique elle-m\u00eame\u2026 Elle abandonne ses activit\u00e9s de journaliste pour devenir l\u2019auxiliaire de vie scolaire pour son fils. Parall\u00e8lement elle milite pour que la cause de l\u2019autisme avance en France au sein de son association et d\u00e9nonce toutes les arnaques que subissent les familles avec la complicit\u00e9 de l\u2019Etat. Aujourd\u2019hui Ruben est en CE1 \u00e0 l\u2019\u00e9cole publique et ressemble de plus en plus \u00e0 n\u2019importe quel enfant de sa classe avec le concours d\u2019une formidable \u00e9quipe p\u00e9dagogique.<\/p>\n<p>Dans ce t\u00e9moignage-essai, Olivia Cattan d\u00e9nonce la s\u00e9gr\u00e9gation silencieuse que subissent les enfants autistes ; Elle raconte les coulisses de ses rencontres avec les personnalit\u00e9s politiques de Nathalie-Kosciusko-Morizet \u00e0 Fran\u00e7ois Hollande. Dans ce livre, cette maman dessine surtout un espoir : Celui de gu\u00e9rir de l\u2019autisme et de vivre normalement.<\/p>\n<p>Olivia Cattan est journaliste. Apr\u00e8s avoir collabor\u00e9 avec France soir, Paris Match, les cahiers \u00e9conomiques du Monde, Les grandes gueules de RMC, elle est aujourd\u2019hui pr\u00e9sidente de l\u2019association Paroles de femmes et auxiliaire de vie scolaire pour son fils. Elle est l\u2019auteure de Deux femmes en col\u00e8re (Ramsay, 2006), La femme, la R\u00e9publique et le bon Dieu (Presses de la Renaissance, 2008) et Kabbalah Esp\u00e9ranto (Bruno Leprince, 2011).<\/p>\n","protected":false},"excerpt":{"rendered":"<p>A quatre ans, Ruben ne parle toujours pas. Le diagnostic tombe : Il serait autiste. Sa m\u00e8re, entreprend alors un long voyage afin de sauver son fils. Ruben est le petit dernier d\u2019une fratrie de trois enfants. A l\u2019\u00e2ge de 4 ans, il ne parle toujours pas. Il refuse de manger et de dormir. Il &hellip; <a href=\"https:\/\/www.labelleviededaniel.fr\/?page_id=1170\" class=\"more-link\">Continuer la lecture de <span class=\"screen-reader-text\">\u00ab\u00a0D&rsquo;un monde \u00e0 l&rsquo;autre\u00a0\u00bb d&rsquo; Olivia Cattan, \u00e9d. Max Milo , janvier 2014<\/span> <span class=\"meta-nav\">&rarr;<\/span><\/a><\/p>\n","protected":false},"author":1,"featured_media":0,"parent":3284,"menu_order":0,"comment_status":"open","ping_status":"open","template":"","meta":{"footnotes":""},"class_list":["post-1170","page","type-page","status-publish","hentry"],"_links":{"self":[{"href":"https:\/\/www.labelleviededaniel.fr\/index.php?rest_route=\/wp\/v2\/pages\/1170","targetHints":{"allow":["GET"]}}],"collection":[{"href":"https:\/\/www.labelleviededaniel.fr\/index.php?rest_route=\/wp\/v2\/pages"}],"about":[{"href":"https:\/\/www.labelleviededaniel.fr\/index.php?rest_route=\/wp\/v2\/types\/page"}],"author":[{"embeddable":true,"href":"https:\/\/www.labelleviededaniel.fr\/index.php?rest_route=\/wp\/v2\/users\/1"}],"replies":[{"embeddable":true,"href":"https:\/\/www.labelleviededaniel.fr\/index.php?rest_route=%2Fwp%2Fv2%2Fcomments&post=1170"}],"version-history":[{"count":2,"href":"https:\/\/www.labelleviededaniel.fr\/index.php?rest_route=\/wp\/v2\/pages\/1170\/revisions"}],"predecessor-version":[{"id":1174,"href":"https:\/\/www.labelleviededaniel.fr\/index.php?rest_route=\/wp\/v2\/pages\/1170\/revisions\/1174"}],"up":[{"embeddable":true,"href":"https:\/\/www.labelleviededaniel.fr\/index.php?rest_route=\/wp\/v2\/pages\/3284"}],"wp:attachment":[{"href":"https:\/\/www.labelleviededaniel.fr\/index.php?rest_route=%2Fwp%2Fv2%2Fmedia&parent=1170"}],"curies":[{"name":"wp","href":"https:\/\/api.w.org\/{rel}","templated":true}]}}