{"id":1179,"date":"2015-04-25T10:18:22","date_gmt":"2015-04-25T09:18:22","guid":{"rendered":"https:\/\/www.labelleviededaniel.fr\/?page_id=1179"},"modified":"2016-04-09T09:05:11","modified_gmt":"2016-04-09T08:05:11","slug":"traite-datheologie-de-michel-onfray-ed-grasset-janvier-2005","status":"publish","type":"page","link":"https:\/\/www.labelleviededaniel.fr\/?page_id=1179","title":{"rendered":"\u00ab\u00a0Trait\u00e9 d&rsquo;ath\u00e9ologie\u00a0\u00bb de Michel Onfray, \u00e9d. Grasset , janvier 2005"},"content":{"rendered":"<p style=\"text-align: center;\"><a href=\"https:\/\/www.labelleviededaniel.fr\/wp-content\/uploads\/2015\/04\/onfray.jpg\"><img loading=\"lazy\" decoding=\"async\" class=\"alignnone size-medium wp-image-1178\" src=\"https:\/\/www.labelleviededaniel.fr\/wp-content\/uploads\/2015\/04\/onfray-187x300.jpg\" alt=\"onfray\" width=\"187\" height=\"300\" \/><\/a><\/p>\n<p>Ce livre est n\u00e9 d&rsquo;une indignation et d&rsquo;une urgence : l&rsquo;indignation ? C&rsquo;est le fait que, trois si\u00e8cles apr\u00e8s le triomphe des \u00ab Lumi\u00e8res \u00bb, et un si\u00e8cle apr\u00e8s la loi de s\u00e9paration de l&rsquo;Eglise et de l&rsquo;Etat, le politique et le religieux soient encore si inextricablement m\u00eal\u00e9s dans nos soci\u00e9t\u00e9s pr\u00e9tendument la\u00efques et d\u00e9mocratiques. L&rsquo;urgence ? C&rsquo;est le spectacle du monde comme il va &#8211; des \u00e9vang\u00e9listes n\u00e9o-conservateurs aux fanatiques du Djihad. Partout, observe Michel Onfray, Dieu, jadis chass\u00e9 par la porte, revient par la fen\u00eatre&#8230; D&rsquo;o\u00f9 cet essai, savant, pol\u00e9mique, conceptuel et sensuel, o\u00f9 le philosophe anti-platonicien qu&rsquo;est Michel Onfray tente de pointer, de d\u00e9noncer, de d\u00e9passer, cette \u00ab haine des corps \u00bb qui, semble-t-il, g\u00eet secr\u00e8tement derri\u00e8re le retour g\u00e9n\u00e9ralis\u00e9 du divin, et du \u00ab d\u00e9sir de salut \u00bb, dans nos soci\u00e9t\u00e9s. Son livre se compose de quatre parties o\u00f9, apr\u00e8s l&rsquo;expos\u00e9-bilan de l&rsquo;\u00e9tat actuel d&rsquo;une \u00ab r\u00e9gression \u00bb, se trouvent revisit\u00e9s le monoth\u00e9isme, le christianisme et la th\u00e9ocratie. L&rsquo;essentiel, ici, peut ainsi se r\u00e9sumer : \u00e0 quel prix &#8211; humain, amoureux, politique&#8230; &#8211; nos contemporains paieront-ils leur all\u00e9geance au ciel ? Dans ce livre, il est ainsi question de J\u00e9sus et des femmes, du d\u00e9sir et de la d\u00e9mocratie, de Saint-Paul et de Nietzsche. L&rsquo;auteur, en mat\u00e9rialiste cons\u00e9quent, provoque, stimule, sugg\u00e8re. A l&rsquo;heure des int\u00e9grismes et des la\u00efcit\u00e9s honteuses, ce Trait\u00e9 d&rsquo;ath\u00e9ologie promet de faire du vacarme&#8230;<\/p>\n","protected":false},"excerpt":{"rendered":"<p>Ce livre est n\u00e9 d&rsquo;une indignation et d&rsquo;une urgence : l&rsquo;indignation ? C&rsquo;est le fait que, trois si\u00e8cles apr\u00e8s le triomphe des \u00ab Lumi\u00e8res \u00bb, et un si\u00e8cle apr\u00e8s la loi de s\u00e9paration de l&rsquo;Eglise et de l&rsquo;Etat, le politique et le religieux soient encore si inextricablement m\u00eal\u00e9s dans nos soci\u00e9t\u00e9s pr\u00e9tendument la\u00efques et d\u00e9mocratiques. &hellip; <a href=\"https:\/\/www.labelleviededaniel.fr\/?page_id=1179\" class=\"more-link\">Continuer la lecture de <span class=\"screen-reader-text\">\u00ab\u00a0Trait\u00e9 d&rsquo;ath\u00e9ologie\u00a0\u00bb de Michel Onfray, \u00e9d. Grasset , janvier 2005<\/span> <span class=\"meta-nav\">&rarr;<\/span><\/a><\/p>\n","protected":false},"author":1,"featured_media":0,"parent":3284,"menu_order":0,"comment_status":"open","ping_status":"open","template":"","meta":{"footnotes":""},"class_list":["post-1179","page","type-page","status-publish","hentry"],"_links":{"self":[{"href":"https:\/\/www.labelleviededaniel.fr\/index.php?rest_route=\/wp\/v2\/pages\/1179","targetHints":{"allow":["GET"]}}],"collection":[{"href":"https:\/\/www.labelleviededaniel.fr\/index.php?rest_route=\/wp\/v2\/pages"}],"about":[{"href":"https:\/\/www.labelleviededaniel.fr\/index.php?rest_route=\/wp\/v2\/types\/page"}],"author":[{"embeddable":true,"href":"https:\/\/www.labelleviededaniel.fr\/index.php?rest_route=\/wp\/v2\/users\/1"}],"replies":[{"embeddable":true,"href":"https:\/\/www.labelleviededaniel.fr\/index.php?rest_route=%2Fwp%2Fv2%2Fcomments&post=1179"}],"version-history":[{"count":1,"href":"https:\/\/www.labelleviededaniel.fr\/index.php?rest_route=\/wp\/v2\/pages\/1179\/revisions"}],"predecessor-version":[{"id":1180,"href":"https:\/\/www.labelleviededaniel.fr\/index.php?rest_route=\/wp\/v2\/pages\/1179\/revisions\/1180"}],"up":[{"embeddable":true,"href":"https:\/\/www.labelleviededaniel.fr\/index.php?rest_route=\/wp\/v2\/pages\/3284"}],"wp:attachment":[{"href":"https:\/\/www.labelleviededaniel.fr\/index.php?rest_route=%2Fwp%2Fv2%2Fmedia&parent=1179"}],"curies":[{"name":"wp","href":"https:\/\/api.w.org\/{rel}","templated":true}]}}