{"id":1183,"date":"2015-04-25T10:23:46","date_gmt":"2015-04-25T09:23:46","guid":{"rendered":"https:\/\/www.labelleviededaniel.fr\/?page_id=1183"},"modified":"2016-04-09T09:11:53","modified_gmt":"2016-04-09T08:11:53","slug":"le-vrai-lieu-dannie-ernaux-ed-gallimard-octobre-2014","status":"publish","type":"page","link":"https:\/\/www.labelleviededaniel.fr\/?page_id=1183","title":{"rendered":"\u00ab\u00a0Le vrai lieu\u00a0\u00bb d&rsquo;Annie Ernaux, \u00e9d. Gallimard, octobre 2014"},"content":{"rendered":"<p><a href=\"https:\/\/www.labelleviededaniel.fr\/wp-content\/uploads\/2015\/04\/ernaux-le-vrai-lieu.jpg\"><img loading=\"lazy\" decoding=\"async\" class=\" size-full wp-image-1182 aligncenter\" src=\"https:\/\/www.labelleviededaniel.fr\/wp-content\/uploads\/2015\/04\/ernaux-le-vrai-lieu.jpg\" alt=\"ernaux le vrai lieu\" width=\"197\" height=\"290\" \/><\/a><\/p>\n<p>\u00abEn 2008, Michelle Porte, que je connaissais comme la r\u00e9alisatrice de tr\u00e8s beaux documentaires sur Virginia Woolf et Marguerite Duras, m\u2019a exprim\u00e9 son d\u00e9sir de me filmer dans les lieux de ma jeunesse, Yvetot, Rouen, et dans celui d\u2019aujourd\u2019hui, Cergy. J&rsquo;\u00e9voquerais ma vie, l\u2019\u00e9criture, le lien entre les deux. J\u2019ai aim\u00e9 et accept\u00e9 imm\u00e9diatement son projet, convaincue que le lieu \u2013 g\u00e9ographique, social \u2013 o\u00f9 l\u2019on na\u00eet, et celui o\u00f9 l\u2019on vit, offrent sur les textes \u00e9crits, non pas une explication, mais l\u2019arri\u00e8re-fond de la r\u00e9alit\u00e9 o\u00f9, plus ou moins, ils sont ancr\u00e9s.\u00bb<\/p>\n","protected":false},"excerpt":{"rendered":"<p>\u00abEn 2008, Michelle Porte, que je connaissais comme la r\u00e9alisatrice de tr\u00e8s beaux documentaires sur Virginia Woolf et Marguerite Duras, m\u2019a exprim\u00e9 son d\u00e9sir de me filmer dans les lieux de ma jeunesse, Yvetot, Rouen, et dans celui d\u2019aujourd\u2019hui, Cergy. J&rsquo;\u00e9voquerais ma vie, l\u2019\u00e9criture, le lien entre les deux. J\u2019ai aim\u00e9 et accept\u00e9 imm\u00e9diatement son &hellip; <a href=\"https:\/\/www.labelleviededaniel.fr\/?page_id=1183\" class=\"more-link\">Continuer la lecture de <span class=\"screen-reader-text\">\u00ab\u00a0Le vrai lieu\u00a0\u00bb d&rsquo;Annie Ernaux, \u00e9d. Gallimard, octobre 2014<\/span> <span class=\"meta-nav\">&rarr;<\/span><\/a><\/p>\n","protected":false},"author":1,"featured_media":0,"parent":3284,"menu_order":0,"comment_status":"open","ping_status":"open","template":"","meta":{"footnotes":""},"class_list":["post-1183","page","type-page","status-publish","hentry"],"_links":{"self":[{"href":"https:\/\/www.labelleviededaniel.fr\/index.php?rest_route=\/wp\/v2\/pages\/1183","targetHints":{"allow":["GET"]}}],"collection":[{"href":"https:\/\/www.labelleviededaniel.fr\/index.php?rest_route=\/wp\/v2\/pages"}],"about":[{"href":"https:\/\/www.labelleviededaniel.fr\/index.php?rest_route=\/wp\/v2\/types\/page"}],"author":[{"embeddable":true,"href":"https:\/\/www.labelleviededaniel.fr\/index.php?rest_route=\/wp\/v2\/users\/1"}],"replies":[{"embeddable":true,"href":"https:\/\/www.labelleviededaniel.fr\/index.php?rest_route=%2Fwp%2Fv2%2Fcomments&post=1183"}],"version-history":[{"count":1,"href":"https:\/\/www.labelleviededaniel.fr\/index.php?rest_route=\/wp\/v2\/pages\/1183\/revisions"}],"predecessor-version":[{"id":1184,"href":"https:\/\/www.labelleviededaniel.fr\/index.php?rest_route=\/wp\/v2\/pages\/1183\/revisions\/1184"}],"up":[{"embeddable":true,"href":"https:\/\/www.labelleviededaniel.fr\/index.php?rest_route=\/wp\/v2\/pages\/3284"}],"wp:attachment":[{"href":"https:\/\/www.labelleviededaniel.fr\/index.php?rest_route=%2Fwp%2Fv2%2Fmedia&parent=1183"}],"curies":[{"name":"wp","href":"https:\/\/api.w.org\/{rel}","templated":true}]}}