{"id":1200,"date":"2015-04-25T14:07:12","date_gmt":"2015-04-25T13:07:12","guid":{"rendered":"https:\/\/www.labelleviededaniel.fr\/?page_id=1200"},"modified":"2016-04-09T09:12:06","modified_gmt":"2016-04-09T08:12:06","slug":"les-annees-dannie-ernaux-ed-gallimard-fevrier-2008","status":"publish","type":"page","link":"https:\/\/www.labelleviededaniel.fr\/?page_id=1200","title":{"rendered":"\u00ab\u00a0les ann\u00e9es\u00a0\u00bb d&rsquo;Annie Ernaux, \u00e9d. Gallimard, f\u00e9vrier 2008"},"content":{"rendered":"<p style=\"text-align: left;\">\u00a0<a href=\"https:\/\/www.labelleviededaniel.fr\/wp-content\/uploads\/2015\/04\/ernaux-les-ann\u00e9es.jpg\"><img loading=\"lazy\" decoding=\"async\" class=\" size-full wp-image-1204 aligncenter\" src=\"https:\/\/www.labelleviededaniel.fr\/wp-content\/uploads\/2015\/04\/ernaux-les-ann\u00e9es.jpg\" alt=\"ernaux les ann\u00e9es\" width=\"198\" height=\"287\" \/><\/a>\u00abLa photo en noir et blanc d&rsquo;une petite fille en maillot de bain fonc\u00e9, sur une plage de galets. En fond, des falaises. Elle est assise sur un rocher plat, ses jambes robustes \u00e9tendues bien droites devant elle, les bras en appui sur le rocher, les yeux ferm\u00e9s, la t\u00eate l\u00e9g\u00e8rement pench\u00e9e, souriant. Une \u00e9paisse natte brune ramen\u00e9e par-devant, l&rsquo;autre laiss\u00e9e dans le dos. Tout r\u00e9v\u00e8le le d\u00e9sir de poser comme les stars dans <i>Cin\u00e9monde<\/i> ou la publicit\u00e9 d&rsquo;Ambre Solaire, d&rsquo;\u00e9chapper \u00e0 son corps humiliant et sans importance de petite fille. Les cuisses, plus claires, ainsi que le haut des bras, dessinent la forme d&rsquo;une robe et indiquent le caract\u00e8re exceptionnel, pour cette enfant, d&rsquo;un s\u00e9jour ou d&rsquo;une sortie \u00e0 la mer. La plage est d\u00e9serte. Au dos : <i>ao\u00fbt 1949, Sotteville-sur-Mer.<\/i>\u00bb<br \/>\nAu travers de photos et de souvenirs laiss\u00e9s par les \u00e9v\u00e9nements, les mots et les choses, Annie Ernaux donne \u00e0 ressentir le passage des ann\u00e9es, de l&rsquo;apr\u00e8s-guerre \u00e0 aujourd&rsquo;hui. En m\u00eame temps, elle inscrit l&rsquo;existence dans une forme nouvelle d&rsquo;autobiographie, impersonnelle et collective.<\/p>\n","protected":false},"excerpt":{"rendered":"<p>\u00a0\u00abLa photo en noir et blanc d&rsquo;une petite fille en maillot de bain fonc\u00e9, sur une plage de galets. En fond, des falaises. Elle est assise sur un rocher plat, ses jambes robustes \u00e9tendues bien droites devant elle, les bras en appui sur le rocher, les yeux ferm\u00e9s, la t\u00eate l\u00e9g\u00e8rement pench\u00e9e, souriant. Une \u00e9paisse &hellip; <a href=\"https:\/\/www.labelleviededaniel.fr\/?page_id=1200\" class=\"more-link\">Continuer la lecture de <span class=\"screen-reader-text\">\u00ab\u00a0les ann\u00e9es\u00a0\u00bb d&rsquo;Annie Ernaux, \u00e9d. Gallimard, f\u00e9vrier 2008<\/span> <span class=\"meta-nav\">&rarr;<\/span><\/a><\/p>\n","protected":false},"author":1,"featured_media":0,"parent":3284,"menu_order":0,"comment_status":"open","ping_status":"open","template":"","meta":{"footnotes":""},"class_list":["post-1200","page","type-page","status-publish","hentry"],"_links":{"self":[{"href":"https:\/\/www.labelleviededaniel.fr\/index.php?rest_route=\/wp\/v2\/pages\/1200","targetHints":{"allow":["GET"]}}],"collection":[{"href":"https:\/\/www.labelleviededaniel.fr\/index.php?rest_route=\/wp\/v2\/pages"}],"about":[{"href":"https:\/\/www.labelleviededaniel.fr\/index.php?rest_route=\/wp\/v2\/types\/page"}],"author":[{"embeddable":true,"href":"https:\/\/www.labelleviededaniel.fr\/index.php?rest_route=\/wp\/v2\/users\/1"}],"replies":[{"embeddable":true,"href":"https:\/\/www.labelleviededaniel.fr\/index.php?rest_route=%2Fwp%2Fv2%2Fcomments&post=1200"}],"version-history":[{"count":2,"href":"https:\/\/www.labelleviededaniel.fr\/index.php?rest_route=\/wp\/v2\/pages\/1200\/revisions"}],"predecessor-version":[{"id":1205,"href":"https:\/\/www.labelleviededaniel.fr\/index.php?rest_route=\/wp\/v2\/pages\/1200\/revisions\/1205"}],"up":[{"embeddable":true,"href":"https:\/\/www.labelleviededaniel.fr\/index.php?rest_route=\/wp\/v2\/pages\/3284"}],"wp:attachment":[{"href":"https:\/\/www.labelleviededaniel.fr\/index.php?rest_route=%2Fwp%2Fv2%2Fmedia&parent=1200"}],"curies":[{"name":"wp","href":"https:\/\/api.w.org\/{rel}","templated":true}]}}