{"id":1208,"date":"2015-04-25T14:28:09","date_gmt":"2015-04-25T13:28:09","guid":{"rendered":"https:\/\/www.labelleviededaniel.fr\/?page_id=1208"},"modified":"2016-04-09T09:05:52","modified_gmt":"2016-04-09T08:05:52","slug":"une-femme-dannie-ernaux-ed-folio-gallimard-janvier-1990","status":"publish","type":"page","link":"https:\/\/www.labelleviededaniel.fr\/?page_id=1208","title":{"rendered":"\u00ab\u00a0Une femme\u00a0\u00bb d&rsquo;Annie Ernaux, \u00e9d. Folio, janvier 1990"},"content":{"rendered":"<p><a href=\"https:\/\/www.labelleviededaniel.fr\/wp-content\/uploads\/2015\/04\/ernaux-une-femme.jpg\"><img loading=\"lazy\" decoding=\"async\" class=\" size-medium wp-image-1207 aligncenter\" src=\"https:\/\/www.labelleviededaniel.fr\/wp-content\/uploads\/2015\/04\/ernaux-une-femme-183x300.jpg\" alt=\"ernaux une femme\" width=\"183\" height=\"300\" \/><\/a>Annie Ernaux s&rsquo;efforce ici de retrouver les diff\u00e9rents visages et la vie de sa m\u00e8re, morte le 7 avril 1986, au terme d&rsquo;une maladie qui avait d\u00e9truit sa m\u00e9moire et son int\u00e9grit\u00e9 intellectuelle et physique. Elle, si active, si ouverte au monde. Qu\u00eate de l&rsquo;existence d&rsquo;une femme, ouvri\u00e8re, puis commer\u00e7ante anxieuse de \u00abtenir son rang\u00bb et d&rsquo;apprendre. Mise au jour, aussi, de l&rsquo;\u00e9volution et de l&rsquo;ambivalence des sentiments d&rsquo;une fille pour sa m\u00e8re : amour, haine, tendresse, culpabilit\u00e9, et, pour finir, attachement visc\u00e9ral \u00e0 la vieille femme diminu\u00e9e.<br \/>\n\u00abJe n&rsquo;entendrai plus sa voix&#8230; J&rsquo;ai perdu le dernier lien avec le monde dont je suis issue.\u00bb<\/p>\n<p>Autre 4e de couverture<\/p>\n<p>Le lundi 7 avril 1986, la m\u00e8re d&rsquo;Annie Ernaux s&rsquo;\u00e9teint dans une maison de retraite. En trois ans, une maladie c\u00e9r\u00e9brale, qui d\u00e9truit la m\u00e9moire, l&rsquo;avait men\u00e9e \u00e0 la d\u00e9ch\u00e9ance physique et intellectuelle.<br \/>\nFrapp\u00e9e de stupeur par cette mort que, malgr\u00e9 l&rsquo;\u00e9tat de sa m\u00e8re, elle s&rsquo;\u00e9tait refus\u00e9 \u00e0 imaginer, Annie Ernaux s&rsquo;efforce de retrouver les diff\u00e9rents visages et la vie de celle qui \u00e9tait l&rsquo;image m\u00eame de la force active et de l&rsquo;ouverture au monde.<br \/>\nQu\u00eate du sens de l&rsquo;existence d&rsquo;une femme, d&rsquo;abord ouvri\u00e8re, puis commer\u00e7ante anxieuse de \u00ab\u00a0tenir son rang\u00a0\u00bb, passionn\u00e9e de lecture et pour qui s&rsquo;\u00e9lever \u00a0\u00bb c&rsquo;\u00e9tait d&rsquo;abord apprendre \u00ab\u00a0.<br \/>\nMise au jour, aussi, de l&rsquo;\u00e9volution et de l&rsquo;ambivalence des sentiments d&rsquo;une fille envers sa m\u00e8re: amour et haine, culpabilit\u00e9, tendresse et agacement, attachement visc\u00e9ral et muet pour la vieille femme diminu\u00e9e.<\/p>\n<p>Dans La place, l&rsquo;auteur \u00e9voquait son p\u00e8re. Les deux r\u00e9cits se recoupent, se compl\u00e8tent, mais l&rsquo;\u00e9clairage change, ici plus charnel et contrast\u00e9.<br \/>\nL&rsquo;\u00e9criture, pr\u00e9cise et concr\u00e8te, ressuscite d&rsquo;une mani\u00e8re bouleversante cette m\u00e8re qui \u00e9tait, pour sa fille, l&rsquo;incarnation du Temps et de la condition sociale d&rsquo;origine: \u00ab\u00a0J&rsquo;ai perdu le dernier lien avec le monde dont je suis issue.\u00a0\u00bb<\/p>\n","protected":false},"excerpt":{"rendered":"<p>Annie Ernaux s&rsquo;efforce ici de retrouver les diff\u00e9rents visages et la vie de sa m\u00e8re, morte le 7 avril 1986, au terme d&rsquo;une maladie qui avait d\u00e9truit sa m\u00e9moire et son int\u00e9grit\u00e9 intellectuelle et physique. Elle, si active, si ouverte au monde. Qu\u00eate de l&rsquo;existence d&rsquo;une femme, ouvri\u00e8re, puis commer\u00e7ante anxieuse de \u00abtenir son rang\u00bb &hellip; <a href=\"https:\/\/www.labelleviededaniel.fr\/?page_id=1208\" class=\"more-link\">Continuer la lecture de <span class=\"screen-reader-text\">\u00ab\u00a0Une femme\u00a0\u00bb d&rsquo;Annie Ernaux, \u00e9d. Folio, janvier 1990<\/span> <span class=\"meta-nav\">&rarr;<\/span><\/a><\/p>\n","protected":false},"author":1,"featured_media":0,"parent":3284,"menu_order":0,"comment_status":"open","ping_status":"open","template":"","meta":{"footnotes":""},"class_list":["post-1208","page","type-page","status-publish","hentry"],"_links":{"self":[{"href":"https:\/\/www.labelleviededaniel.fr\/index.php?rest_route=\/wp\/v2\/pages\/1208","targetHints":{"allow":["GET"]}}],"collection":[{"href":"https:\/\/www.labelleviededaniel.fr\/index.php?rest_route=\/wp\/v2\/pages"}],"about":[{"href":"https:\/\/www.labelleviededaniel.fr\/index.php?rest_route=\/wp\/v2\/types\/page"}],"author":[{"embeddable":true,"href":"https:\/\/www.labelleviededaniel.fr\/index.php?rest_route=\/wp\/v2\/users\/1"}],"replies":[{"embeddable":true,"href":"https:\/\/www.labelleviededaniel.fr\/index.php?rest_route=%2Fwp%2Fv2%2Fcomments&post=1208"}],"version-history":[{"count":2,"href":"https:\/\/www.labelleviededaniel.fr\/index.php?rest_route=\/wp\/v2\/pages\/1208\/revisions"}],"predecessor-version":[{"id":1212,"href":"https:\/\/www.labelleviededaniel.fr\/index.php?rest_route=\/wp\/v2\/pages\/1208\/revisions\/1212"}],"up":[{"embeddable":true,"href":"https:\/\/www.labelleviededaniel.fr\/index.php?rest_route=\/wp\/v2\/pages\/3284"}],"wp:attachment":[{"href":"https:\/\/www.labelleviededaniel.fr\/index.php?rest_route=%2Fwp%2Fv2%2Fmedia&parent=1208"}],"curies":[{"name":"wp","href":"https:\/\/api.w.org\/{rel}","templated":true}]}}