{"id":1215,"date":"2015-04-25T14:33:36","date_gmt":"2015-04-25T13:33:36","guid":{"rendered":"https:\/\/www.labelleviededaniel.fr\/?page_id=1215"},"modified":"2016-04-09T09:01:53","modified_gmt":"2016-04-09T08:01:53","slug":"lecriture-comme-un-couteau-dannie-ernaux-ed-folio-octobre-2011","status":"publish","type":"page","link":"https:\/\/www.labelleviededaniel.fr\/?page_id=1215","title":{"rendered":"\u00ab\u00a0L&rsquo;\u00e9criture comme un couteau\u00a0\u00bb d&rsquo;Annie Ernaux, \u00e9d. Folio, octobre 2011"},"content":{"rendered":"<p><a href=\"https:\/\/www.labelleviededaniel.fr\/wp-content\/uploads\/2015\/04\/ernaux-lecriture-comme.jpg\"><img loading=\"lazy\" decoding=\"async\" class=\" size-medium wp-image-1214 aligncenter\" src=\"https:\/\/www.labelleviededaniel.fr\/wp-content\/uploads\/2015\/04\/ernaux-lecriture-comme-183x300.jpg\" alt=\"ernaux l'ecriture comme\" width=\"183\" height=\"300\" \/><\/a>\u00abJ\u2019importe dans la litt\u00e9rature quelque chose de dur, de lourd, de violent m\u00eame, li\u00e9 aux conditions de vie, \u00e0 la langue du monde qui a \u00e9t\u00e9 compl\u00e8tement le mien jusqu\u2019\u00e0 dix-huit ans, un monde ouvrier et paysan. Toujours quelque chose de r\u00e9el.<br \/>\nJ\u2019ai l\u2019impression que l\u2019\u00e9criture est ce que je peux faire de mieux, dans mon cas, dans ma situation de transfuge, comme acte politique et comme don.\u00bb<\/p>\n<p>Pendant une ann\u00e9e environ, sans r\u00e9gularit\u00e9 particuli\u00e8re, Fr\u00e9d\u00e9ric-Yves Jeannet a envoy\u00e9 \u00e0 Annie Ernaux questions et r\u00e9flexions. Dans ses r\u00e9ponses, l\u2019auteur de La place et des Ann\u00e9es s\u2019efforce de rendre compte d\u2019une pratique d\u2019\u00e9criture commenc\u00e9e il y a trente ans, de d\u00e9crire sa mani\u00e8re de travailler, d\u2019expliciter la \u00abvis\u00e9e\u00bb de ses textes.<\/p>\n","protected":false},"excerpt":{"rendered":"<p>\u00abJ\u2019importe dans la litt\u00e9rature quelque chose de dur, de lourd, de violent m\u00eame, li\u00e9 aux conditions de vie, \u00e0 la langue du monde qui a \u00e9t\u00e9 compl\u00e8tement le mien jusqu\u2019\u00e0 dix-huit ans, un monde ouvrier et paysan. Toujours quelque chose de r\u00e9el. J\u2019ai l\u2019impression que l\u2019\u00e9criture est ce que je peux faire de mieux, dans &hellip; <a href=\"https:\/\/www.labelleviededaniel.fr\/?page_id=1215\" class=\"more-link\">Continuer la lecture de <span class=\"screen-reader-text\">\u00ab\u00a0L&rsquo;\u00e9criture comme un couteau\u00a0\u00bb d&rsquo;Annie Ernaux, \u00e9d. Folio, octobre 2011<\/span> <span class=\"meta-nav\">&rarr;<\/span><\/a><\/p>\n","protected":false},"author":1,"featured_media":0,"parent":3284,"menu_order":0,"comment_status":"open","ping_status":"open","template":"","meta":{"footnotes":""},"class_list":["post-1215","page","type-page","status-publish","hentry"],"_links":{"self":[{"href":"https:\/\/www.labelleviededaniel.fr\/index.php?rest_route=\/wp\/v2\/pages\/1215","targetHints":{"allow":["GET"]}}],"collection":[{"href":"https:\/\/www.labelleviededaniel.fr\/index.php?rest_route=\/wp\/v2\/pages"}],"about":[{"href":"https:\/\/www.labelleviededaniel.fr\/index.php?rest_route=\/wp\/v2\/types\/page"}],"author":[{"embeddable":true,"href":"https:\/\/www.labelleviededaniel.fr\/index.php?rest_route=\/wp\/v2\/users\/1"}],"replies":[{"embeddable":true,"href":"https:\/\/www.labelleviededaniel.fr\/index.php?rest_route=%2Fwp%2Fv2%2Fcomments&post=1215"}],"version-history":[{"count":2,"href":"https:\/\/www.labelleviededaniel.fr\/index.php?rest_route=\/wp\/v2\/pages\/1215\/revisions"}],"predecessor-version":[{"id":1219,"href":"https:\/\/www.labelleviededaniel.fr\/index.php?rest_route=\/wp\/v2\/pages\/1215\/revisions\/1219"}],"up":[{"embeddable":true,"href":"https:\/\/www.labelleviededaniel.fr\/index.php?rest_route=\/wp\/v2\/pages\/3284"}],"wp:attachment":[{"href":"https:\/\/www.labelleviededaniel.fr\/index.php?rest_route=%2Fwp%2Fv2%2Fmedia&parent=1215"}],"curies":[{"name":"wp","href":"https:\/\/api.w.org\/{rel}","templated":true}]}}