{"id":1227,"date":"2015-04-25T14:45:37","date_gmt":"2015-04-25T13:45:37","guid":{"rendered":"https:\/\/www.labelleviededaniel.fr\/?page_id=1227"},"modified":"2016-04-09T09:01:33","modified_gmt":"2016-04-09T08:01:33","slug":"je-ne-suis-pas-sortie-de-ma-nuit-dannie-ernaux-ed-gallimard-janvier-1997","status":"publish","type":"page","link":"https:\/\/www.labelleviededaniel.fr\/?page_id=1227","title":{"rendered":"\u00ab\u00a0Je ne suis pas sortie de ma nuit\u00a0\u00bb d&rsquo;Annie Ernaux, \u00e9d. Gallimard, janvier 1997"},"content":{"rendered":"<p><a href=\"https:\/\/www.labelleviededaniel.fr\/wp-content\/uploads\/2015\/04\/ernaux-je-ne-suis-pas-sortie-de-ma-nuit.jpg\"><img loading=\"lazy\" decoding=\"async\" class=\" size-medium wp-image-1221 aligncenter\" src=\"https:\/\/www.labelleviededaniel.fr\/wp-content\/uploads\/2015\/04\/ernaux-je-ne-suis-pas-sortie-de-ma-nuit-191x300.jpg\" alt=\"ernaux je ne suis pas sortie de ma nuit\" width=\"191\" height=\"300\" \/><\/a><\/p>\n<p>\u00abMa m\u00e8re a \u00e9t\u00e9 atteinte de la maladie d&rsquo;Alzheimer au d\u00e9but des ann\u00e9es 80 et plac\u00e9e dans une maison de retraite. Quand je revenais de mes visites, il fallait que j&rsquo;\u00e9crive sur elle, son corps, ses paroles, le lieu o\u00f9 elle se trouvait. Je ne savais pas que ce journal me conduirait vers sa mort, en 86.\u00bb<\/p>\n","protected":false},"excerpt":{"rendered":"<p>\u00abMa m\u00e8re a \u00e9t\u00e9 atteinte de la maladie d&rsquo;Alzheimer au d\u00e9but des ann\u00e9es 80 et plac\u00e9e dans une maison de retraite. Quand je revenais de mes visites, il fallait que j&rsquo;\u00e9crive sur elle, son corps, ses paroles, le lieu o\u00f9 elle se trouvait. Je ne savais pas que ce journal me conduirait vers sa mort, &hellip; <a href=\"https:\/\/www.labelleviededaniel.fr\/?page_id=1227\" class=\"more-link\">Continuer la lecture de <span class=\"screen-reader-text\">\u00ab\u00a0Je ne suis pas sortie de ma nuit\u00a0\u00bb d&rsquo;Annie Ernaux, \u00e9d. Gallimard, janvier 1997<\/span> <span class=\"meta-nav\">&rarr;<\/span><\/a><\/p>\n","protected":false},"author":1,"featured_media":0,"parent":3284,"menu_order":0,"comment_status":"open","ping_status":"open","template":"","meta":{"footnotes":""},"class_list":["post-1227","page","type-page","status-publish","hentry"],"_links":{"self":[{"href":"https:\/\/www.labelleviededaniel.fr\/index.php?rest_route=\/wp\/v2\/pages\/1227","targetHints":{"allow":["GET"]}}],"collection":[{"href":"https:\/\/www.labelleviededaniel.fr\/index.php?rest_route=\/wp\/v2\/pages"}],"about":[{"href":"https:\/\/www.labelleviededaniel.fr\/index.php?rest_route=\/wp\/v2\/types\/page"}],"author":[{"embeddable":true,"href":"https:\/\/www.labelleviededaniel.fr\/index.php?rest_route=\/wp\/v2\/users\/1"}],"replies":[{"embeddable":true,"href":"https:\/\/www.labelleviededaniel.fr\/index.php?rest_route=%2Fwp%2Fv2%2Fcomments&post=1227"}],"version-history":[{"count":1,"href":"https:\/\/www.labelleviededaniel.fr\/index.php?rest_route=\/wp\/v2\/pages\/1227\/revisions"}],"predecessor-version":[{"id":1229,"href":"https:\/\/www.labelleviededaniel.fr\/index.php?rest_route=\/wp\/v2\/pages\/1227\/revisions\/1229"}],"up":[{"embeddable":true,"href":"https:\/\/www.labelleviededaniel.fr\/index.php?rest_route=\/wp\/v2\/pages\/3284"}],"wp:attachment":[{"href":"https:\/\/www.labelleviededaniel.fr\/index.php?rest_route=%2Fwp%2Fv2%2Fmedia&parent=1227"}],"curies":[{"name":"wp","href":"https:\/\/api.w.org\/{rel}","templated":true}]}}