{"id":1232,"date":"2015-04-25T14:49:36","date_gmt":"2015-04-25T13:49:36","guid":{"rendered":"https:\/\/www.labelleviededaniel.fr\/?page_id=1232"},"modified":"2016-04-09T09:09:33","modified_gmt":"2016-04-09T08:09:33","slug":"la-honte-dannie-ernaux-ed-folio-fevrier-1999","status":"publish","type":"page","link":"https:\/\/www.labelleviededaniel.fr\/?page_id=1232","title":{"rendered":"\u00ab\u00a0La honte\u00a0\u00bb d&rsquo;Annie Ernaux, \u00e9d. Folio , f\u00e9vrier 1999"},"content":{"rendered":"<p><a href=\"https:\/\/www.labelleviededaniel.fr\/wp-content\/uploads\/2015\/04\/ernaux-la-honte.jpg\"><img loading=\"lazy\" decoding=\"async\" class=\" size-medium wp-image-1231 aligncenter\" src=\"https:\/\/www.labelleviededaniel.fr\/wp-content\/uploads\/2015\/04\/ernaux-la-honte-179x300.jpg\" alt=\"ernaux la honte\" width=\"179\" height=\"300\" \/><\/a><\/p>\n<p>\u00abJ&rsquo;ai toujours eu envie d&rsquo;\u00e9crire des livres dont il me soit ensuite impossible de parler, qui rendent le regard d&rsquo;autrui insoutenable. Mais quelle honte pourrait m&rsquo;apporter l&rsquo;\u00e9criture d&rsquo;un livre qui soit \u00e0 la hauteur de ce que j&rsquo;ai \u00e9prouv\u00e9 dans ma douzi\u00e8me ann\u00e9e.\u00bb<\/p>\n","protected":false},"excerpt":{"rendered":"<p>\u00abJ&rsquo;ai toujours eu envie d&rsquo;\u00e9crire des livres dont il me soit ensuite impossible de parler, qui rendent le regard d&rsquo;autrui insoutenable. Mais quelle honte pourrait m&rsquo;apporter l&rsquo;\u00e9criture d&rsquo;un livre qui soit \u00e0 la hauteur de ce que j&rsquo;ai \u00e9prouv\u00e9 dans ma douzi\u00e8me ann\u00e9e.\u00bb<\/p>\n","protected":false},"author":1,"featured_media":0,"parent":3284,"menu_order":0,"comment_status":"open","ping_status":"open","template":"","meta":{"footnotes":""},"class_list":["post-1232","page","type-page","status-publish","hentry"],"_links":{"self":[{"href":"https:\/\/www.labelleviededaniel.fr\/index.php?rest_route=\/wp\/v2\/pages\/1232","targetHints":{"allow":["GET"]}}],"collection":[{"href":"https:\/\/www.labelleviededaniel.fr\/index.php?rest_route=\/wp\/v2\/pages"}],"about":[{"href":"https:\/\/www.labelleviededaniel.fr\/index.php?rest_route=\/wp\/v2\/types\/page"}],"author":[{"embeddable":true,"href":"https:\/\/www.labelleviededaniel.fr\/index.php?rest_route=\/wp\/v2\/users\/1"}],"replies":[{"embeddable":true,"href":"https:\/\/www.labelleviededaniel.fr\/index.php?rest_route=%2Fwp%2Fv2%2Fcomments&post=1232"}],"version-history":[{"count":1,"href":"https:\/\/www.labelleviededaniel.fr\/index.php?rest_route=\/wp\/v2\/pages\/1232\/revisions"}],"predecessor-version":[{"id":1234,"href":"https:\/\/www.labelleviededaniel.fr\/index.php?rest_route=\/wp\/v2\/pages\/1232\/revisions\/1234"}],"up":[{"embeddable":true,"href":"https:\/\/www.labelleviededaniel.fr\/index.php?rest_route=\/wp\/v2\/pages\/3284"}],"wp:attachment":[{"href":"https:\/\/www.labelleviededaniel.fr\/index.php?rest_route=%2Fwp%2Fv2%2Fmedia&parent=1232"}],"curies":[{"name":"wp","href":"https:\/\/api.w.org\/{rel}","templated":true}]}}