{"id":1447,"date":"2015-08-08T08:50:25","date_gmt":"2015-08-08T07:50:25","guid":{"rendered":"https:\/\/www.labelleviededaniel.fr\/?page_id=1447"},"modified":"2024-11-27T07:57:45","modified_gmt":"2024-11-27T06:57:45","slug":"la-deconnexion-des-elites-par-laure-belot","status":"publish","type":"page","link":"https:\/\/www.labelleviededaniel.fr\/?page_id=1447","title":{"rendered":"\u00ab\u00a0La d\u00e9connexion des \u00e9lites- comment internet d\u00e9range l&rsquo;ordre \u00e9tabli\u00a0\u00bb par Laure Belot"},"content":{"rendered":"<p><iframe loading=\"lazy\" src=\"\/\/www.dailymotion.com\/embed\/video\/x2gxf0j\" width=\"480\" height=\"270\" frameborder=\"0\" allowfullscreen=\"allowfullscreen\"><\/iframe><br \/>\n<a href=\"http:\/\/www.dailymotion.com\/video\/x2gxf0j_laure-belot-la-deconnexion-des-elites_news\" target=\"_blank\" rel=\"noopener\">Laure Belot &#8211; La d\u00e9connexion des \u00e9lites<\/a> <i>par <a href=\"http:\/\/www.dailymotion.com\/Librairie_Mollat\" target=\"_blank\" rel=\"noopener\">Librairie_Mollat<\/a><\/i><\/p>\n<p><a href=\"http:\/\/ladeconnexiondeselites.fr\/\">site internet : la d\u00e9connexion des \u00e9lites<\/a><\/p>\n<p>&nbsp;<\/p>\n","protected":false},"excerpt":{"rendered":"<p>Laure Belot &#8211; La d\u00e9connexion des \u00e9lites par Librairie_Mollat site internet : la d\u00e9connexion des \u00e9lites &nbsp;<\/p>\n","protected":false},"author":1,"featured_media":0,"parent":3284,"menu_order":0,"comment_status":"open","ping_status":"open","template":"","meta":{"footnotes":""},"class_list":["post-1447","page","type-page","status-publish","hentry"],"_links":{"self":[{"href":"https:\/\/www.labelleviededaniel.fr\/index.php?rest_route=\/wp\/v2\/pages\/1447","targetHints":{"allow":["GET"]}}],"collection":[{"href":"https:\/\/www.labelleviededaniel.fr\/index.php?rest_route=\/wp\/v2\/pages"}],"about":[{"href":"https:\/\/www.labelleviededaniel.fr\/index.php?rest_route=\/wp\/v2\/types\/page"}],"author":[{"embeddable":true,"href":"https:\/\/www.labelleviededaniel.fr\/index.php?rest_route=\/wp\/v2\/users\/1"}],"replies":[{"embeddable":true,"href":"https:\/\/www.labelleviededaniel.fr\/index.php?rest_route=%2Fwp%2Fv2%2Fcomments&post=1447"}],"version-history":[{"count":7,"href":"https:\/\/www.labelleviededaniel.fr\/index.php?rest_route=\/wp\/v2\/pages\/1447\/revisions"}],"predecessor-version":[{"id":11809,"href":"https:\/\/www.labelleviededaniel.fr\/index.php?rest_route=\/wp\/v2\/pages\/1447\/revisions\/11809"}],"up":[{"embeddable":true,"href":"https:\/\/www.labelleviededaniel.fr\/index.php?rest_route=\/wp\/v2\/pages\/3284"}],"wp:attachment":[{"href":"https:\/\/www.labelleviededaniel.fr\/index.php?rest_route=%2Fwp%2Fv2%2Fmedia&parent=1447"}],"curies":[{"name":"wp","href":"https:\/\/api.w.org\/{rel}","templated":true}]}}