{"id":1488,"date":"2015-09-11T16:43:58","date_gmt":"2015-09-11T15:43:58","guid":{"rendered":"https:\/\/www.labelleviededaniel.fr\/?page_id=1488"},"modified":"2016-04-09T09:04:52","modified_gmt":"2016-04-09T08:04:52","slug":"prof-chez-les-taulards-de-aude-simeon-ed-glyphe-2012","status":"publish","type":"page","link":"https:\/\/www.labelleviededaniel.fr\/?page_id=1488","title":{"rendered":"\u00ab\u00a0Prof chez les taulards\u00a0\u00bb  de Aude  Sim\u00e9on, Ed Glyphe, 2012"},"content":{"rendered":"<p><a href=\"https:\/\/www.labelleviededaniel.fr\/wp-content\/uploads\/2015\/09\/prof-chez-les-taulards.jpg\"><img loading=\"lazy\" decoding=\"async\" class=\"size-medium wp-image-1504 aligncenter\" src=\"https:\/\/www.labelleviededaniel.fr\/wp-content\/uploads\/2015\/09\/prof-chez-les-taulards-214x300.jpg\" alt=\"prof chez les taulards\" width=\"214\" height=\"300\" \/><\/a><\/p>\n<p>Depuis dix ans, Aude Sim\u00e9on fr\u00e9quente la prison.<br \/>\nElle enseigne le fran\u00e7ais. Aux taulards.<\/p>\n<p>Des criminels violents, des terroristes, un prisonnier fameux \u2013\u00a0Carlos \u2013<br \/>\nnouent une relation privil\u00e9gi\u00e9e avec leur professeur, d\u00e9voilent une part d\u2019humanit\u00e9.<br \/>\nAlors, avec l\u2019enseignante, on d\u00e9couvre la prison, un m\u00e9lange de banalit\u00e9 et de gravit\u00e9 qui refl\u00e8te la complexit\u00e9 de ce monde \u00e0 part.<\/p>\n<p>Aude Sim\u00e9on\u00a0&#8211; Merle des Isles, professeur agr\u00e9g\u00e9e de lettres, a travaill\u00e9 pendant<br \/>\n25 ans au Lyc\u00e9e international de Saint-Germain-en-Laye. Elle rend compte ici<br \/>\nde son exp\u00e9rience d\u2019enseignante en milieu carc\u00e9ral.<br \/>\nAvec une authentique humanit\u00e9, elle brosse les portraits des d\u00e9tenus.<br \/>\nElle montre que m\u00eame en prison on peut apprendre pour vivre mieux.<\/p>\n<p><a href=\"http:\/\/audesimeon.canalblog.com\" target=\"_blank\">Son blog : http:\/\/audesimeon.canalblog.com<\/a><\/p>\n","protected":false},"excerpt":{"rendered":"<p>Depuis dix ans, Aude Sim\u00e9on fr\u00e9quente la prison. Elle enseigne le fran\u00e7ais. Aux taulards. Des criminels violents, des terroristes, un prisonnier fameux \u2013\u00a0Carlos \u2013 nouent une relation privil\u00e9gi\u00e9e avec leur professeur, d\u00e9voilent une part d\u2019humanit\u00e9. Alors, avec l\u2019enseignante, on d\u00e9couvre la prison, un m\u00e9lange de banalit\u00e9 et de gravit\u00e9 qui refl\u00e8te la complexit\u00e9 de ce &hellip; <a href=\"https:\/\/www.labelleviededaniel.fr\/?page_id=1488\" class=\"more-link\">Continuer la lecture de <span class=\"screen-reader-text\">\u00ab\u00a0Prof chez les taulards\u00a0\u00bb  de Aude  Sim\u00e9on, Ed Glyphe, 2012<\/span> <span class=\"meta-nav\">&rarr;<\/span><\/a><\/p>\n","protected":false},"author":1,"featured_media":0,"parent":3284,"menu_order":0,"comment_status":"closed","ping_status":"closed","template":"","meta":{"footnotes":""},"class_list":["post-1488","page","type-page","status-publish","hentry"],"_links":{"self":[{"href":"https:\/\/www.labelleviededaniel.fr\/index.php?rest_route=\/wp\/v2\/pages\/1488","targetHints":{"allow":["GET"]}}],"collection":[{"href":"https:\/\/www.labelleviededaniel.fr\/index.php?rest_route=\/wp\/v2\/pages"}],"about":[{"href":"https:\/\/www.labelleviededaniel.fr\/index.php?rest_route=\/wp\/v2\/types\/page"}],"author":[{"embeddable":true,"href":"https:\/\/www.labelleviededaniel.fr\/index.php?rest_route=\/wp\/v2\/users\/1"}],"replies":[{"embeddable":true,"href":"https:\/\/www.labelleviededaniel.fr\/index.php?rest_route=%2Fwp%2Fv2%2Fcomments&post=1488"}],"version-history":[{"count":2,"href":"https:\/\/www.labelleviededaniel.fr\/index.php?rest_route=\/wp\/v2\/pages\/1488\/revisions"}],"predecessor-version":[{"id":1512,"href":"https:\/\/www.labelleviededaniel.fr\/index.php?rest_route=\/wp\/v2\/pages\/1488\/revisions\/1512"}],"up":[{"embeddable":true,"href":"https:\/\/www.labelleviededaniel.fr\/index.php?rest_route=\/wp\/v2\/pages\/3284"}],"wp:attachment":[{"href":"https:\/\/www.labelleviededaniel.fr\/index.php?rest_route=%2Fwp%2Fv2%2Fmedia&parent=1488"}],"curies":[{"name":"wp","href":"https:\/\/api.w.org\/{rel}","templated":true}]}}