{"id":1493,"date":"2015-09-11T16:52:32","date_gmt":"2015-09-11T15:52:32","guid":{"rendered":"https:\/\/www.labelleviededaniel.fr\/?page_id=1493"},"modified":"2017-08-03T22:02:33","modified_gmt":"2017-08-03T21:02:33","slug":"confessions-dun-prive-de-philippe-dylewski-ed-lexpress-boutique-janvier-2011","status":"publish","type":"page","link":"https:\/\/www.labelleviededaniel.fr\/?page_id=1493","title":{"rendered":"\u00ab\u00a0Confessions d&rsquo;un priv\u00e9\u00a0\u00bb de Philippe Dylewski, \u00e9d l&rsquo;Express boutique, janvier 2011"},"content":{"rendered":"<p><a href=\"https:\/\/www.labelleviededaniel.fr\/wp-content\/uploads\/2015\/09\/confessions_d_un_prive.jpg\"><img loading=\"lazy\" decoding=\"async\" class=\"size-medium wp-image-1500 aligncenter\" src=\"https:\/\/www.labelleviededaniel.fr\/wp-content\/uploads\/2015\/09\/confessions_d_un_prive-190x300.jpg\" alt=\"confessions_d_un_prive\" width=\"190\" height=\"300\" \/><\/a><\/p>\n<p>Avez-vous d\u00e9j\u00e0 r\u00eav\u00e9 en secret de jouer les espions en herbe ? Avouez que vous aimeriez bien savoir ce que pr\u00e9pare votre concurrent, conna\u00eetre le vrai CV de votre futur directeur des ventes, v\u00e9rifier si vos ados n\u2019ont pas de mauvaises fr\u00e9quentations, ou encore savoir ce qu\u2019on dit de vous sur les r\u00e9seaux sociaux ?<\/p>\n<p>Philippe Dylewski a dirig\u00e9 une agence de d\u00e9tectives priv\u00e9s en Belgique, et il a fait tout \u00e7a, et bien d\u2019autres choses\u2026 Ce livre \u00e9voque souvenirs et anecdotes de sa vie de \u00ab\u00a0priv\u00e9\u00a0\u00bb et propose au lecteur de s\u2019approprier quelques ficelles du m\u00e9tier. Dans cet ouvrage, \u00e9crit avec humour et autod\u00e9rision, vous apprenez comment espionner la vie des gens, d\u00e9tecter les mensonges chez un candidat, faire de la veille professionnelle gr\u00e2ce \u00e0 une m\u00e9thodologie de recherche sur Internet. Mais aussi beaucoup d\u2019autres \u00ab\u00a0trucs\u00a0\u00bb simples pour prot\u00e9ger votre vie priv\u00e9e ou to,ut simplement \u00e9viter de vous faire pi\u00e9ger<br \/>\n<a href=\"https:\/\/www.labelleviededaniel.fr\/wp-content\/uploads\/2015\/09\/1507analyse-de-la-concurrencePhilippeDylewski.pdf\">1507analyse-de-la-concurrencePhilippeDylewski<\/a><\/p>\n","protected":false},"excerpt":{"rendered":"<p>Avez-vous d\u00e9j\u00e0 r\u00eav\u00e9 en secret de jouer les espions en herbe ? Avouez que vous aimeriez bien savoir ce que pr\u00e9pare votre concurrent, conna\u00eetre le vrai CV de votre futur directeur des ventes, v\u00e9rifier si vos ados n\u2019ont pas de mauvaises fr\u00e9quentations, ou encore savoir ce qu\u2019on dit de vous sur les r\u00e9seaux sociaux ? &hellip; <a href=\"https:\/\/www.labelleviededaniel.fr\/?page_id=1493\" class=\"more-link\">Continuer la lecture de <span class=\"screen-reader-text\">\u00ab\u00a0Confessions d&rsquo;un priv\u00e9\u00a0\u00bb de Philippe Dylewski, \u00e9d l&rsquo;Express boutique, janvier 2011<\/span> <span class=\"meta-nav\">&rarr;<\/span><\/a><\/p>\n","protected":false},"author":1,"featured_media":0,"parent":3284,"menu_order":0,"comment_status":"closed","ping_status":"closed","template":"","meta":{"footnotes":""},"class_list":["post-1493","page","type-page","status-publish","hentry"],"_links":{"self":[{"href":"https:\/\/www.labelleviededaniel.fr\/index.php?rest_route=\/wp\/v2\/pages\/1493","targetHints":{"allow":["GET"]}}],"collection":[{"href":"https:\/\/www.labelleviededaniel.fr\/index.php?rest_route=\/wp\/v2\/pages"}],"about":[{"href":"https:\/\/www.labelleviededaniel.fr\/index.php?rest_route=\/wp\/v2\/types\/page"}],"author":[{"embeddable":true,"href":"https:\/\/www.labelleviededaniel.fr\/index.php?rest_route=\/wp\/v2\/users\/1"}],"replies":[{"embeddable":true,"href":"https:\/\/www.labelleviededaniel.fr\/index.php?rest_route=%2Fwp%2Fv2%2Fcomments&post=1493"}],"version-history":[{"count":3,"href":"https:\/\/www.labelleviededaniel.fr\/index.php?rest_route=\/wp\/v2\/pages\/1493\/revisions"}],"predecessor-version":[{"id":5516,"href":"https:\/\/www.labelleviededaniel.fr\/index.php?rest_route=\/wp\/v2\/pages\/1493\/revisions\/5516"}],"up":[{"embeddable":true,"href":"https:\/\/www.labelleviededaniel.fr\/index.php?rest_route=\/wp\/v2\/pages\/3284"}],"wp:attachment":[{"href":"https:\/\/www.labelleviededaniel.fr\/index.php?rest_route=%2Fwp%2Fv2%2Fmedia&parent=1493"}],"curies":[{"name":"wp","href":"https:\/\/api.w.org\/{rel}","templated":true}]}}