{"id":1495,"date":"2015-09-11T16:56:07","date_gmt":"2015-09-11T15:56:07","guid":{"rendered":"https:\/\/www.labelleviededaniel.fr\/?page_id=1495"},"modified":"2016-04-09T09:02:57","modified_gmt":"2016-04-09T08:02:57","slug":"la-deconnexion-des-elitesde-laure-belot-ed-les-arenes-janvier-2015","status":"publish","type":"page","link":"https:\/\/www.labelleviededaniel.fr\/?page_id=1495","title":{"rendered":"\u00ab\u00a0La d\u00e9connexion des \u00e9lites\u00a0\u00bb,de Laure Belot, \u00e9d les Ar\u00e8nes, janvier 2015"},"content":{"rendered":"<p><a href=\"https:\/\/www.labelleviededaniel.fr\/wp-content\/uploads\/2015\/09\/la-deconnexion-des-\u00e9lites.jpg\"><img loading=\"lazy\" decoding=\"async\" class=\"size-medium wp-image-1503 aligncenter\" src=\"https:\/\/www.labelleviededaniel.fr\/wp-content\/uploads\/2015\/09\/la-deconnexion-des-\u00e9lites-198x300.jpg\" alt=\"la deconnexion des \u00e9lites\" width=\"198\" height=\"300\" \/><\/a><\/p>\n<p>Un iPhone est plus puissant que l&rsquo;ordinateur de la fus\u00e9e Apollo en 1970.<br \/>\n35 millions de Fran\u00e7ais ont d\u00e9j\u00e0 utilis\u00e9 Leboncoin.fr pour acheter ou vendre.<br \/>\nLes fondateurs de Google, d&rsquo;Amazon, de Microsoft et de Facebook font partie des vingt-cinq plus grosses fortunes de la plan\u00e8te.<br \/>\nNos \u00ab donn\u00e9es personnelles \u00bb sont recueillies et d\u00e9cortiqu\u00e9es par des machines.<br \/>\nFacebook touche un Terrien sur cinq.<br \/>\nAujourd&rsquo;hui, un titre boursier change de mains en moyenne toutes les 25 secondes. En 2008, c&rsquo;\u00e9tait tous les deux mois.<br \/>\nCela vous inqui\u00e8te ou cela vous excite ?<br \/>\nLe fait est que cette soci\u00e9t\u00e9 est d\u00e9j\u00e0 la n\u00f4tre. Ordinateur ou smartphone en main, les citoyens s&rsquo;informent, s&rsquo;expriment, ach\u00e8tent, se financent en court-circuitant les interm\u00e9diaires classiques. Des secteurs \u00e9conomiques entiers sont bouscul\u00e9s. Cette acc\u00e9l\u00e9ration du monde laisse sur le bord de la route une \u00e9lite d\u00e9pass\u00e9e : des \u00e9narques, des intellectuels, des politiques, des chercheurs, des banquiers, des chefs d&rsquo;entreprise ne saisissent pas les nouveaux usages qui sont en train de balayer les habitudes et les normes. Internet a contrecarr\u00e9 l&rsquo;ordre \u00e9tabli. Le pouvoir change de mains.<br \/>\nQuel avenir nous r\u00e9servent ces nouveaux acteurs ? Jusqu&rsquo;o\u00f9 a-t-on le droit d&rsquo;analyser nos donn\u00e9es personnelles ? Qui pose les limites dans ce monde, o\u00f9 quelques groupes priv\u00e9s surpuissants sont d\u00e9j\u00e0 plus influents que nombre d&rsquo;\u00c9tats ? Qui pense ce monde qui vient ?<br \/>\nEnqu\u00eate pionni\u00e8re et passionnante, La D\u00e9connexion des \u00e9lites nous d\u00e9voile cette r\u00e9volution qui nous concerne tous. Et raconte un monde qui avance comme une fus\u00e9e.<\/p>\n","protected":false},"excerpt":{"rendered":"<p>Un iPhone est plus puissant que l&rsquo;ordinateur de la fus\u00e9e Apollo en 1970. 35 millions de Fran\u00e7ais ont d\u00e9j\u00e0 utilis\u00e9 Leboncoin.fr pour acheter ou vendre. Les fondateurs de Google, d&rsquo;Amazon, de Microsoft et de Facebook font partie des vingt-cinq plus grosses fortunes de la plan\u00e8te. Nos \u00ab donn\u00e9es personnelles \u00bb sont recueillies et d\u00e9cortiqu\u00e9es par &hellip; <a href=\"https:\/\/www.labelleviededaniel.fr\/?page_id=1495\" class=\"more-link\">Continuer la lecture de <span class=\"screen-reader-text\">\u00ab\u00a0La d\u00e9connexion des \u00e9lites\u00a0\u00bb,de Laure Belot, \u00e9d les Ar\u00e8nes, janvier 2015<\/span> <span class=\"meta-nav\">&rarr;<\/span><\/a><\/p>\n","protected":false},"author":1,"featured_media":0,"parent":3284,"menu_order":0,"comment_status":"closed","ping_status":"closed","template":"","meta":{"footnotes":""},"class_list":["post-1495","page","type-page","status-publish","hentry"],"_links":{"self":[{"href":"https:\/\/www.labelleviededaniel.fr\/index.php?rest_route=\/wp\/v2\/pages\/1495","targetHints":{"allow":["GET"]}}],"collection":[{"href":"https:\/\/www.labelleviededaniel.fr\/index.php?rest_route=\/wp\/v2\/pages"}],"about":[{"href":"https:\/\/www.labelleviededaniel.fr\/index.php?rest_route=\/wp\/v2\/types\/page"}],"author":[{"embeddable":true,"href":"https:\/\/www.labelleviededaniel.fr\/index.php?rest_route=\/wp\/v2\/users\/1"}],"replies":[{"embeddable":true,"href":"https:\/\/www.labelleviededaniel.fr\/index.php?rest_route=%2Fwp%2Fv2%2Fcomments&post=1495"}],"version-history":[{"count":2,"href":"https:\/\/www.labelleviededaniel.fr\/index.php?rest_route=\/wp\/v2\/pages\/1495\/revisions"}],"predecessor-version":[{"id":1510,"href":"https:\/\/www.labelleviededaniel.fr\/index.php?rest_route=\/wp\/v2\/pages\/1495\/revisions\/1510"}],"up":[{"embeddable":true,"href":"https:\/\/www.labelleviededaniel.fr\/index.php?rest_route=\/wp\/v2\/pages\/3284"}],"wp:attachment":[{"href":"https:\/\/www.labelleviededaniel.fr\/index.php?rest_route=%2Fwp%2Fv2%2Fmedia&parent=1495"}],"curies":[{"name":"wp","href":"https:\/\/api.w.org\/{rel}","templated":true}]}}