{"id":1522,"date":"2015-09-12T07:57:41","date_gmt":"2015-09-12T06:57:41","guid":{"rendered":"https:\/\/www.labelleviededaniel.fr\/?page_id=1522"},"modified":"2017-11-16T12:29:43","modified_gmt":"2017-11-16T11:29:43","slug":"bete-noire-de-eric-dupond-moretti-ed-michel-lafon-avril-2012","status":"publish","type":"page","link":"https:\/\/www.labelleviededaniel.fr\/?page_id=1522","title":{"rendered":"\u00ab\u00a0B\u00eate noire\u00a0\u00bb de Eric Dupond-Moretti, \u00e9d. Michel Lafon, avril 2012"},"content":{"rendered":"<p>la r\u00e9ponse de EDM \u00e0 BHL du 13 novembre 2017 \u00e0 propos de l&rsquo;affaire Merah apr\u00e8s l&rsquo;article de ce dernier dans la revue \u00ab\u00a0la r\u00e8gle du jeu\u00a0\u00bb<\/p>\n<p><a href=\"https:\/\/www.labelleviededaniel.fr\/wp-content\/uploads\/2017\/11\/1711lettredeDupont-Moretti-\u00e0-BHL-du-13-novembre-2017.jpg\"><img loading=\"lazy\" decoding=\"async\" class=\"alignnone size-full wp-image-5940\" src=\"https:\/\/www.labelleviededaniel.fr\/wp-content\/uploads\/2017\/11\/1711lettredeDupont-Moretti-\u00e0-BHL-du-13-novembre-2017.jpg\" alt=\"\" width=\"484\" height=\"663\" srcset=\"https:\/\/www.labelleviededaniel.fr\/wp-content\/uploads\/2017\/11\/1711lettredeDupont-Moretti-\u00e0-BHL-du-13-novembre-2017.jpg 484w, https:\/\/www.labelleviededaniel.fr\/wp-content\/uploads\/2017\/11\/1711lettredeDupont-Moretti-\u00e0-BHL-du-13-novembre-2017-219x300.jpg 219w\" sizes=\"auto, (max-width: 484px) 100vw, 484px\" \/><\/a><br \/>\nL&rsquo;article de BHL \u00e0 propos de l&rsquo;affaire Merah et d&rsquo;un des avocats de la d\u00e9fense Eric Dupont-Moretti<br \/>\n<a href=\"https:\/\/www.labelleviededaniel.fr\/wp-content\/uploads\/2017\/11\/Article-de-BHL-\u00e0-propos-de-EDM-publi\u00e9-le-13-Novembre-2017-dans-la-revue-La-R\u00e8gle-du-jeu.pdf\">Article de BHL \u00e0 propos de EDM publi\u00e9 le 13 Novembre 2017 dans la revue La R\u00e8gle du jeu<\/a><\/p>\n<p><iframe loading=\"lazy\" src=\"\/\/embedftv-a.akamaihd.net\/dff3242337ef3fc47fcdd0f9af0432e0\" width=\"544\" height=\"306\" frameborder=\"0\" scrolling=\"no\" allowfullscreen=\"allowfullscreen\"><\/iframe><br \/>\n<a href=\"http:\/\/www.francetvinfo.fr\/culture\/livres\/avec-directs-du-droit-eric-dupond-moretti-regle-ses-comptes_2050937.html\" target=\"_blank\" rel=\"noopener\">dupond-moretti<\/a><br \/>\n<iframe loading=\"lazy\" src=\"https:\/\/www.youtube.com\/embed\/RKiTU7FBMuw\" width=\"560\" height=\"315\" frameborder=\"0\" allowfullscreen=\"allowfullscreen\"><\/iframe><br \/>\n<iframe loading=\"lazy\" src=\"https:\/\/www.youtube.com\/embed\/iJP2BuNN2_k\" width=\"560\" height=\"315\" frameborder=\"0\" allowfullscreen=\"allowfullscreen\"><\/iframe><br \/>\n<iframe loading=\"lazy\" src=\"https:\/\/www.youtube.com\/embed\/RGlH0vuGlok\" width=\"560\" height=\"315\" frameborder=\"0\" allowfullscreen=\"allowfullscreen\"><\/iframe><\/p>\n<p><a href=\"https:\/\/www.labelleviededaniel.fr\/wp-content\/uploads\/2015\/09\/Bete_noire_hd.png\"><img loading=\"lazy\" decoding=\"async\" class=\"size-medium wp-image-1526 aligncenter\" src=\"https:\/\/www.labelleviededaniel.fr\/wp-content\/uploads\/2015\/09\/Bete_noire_hd-221x300.png\" alt=\"Bete_noire_hd\" width=\"221\" height=\"300\" \/><\/a><\/p>\n<p>Non, il n\u2019est pas fascin\u00e9 par le mal, mais il d\u00e9fend autant la pr\u00e9somption d\u2019innocence que le droit \u2013 pour les criminels de tout bord \u2013 \u00e0 une juste peine qui ne varie pas du simple au double d\u2019une cour d\u2019assises \u00e0 l\u2019autre.<\/p>\n<p>Non, il n\u2019est pas l\u2019ennemi des magistrats, mais il s\u2019interroge sur l\u2019absence de la notion d\u2019humanit\u00e9 dans leur serment, alors qu\u2019elle figure dans celui des avocats. Car ceux qui lui confient leur destin sont aussi des \u00eatres humains, dont la ligne de vie a parfois de quoi inspirer aux jur\u00e9s une certaine cl\u00e9mence.<\/p>\n<p>Non, il n\u2019est pas contre l\u2019\u00c9tat, mais il est souvent r\u00e9volt\u00e9 par le fonctionnement de la Justice. Comme personne ne l\u2019a fait auparavant, il raconte les petits arrangements, les influences et les pi\u00e8ges qui peuvent biaiser un verdict. \u00c0 travers les anecdotes et les souvenirs \u00e9difiants des grands proc\u00e8s d\u2019assises auxquels il a particip\u00e9, il dresse le portrait d\u2019un syst\u00e8me judiciaire implacable, au sein duquel la d\u00e9fense n\u2019est gu\u00e8re que tol\u00e9r\u00e9e, m\u00eame quand elle tente d\u00e9sesp\u00e9r\u00e9ment d\u2019\u00e9viter les erreurs judiciaires.<\/p>\n<p>\u00ab\u00a0J\u2019ai d\u00e9cid\u00e9 de devenir avocat \u00e0 quinze ans. C\u2019\u00e9tait le 28 juillet 1976 et j\u2019avais entendu \u00e0 la radio que Christian Ranucci, l\u2019homme du \u00ab\u00a0pull-over rouge\u00a0\u00bb, avait \u00e9t\u00e9 ex\u00e9cut\u00e9 \u00e0 l\u2019aube. Ce n\u2019est pas le r\u00e9cit d\u2019une vocation que je fais ici, mais d\u2019une sorte de fatalit\u00e9. Je suis condamn\u00e9 \u00e0 plaider.\u00a0\u00bb<\/p>\n<div>\n<div>\n<div>\n<div>\n<div>\n<div>\n<p>4e de couverture:<\/p>\n<p>\u00abJe suis avocat depuis 1984. Le temps d&rsquo;une affaire, j&rsquo;entre dans la vie de mon client et j&rsquo;utilise la mienne pour le d\u00e9fendre au mieux. J&rsquo;arrive dans des villes dont je ne conna\u00eetrai que le palais de justice, ma chambre d&rsquo;h\u00f4tel me sert de bureau. Quand c&rsquo;est fini, je remballe et repars pour une autre pr\u00e9fecture&#8230; Cette vie-l\u00e0, je l&rsquo;ai choisie, je l&rsquo;aime et elle me tue \u00e0 petit feu.\u00bb<\/p>\n<p>\u00c9ric Dupond-Moretti, le plus c\u00e9l\u00e8bre de nos p\u00e9nalistes, nous plonge sans m\u00e9nagement dans la dure r\u00e9alit\u00e9 de son m\u00e9tier : la peur lancinante de faillir, les plaidoiries pr\u00e9par\u00e9es \u00e0 longueur de jour et parfois de nuit, l&rsquo;interminable attente de la sentence, la tristesse de l&rsquo;apr\u00e8s-verdict o\u00f9 il retrouve son quotidien. \u00abCondamn\u00e9 \u00e0 plaider\u00bb, mais aussi \u00e0 se battre contre la violence judiciaire \u00abquand elle porte les habits endimanch\u00e9s de la vengeance\u00bb. Car la B\u00eate noire des pr\u00e9toires nous emm\u00e8ne \u00e9galement dans les coulisses interdites, parfois un monde d&rsquo;influence et d&rsquo;arrangements douteux o\u00f9 la d\u00e9fense est tout juste tol\u00e9r\u00e9e, m\u00eame quand elle tente d\u00e9sesp\u00e9r\u00e9ment d&rsquo;\u00e9viter les erreurs judiciaires. Des r\u00e9v\u00e9lations in\u00e9dites, sur un univers d\u00e9shumanis\u00e9.<\/p>\n<p>Ce livre a \u00e9t\u00e9 \u00e9crit avec St\u00e9phane Durand-Souffland, le chroniqueur judiciaire du Figaro.<\/p>\n<\/div>\n<\/div>\n<\/div>\n<\/div>\n<\/div>\n<\/div>\n","protected":false},"excerpt":{"rendered":"<p>la r\u00e9ponse de EDM \u00e0 BHL du 13 novembre 2017 \u00e0 propos de l&rsquo;affaire Merah apr\u00e8s l&rsquo;article de ce dernier dans la revue \u00ab\u00a0la r\u00e8gle du jeu\u00a0\u00bb L&rsquo;article de BHL \u00e0 propos de l&rsquo;affaire Merah et d&rsquo;un des avocats de la d\u00e9fense Eric Dupont-Moretti Article de BHL \u00e0 propos de EDM publi\u00e9 le 13 Novembre &hellip; <a href=\"https:\/\/www.labelleviededaniel.fr\/?page_id=1522\" class=\"more-link\">Continuer la lecture de <span class=\"screen-reader-text\">\u00ab\u00a0B\u00eate noire\u00a0\u00bb de Eric Dupond-Moretti, \u00e9d. Michel Lafon, avril 2012<\/span> <span class=\"meta-nav\">&rarr;<\/span><\/a><\/p>\n","protected":false},"author":1,"featured_media":0,"parent":3284,"menu_order":0,"comment_status":"closed","ping_status":"closed","template":"","meta":{"footnotes":""},"class_list":["post-1522","page","type-page","status-publish","hentry"],"_links":{"self":[{"href":"https:\/\/www.labelleviededaniel.fr\/index.php?rest_route=\/wp\/v2\/pages\/1522","targetHints":{"allow":["GET"]}}],"collection":[{"href":"https:\/\/www.labelleviededaniel.fr\/index.php?rest_route=\/wp\/v2\/pages"}],"about":[{"href":"https:\/\/www.labelleviededaniel.fr\/index.php?rest_route=\/wp\/v2\/types\/page"}],"author":[{"embeddable":true,"href":"https:\/\/www.labelleviededaniel.fr\/index.php?rest_route=\/wp\/v2\/users\/1"}],"replies":[{"embeddable":true,"href":"https:\/\/www.labelleviededaniel.fr\/index.php?rest_route=%2Fwp%2Fv2%2Fcomments&post=1522"}],"version-history":[{"count":8,"href":"https:\/\/www.labelleviededaniel.fr\/index.php?rest_route=\/wp\/v2\/pages\/1522\/revisions"}],"predecessor-version":[{"id":5943,"href":"https:\/\/www.labelleviededaniel.fr\/index.php?rest_route=\/wp\/v2\/pages\/1522\/revisions\/5943"}],"up":[{"embeddable":true,"href":"https:\/\/www.labelleviededaniel.fr\/index.php?rest_route=\/wp\/v2\/pages\/3284"}],"wp:attachment":[{"href":"https:\/\/www.labelleviededaniel.fr\/index.php?rest_route=%2Fwp%2Fv2%2Fmedia&parent=1522"}],"curies":[{"name":"wp","href":"https:\/\/api.w.org\/{rel}","templated":true}]}}