{"id":1585,"date":"2015-10-02T07:54:04","date_gmt":"2015-10-02T06:54:04","guid":{"rendered":"https:\/\/www.labelleviededaniel.fr\/?page_id=1585"},"modified":"2020-08-03T17:56:13","modified_gmt":"2020-08-03T16:56:13","slug":"les-associations-medico-sociales","status":"publish","type":"page","link":"https:\/\/www.labelleviededaniel.fr\/?page_id=1585","title":{"rendered":"les associations m\u00e9dico-sociales"},"content":{"rendered":"<p>Le secteur m\u00e9dico-social : g\u00e9n\u00e9ralit\u00e9s: <a href=\"https:\/\/www.labelleviededaniel.fr\/wp-content\/uploads\/2015\/10\/1606guide-secteur-ms-web.pdf\">1606guide-secteur-ms-web<\/a><\/p>\n<p><a href=\"http:\/\/www.ors-idf.org\/index.php\">l&rsquo;Observatoire r\u00e9gionale de sant\u00e9 Ile-de-France<\/a><br \/>\n<a href=\"https:\/\/www.yvelines.fr\/solidarite\/personnes-handicapees\/vos-interlocuteurs\/mdph\/\">La MDPH &#8211; Maison D\u00e9partementale des Personnes Handicap\u00e9es<\/a><\/p>\n<p>liste\u00a0 des\u00a0 associations\u00a0 avec lesquelles nous avons travaill\u00e9\/nous travaillons\u00a0 depuis la naissance\u00a0 de notre Lions Club en 2013:<\/p>\n<p>Sur le th\u00e8me de l&rsquo;autisme :<br \/>\n<a href=\"https:\/\/www.autisme-en-idf.org\/\">l&rsquo;association Autisme en ile de France <\/a><br \/>\n<a href=\"http:\/\/www.centrebulledair.com\/\">le centre de loisirs Bulle d&rsquo;Air<\/a><br \/>\n<a href=\"http:\/\/www.agir-vivre-autisme.org\">http:\/\/www.agir-vivre-autisme.org<\/a><\/p>\n<p>Sur\u00a0 le handicap mental:<br \/>\nSur le th\u00e8me des Mineurs Isol\u00e9s \u00e9trangers \/\u00a0 des migrants<br \/>\nle lien Yvelinois : pas de site web<br \/>\nSur le cancer des enfants:<br \/>\n<a href=\"http:\/\/imagineformargo.org\/\">Imagine for Margo<\/a><br \/>\nSur les malformations cardiaques des enfants:<br \/>\n<a href=\"http:\/\/www.mecenat-cardiaque.org\/\">M\u00e9c\u00e9nat Chirurgie Cardiaque<\/a><\/p>\n","protected":false},"excerpt":{"rendered":"<p>Le secteur m\u00e9dico-social : g\u00e9n\u00e9ralit\u00e9s: 1606guide-secteur-ms-web l&rsquo;Observatoire r\u00e9gionale de sant\u00e9 Ile-de-France La MDPH &#8211; Maison D\u00e9partementale des Personnes Handicap\u00e9es liste\u00a0 des\u00a0 associations\u00a0 avec lesquelles nous avons travaill\u00e9\/nous travaillons\u00a0 depuis la naissance\u00a0 de notre Lions Club en 2013: Sur le th\u00e8me de l&rsquo;autisme : l&rsquo;association Autisme en ile de France le centre de loisirs Bulle d&rsquo;Air &hellip; <a href=\"https:\/\/www.labelleviededaniel.fr\/?page_id=1585\" class=\"more-link\">Continuer la lecture de <span class=\"screen-reader-text\">les associations m\u00e9dico-sociales<\/span> <span class=\"meta-nav\">&rarr;<\/span><\/a><\/p>\n","protected":false},"author":1,"featured_media":0,"parent":1263,"menu_order":0,"comment_status":"closed","ping_status":"closed","template":"","meta":{"footnotes":""},"class_list":["post-1585","page","type-page","status-publish","hentry"],"_links":{"self":[{"href":"https:\/\/www.labelleviededaniel.fr\/index.php?rest_route=\/wp\/v2\/pages\/1585","targetHints":{"allow":["GET"]}}],"collection":[{"href":"https:\/\/www.labelleviededaniel.fr\/index.php?rest_route=\/wp\/v2\/pages"}],"about":[{"href":"https:\/\/www.labelleviededaniel.fr\/index.php?rest_route=\/wp\/v2\/types\/page"}],"author":[{"embeddable":true,"href":"https:\/\/www.labelleviededaniel.fr\/index.php?rest_route=\/wp\/v2\/users\/1"}],"replies":[{"embeddable":true,"href":"https:\/\/www.labelleviededaniel.fr\/index.php?rest_route=%2Fwp%2Fv2%2Fcomments&post=1585"}],"version-history":[{"count":12,"href":"https:\/\/www.labelleviededaniel.fr\/index.php?rest_route=\/wp\/v2\/pages\/1585\/revisions"}],"predecessor-version":[{"id":8542,"href":"https:\/\/www.labelleviededaniel.fr\/index.php?rest_route=\/wp\/v2\/pages\/1585\/revisions\/8542"}],"up":[{"embeddable":true,"href":"https:\/\/www.labelleviededaniel.fr\/index.php?rest_route=\/wp\/v2\/pages\/1263"}],"wp:attachment":[{"href":"https:\/\/www.labelleviededaniel.fr\/index.php?rest_route=%2Fwp%2Fv2%2Fmedia&parent=1585"}],"curies":[{"name":"wp","href":"https:\/\/api.w.org\/{rel}","templated":true}]}}