{"id":1599,"date":"2015-10-10T13:44:37","date_gmt":"2015-10-10T12:44:37","guid":{"rendered":"https:\/\/www.labelleviededaniel.fr\/?page_id=1599"},"modified":"2016-12-05T17:17:30","modified_gmt":"2016-12-05T16:17:30","slug":"biographie-notes","status":"publish","type":"page","link":"https:\/\/www.labelleviededaniel.fr\/?page_id=1599","title":{"rendered":"Biographie- notes"},"content":{"rendered":"<p>L&rsquo; enfance \u00e0 Saint Vaast Dieppedalle chez Bertheline, Andr\u00e9 et Nelly ( Juillet 1956-ao\u00fbt 1958)<\/p>\n<div id='gallery-1' class='gallery galleryid-1599 gallery-columns-6 gallery-size-thumbnail'><figure class='gallery-item'>\n\t\t\t<div class='gallery-icon portrait'>\n\t\t\t\t<a href='https:\/\/www.labelleviededaniel.fr\/?attachment_id=4585'><img loading=\"lazy\" decoding=\"async\" width=\"150\" height=\"150\" src=\"https:\/\/www.labelleviededaniel.fr\/wp-content\/uploads\/2015\/10\/WP_20161123_001-150x150.jpg\" class=\"attachment-thumbnail size-thumbnail\" alt=\"\" aria-describedby=\"gallery-1-4585\" \/><\/a>\n\t\t\t<\/div>\n\t\t\t\t<figcaption class='wp-caption-text gallery-caption' id='gallery-1-4585'>\n\t\t\t\tLes petits verres  de St Vaast\n\t\t\t\t<\/figcaption><\/figure><figure class='gallery-item'>\n\t\t\t<div class='gallery-icon portrait'>\n\t\t\t\t<a href='https:\/\/www.labelleviededaniel.fr\/?attachment_id=4586'><img loading=\"lazy\" decoding=\"async\" width=\"150\" height=\"150\" src=\"https:\/\/www.labelleviededaniel.fr\/wp-content\/uploads\/2015\/10\/WP_20161123_002-150x150.jpg\" class=\"attachment-thumbnail size-thumbnail\" alt=\"\" \/><\/a>\n\t\t\t<\/div><\/figure><figure class='gallery-item'>\n\t\t\t<div class='gallery-icon landscape'>\n\t\t\t\t<a href='https:\/\/www.labelleviededaniel.fr\/?attachment_id=4587'><img loading=\"lazy\" decoding=\"async\" width=\"150\" height=\"150\" src=\"https:\/\/www.labelleviededaniel.fr\/wp-content\/uploads\/2015\/10\/WP_20161123_003-150x150.jpg\" class=\"attachment-thumbnail size-thumbnail\" alt=\"\" aria-describedby=\"gallery-1-4587\" \/><\/a>\n\t\t\t<\/div>\n\t\t\t\t<figcaption class='wp-caption-text gallery-caption' id='gallery-1-4587'>\n\t\t\t\tVerres et napperon\n\t\t\t\t<\/figcaption><\/figure><figure class='gallery-item'>\n\t\t\t<div class='gallery-icon landscape'>\n\t\t\t\t<a href='https:\/\/www.labelleviededaniel.fr\/?attachment_id=4588'><img loading=\"lazy\" decoding=\"async\" width=\"150\" height=\"150\" src=\"https:\/\/www.labelleviededaniel.fr\/wp-content\/uploads\/2015\/10\/WP_20161205_003-150x150.jpg\" class=\"attachment-thumbnail size-thumbnail\" alt=\"\" aria-describedby=\"gallery-1-4588\" \/><\/a>\n\t\t\t<\/div>\n\t\t\t\t<figcaption class='wp-caption-text gallery-caption' id='gallery-1-4588'>\n\t\t\t\tCabanes \u00e0 Lapins\n\t\t\t\t<\/figcaption><\/figure><figure class='gallery-item'>\n\t\t\t<div class='gallery-icon portrait'>\n\t\t\t\t<a href='https:\/\/www.labelleviededaniel.fr\/?attachment_id=4589'><img loading=\"lazy\" decoding=\"async\" width=\"150\" height=\"150\" src=\"https:\/\/www.labelleviededaniel.fr\/wp-content\/uploads\/2015\/10\/WP_20161205_004-150x150.jpg\" class=\"attachment-thumbnail size-thumbnail\" alt=\"\" \/><\/a>\n\t\t\t<\/div><\/figure><figure class='gallery-item'>\n\t\t\t<div class='gallery-icon portrait'>\n\t\t\t\t<a href='https:\/\/www.labelleviededaniel.fr\/?attachment_id=4590'><img loading=\"lazy\" decoding=\"async\" width=\"150\" height=\"150\" src=\"https:\/\/www.labelleviededaniel.fr\/wp-content\/uploads\/2015\/10\/WP_20161205_005-150x150.jpg\" class=\"attachment-thumbnail size-thumbnail\" alt=\"\" \/><\/a>\n\t\t\t<\/div><\/figure><figure class='gallery-item'>\n\t\t\t<div class='gallery-icon landscape'>\n\t\t\t\t<a href='https:\/\/www.labelleviededaniel.fr\/?attachment_id=4591'><img loading=\"lazy\" decoding=\"async\" width=\"150\" height=\"150\" src=\"https:\/\/www.labelleviededaniel.fr\/wp-content\/uploads\/2015\/10\/WP_20161205_006-150x150.jpg\" class=\"attachment-thumbnail size-thumbnail\" alt=\"\" \/><\/a>\n\t\t\t<\/div><\/figure><figure class='gallery-item'>\n\t\t\t<div class='gallery-icon portrait'>\n\t\t\t\t<a href='https:\/\/www.labelleviededaniel.fr\/?attachment_id=4592'><img loading=\"lazy\" decoding=\"async\" width=\"150\" height=\"150\" src=\"https:\/\/www.labelleviededaniel.fr\/wp-content\/uploads\/2015\/10\/WP_20161205_007-150x150.jpg\" class=\"attachment-thumbnail size-thumbnail\" alt=\"\" \/><\/a>\n\t\t\t<\/div><\/figure><figure class='gallery-item'>\n\t\t\t<div class='gallery-icon landscape'>\n\t\t\t\t<a href='https:\/\/www.labelleviededaniel.fr\/?attachment_id=4593'><img loading=\"lazy\" decoding=\"async\" width=\"150\" height=\"150\" src=\"https:\/\/www.labelleviededaniel.fr\/wp-content\/uploads\/2015\/10\/WP_20161205_008-150x150.jpg\" class=\"attachment-thumbnail size-thumbnail\" alt=\"\" aria-describedby=\"gallery-1-4593\" \/><\/a>\n\t\t\t<\/div>\n\t\t\t\t<figcaption class='wp-caption-text gallery-caption' id='gallery-1-4593'>\n\t\t\t\tles animaux de la ferme\n\t\t\t\t<\/figcaption><\/figure><figure class='gallery-item'>\n\t\t\t<div class='gallery-icon landscape'>\n\t\t\t\t<a href='https:\/\/www.labelleviededaniel.fr\/?attachment_id=4594'><img loading=\"lazy\" decoding=\"async\" width=\"150\" height=\"150\" src=\"https:\/\/www.labelleviededaniel.fr\/wp-content\/uploads\/2015\/10\/WP_20161205_009-150x150.jpg\" class=\"attachment-thumbnail size-thumbnail\" alt=\"\" \/><\/a>\n\t\t\t<\/div><\/figure><figure class='gallery-item'>\n\t\t\t<div class='gallery-icon portrait'>\n\t\t\t\t<a href='https:\/\/www.labelleviededaniel.fr\/?attachment_id=4595'><img loading=\"lazy\" decoding=\"async\" width=\"150\" height=\"150\" src=\"https:\/\/www.labelleviededaniel.fr\/wp-content\/uploads\/2015\/10\/WP_20161205_010-150x150.jpg\" class=\"attachment-thumbnail size-thumbnail\" alt=\"\" \/><\/a>\n\t\t\t<\/div><\/figure>\n\t\t<\/div>\n\n<p><a href=\"http:\/\/tempsreel.nouvelobs.com\/le-dossier-de-l-obs\/20130125.OBS6760\/quand-hollande-etait-bidasse.html\" target=\"_blank\">le 71e r\u00e9giment du g\u00e9nie et Fran\u00e7ois Hollande<\/a><\/p>\n","protected":false},"excerpt":{"rendered":"<p>L&rsquo; enfance \u00e0 Saint Vaast Dieppedalle chez Bertheline, Andr\u00e9 et Nelly ( Juillet 1956-ao\u00fbt 1958) le 71e r\u00e9giment du g\u00e9nie et Fran\u00e7ois Hollande<\/p>\n","protected":false},"author":1,"featured_media":0,"parent":0,"menu_order":0,"comment_status":"closed","ping_status":"closed","template":"","meta":{"footnotes":""},"class_list":["post-1599","page","type-page","status-publish","hentry"],"_links":{"self":[{"href":"https:\/\/www.labelleviededaniel.fr\/index.php?rest_route=\/wp\/v2\/pages\/1599","targetHints":{"allow":["GET"]}}],"collection":[{"href":"https:\/\/www.labelleviededaniel.fr\/index.php?rest_route=\/wp\/v2\/pages"}],"about":[{"href":"https:\/\/www.labelleviededaniel.fr\/index.php?rest_route=\/wp\/v2\/types\/page"}],"author":[{"embeddable":true,"href":"https:\/\/www.labelleviededaniel.fr\/index.php?rest_route=\/wp\/v2\/users\/1"}],"replies":[{"embeddable":true,"href":"https:\/\/www.labelleviededaniel.fr\/index.php?rest_route=%2Fwp%2Fv2%2Fcomments&post=1599"}],"version-history":[{"count":4,"href":"https:\/\/www.labelleviededaniel.fr\/index.php?rest_route=\/wp\/v2\/pages\/1599\/revisions"}],"predecessor-version":[{"id":4597,"href":"https:\/\/www.labelleviededaniel.fr\/index.php?rest_route=\/wp\/v2\/pages\/1599\/revisions\/4597"}],"wp:attachment":[{"href":"https:\/\/www.labelleviededaniel.fr\/index.php?rest_route=%2Fwp%2Fv2%2Fmedia&parent=1599"}],"curies":[{"name":"wp","href":"https:\/\/api.w.org\/{rel}","templated":true}]}}