{"id":1651,"date":"2015-10-13T17:42:07","date_gmt":"2015-10-13T16:42:07","guid":{"rendered":"https:\/\/www.labelleviededaniel.fr\/?page_id=1651"},"modified":"2023-05-18T15:07:21","modified_gmt":"2023-05-18T14:07:21","slug":"avenir-apei-carrieres-sur-seine","status":"publish","type":"page","link":"https:\/\/www.labelleviededaniel.fr\/?page_id=1651","title":{"rendered":"AVENIR APEI , Carri\u00e8res-sur-Seine"},"content":{"rendered":"<p>L&rsquo;IME la Roseraie de Carri\u00e8res-sur-Seine &#8211; pr\u00e9sentation<br \/>\n<iframe loading=\"lazy\" src=\"https:\/\/www.youtube.com\/embed\/baB3zxqKGW8\" width=\"560\" height=\"315\" frameborder=\"0\" allowfullscreen=\"allowfullscreen\"><\/iframe><\/p>\n<p>l&rsquo;ESAT les N\u00e9fliers de Fourqueux (78)<br \/>\n<iframe loading=\"lazy\" src=\"https:\/\/www.youtube.com\/embed\/KPPtidENj5Q\" width=\"560\" height=\"315\" frameborder=\"0\" allowfullscreen=\"allowfullscreen\"><\/iframe><br \/>\n<a href=\"https:\/\/www.labelleviededaniel.fr\/wp-content\/uploads\/2015\/10\/ARTICLE-on-our-Daniele.pdf\">Article sur Dani\u00e8le Ruff paru dans le magazine de la paroisse de FOURQUEUX<\/a><\/p>\n<p>D\u00e9finition selon la soci\u00e9t\u00e9 fran\u00e7aise d&rsquo;\u00e9quith\u00e9rapie :<\/p>\n<p>L\u2019\u00e9quith\u00e9rapie est un soin psychique fond\u00e9 sur la pr\u00e9sence du cheval comme m\u00e9diateur th\u00e9rapeutique et dispens\u00e9 \u00e0 une personne dans ses dimensions psychique et corporelle.<\/p>\n<p>\u00ab\u00a0Le cheval est un bon ma\u00eetre, non seulement pour le corps mais aussi pour l&rsquo;esprit et pour le coeur\u00a0\u00bb X\u00e9nophon V\u00e8me si\u00e8cle apr\u00e8s J-C.<\/p>\n<p>Vid\u00e9o de Avenir APEI projet\u00e9 le jour de la soir\u00e9e de gala le 15 novembre 2015.<br \/>\n<iframe loading=\"lazy\" src=\"https:\/\/www.youtube.com\/embed\/MpXl3TCSVvc\" width=\"560\" height=\"315\" frameborder=\"0\" allowfullscreen=\"allowfullscreen\"><\/iframe><\/p>\n<p>Vid\u00e9o sur l&rsquo; \u00e9quith\u00e9rapie pour les autistes<\/p>\n<p><iframe loading=\"lazy\" src=\"https:\/\/www.youtube.com\/embed\/2wPhHS_JD6s\" width=\"560\" height=\"315\" frameborder=\"0\" allowfullscreen=\"allowfullscreen\"><\/iframe><\/p>\n<p>film sur l&rsquo; \u00e9quith\u00e9rapie<br \/>\n<iframe loading=\"lazy\" src=\"https:\/\/www.youtube.com\/embed\/y2apEwZlRHY\" width=\"560\" height=\"315\" frameborder=\"0\" allowfullscreen=\"allowfullscreen\"><\/iframe><\/p>\n<p><a href=\"http:\/\/www.ifequitherapie.fr\/\">l&rsquo;institut de formation en \u00e9quith\u00e9rapie<\/a><\/p>\n<p><a href=\"http:\/\/sfequitherapie.free.fr\/\">site web de la soci\u00e9t\u00e9 fran\u00e7aise d&rsquo;Equith\u00e9rapie<\/a><\/p>\n<p>le projet d&rsquo;utilisation des fonds r\u00e9colt\u00e9s \u00e0 l&rsquo;occasion du gala de charit\u00e9 007 SPECTRE du 15 novembre 2015:<br \/>\n<a href=\"https:\/\/www.labelleviededaniel.fr\/wp-content\/uploads\/2016\/02\/Projet-\u00e9quith\u00e9rapie-2.pdf\" rel=\"\">Projet-\u00e9quith\u00e9rapie-2<\/a><\/p>\n<p>C\u00e9r\u00e9monie de remise du ch\u00e8que \u00e0 l&rsquo;IME La Roseraie, le 28 janvier 2016 avec le Lions Club de Maisons-Laffite &#8211; le Mesnil-le-Roi et le Snippet<\/p>\n<p>Article de Catherine Kerdelo \u00e0 la suite de la c\u00e9r\u00e9monie de remise de ch\u00e8que.<\/p>\n<p><a href=\"https:\/\/www.labelleviededaniel.fr\/wp-content\/uploads\/2016\/02\/article-f\u00e9vrier-2016.pdf\" rel=\"\">article f\u00e9vrier 2016<\/a><\/p>\n<p>&nbsp;<\/p>\n<p><a href=\"https:\/\/www.labelleviededaniel.fr\/wp-content\/uploads\/2016\/02\/WP_20160128_009.jpg\" rel=\"attachment wp-att-2472\"><img loading=\"lazy\" decoding=\"async\" class=\"size-medium wp-image-2472 aligncenter\" src=\"https:\/\/www.labelleviededaniel.fr\/wp-content\/uploads\/2016\/02\/WP_20160128_009-300x169.jpg\" alt=\"WP_20160128_009\" width=\"300\" height=\"169\" \/><\/a> <a href=\"https:\/\/www.labelleviededaniel.fr\/wp-content\/uploads\/2016\/02\/WP_20160128_007.jpg\" rel=\"attachment wp-att-2470\"><img loading=\"lazy\" decoding=\"async\" class=\"size-medium wp-image-2470 aligncenter\" src=\"https:\/\/www.labelleviededaniel.fr\/wp-content\/uploads\/2016\/02\/WP_20160128_007-300x169.jpg\" alt=\"WP_20160128_007\" width=\"300\" height=\"169\" \/><\/a> <a href=\"https:\/\/www.labelleviededaniel.fr\/wp-content\/uploads\/2016\/02\/WP_20160128_003.jpg\" rel=\"attachment wp-att-2468\"><img loading=\"lazy\" decoding=\"async\" class=\"size-medium wp-image-2468 aligncenter\" src=\"https:\/\/www.labelleviededaniel.fr\/wp-content\/uploads\/2016\/02\/WP_20160128_003-300x169.jpg\" alt=\"WP_20160128_003\" width=\"300\" height=\"169\" \/><\/a> <a href=\"https:\/\/www.labelleviededaniel.fr\/wp-content\/uploads\/2016\/02\/WP_20160128_001.jpg\" rel=\"attachment wp-att-2466\"><img loading=\"lazy\" decoding=\"async\" class=\"size-medium wp-image-2466 aligncenter\" src=\"https:\/\/www.labelleviededaniel.fr\/wp-content\/uploads\/2016\/02\/WP_20160128_001-300x169.jpg\" alt=\"WP_20160128_001\" width=\"300\" height=\"169\" \/><\/a>Article paru en avril 2016 dans la newsletter\u00a0 Avenir-Echos N\u00b054 :<br \/>\n<a href=\"https:\/\/www.labelleviededaniel.fr\/wp-content\/uploads\/2016\/04\/1604articleon-AvenirApei-echos.pdf\">1604articleon AvenirApei-echos<\/a><\/p>\n","protected":false},"excerpt":{"rendered":"<p>L&rsquo;IME la Roseraie de Carri\u00e8res-sur-Seine &#8211; pr\u00e9sentation l&rsquo;ESAT les N\u00e9fliers de Fourqueux (78) Article sur Dani\u00e8le Ruff paru dans le magazine de la paroisse de FOURQUEUX D\u00e9finition selon la soci\u00e9t\u00e9 fran\u00e7aise d&rsquo;\u00e9quith\u00e9rapie : L\u2019\u00e9quith\u00e9rapie est un soin psychique fond\u00e9 sur la pr\u00e9sence du cheval comme m\u00e9diateur th\u00e9rapeutique et dispens\u00e9 \u00e0 une personne dans ses dimensions &hellip; <a href=\"https:\/\/www.labelleviededaniel.fr\/?page_id=1651\" class=\"more-link\">Continuer la lecture de <span class=\"screen-reader-text\">AVENIR APEI , Carri\u00e8res-sur-Seine<\/span> <span class=\"meta-nav\">&rarr;<\/span><\/a><\/p>\n","protected":false},"author":1,"featured_media":0,"parent":1585,"menu_order":0,"comment_status":"closed","ping_status":"closed","template":"","meta":{"footnotes":""},"class_list":["post-1651","page","type-page","status-publish","hentry"],"_links":{"self":[{"href":"https:\/\/www.labelleviededaniel.fr\/index.php?rest_route=\/wp\/v2\/pages\/1651","targetHints":{"allow":["GET"]}}],"collection":[{"href":"https:\/\/www.labelleviededaniel.fr\/index.php?rest_route=\/wp\/v2\/pages"}],"about":[{"href":"https:\/\/www.labelleviededaniel.fr\/index.php?rest_route=\/wp\/v2\/types\/page"}],"author":[{"embeddable":true,"href":"https:\/\/www.labelleviededaniel.fr\/index.php?rest_route=\/wp\/v2\/users\/1"}],"replies":[{"embeddable":true,"href":"https:\/\/www.labelleviededaniel.fr\/index.php?rest_route=%2Fwp%2Fv2%2Fcomments&post=1651"}],"version-history":[{"count":27,"href":"https:\/\/www.labelleviededaniel.fr\/index.php?rest_route=\/wp\/v2\/pages\/1651\/revisions"}],"predecessor-version":[{"id":10766,"href":"https:\/\/www.labelleviededaniel.fr\/index.php?rest_route=\/wp\/v2\/pages\/1651\/revisions\/10766"}],"up":[{"embeddable":true,"href":"https:\/\/www.labelleviededaniel.fr\/index.php?rest_route=\/wp\/v2\/pages\/1585"}],"wp:attachment":[{"href":"https:\/\/www.labelleviededaniel.fr\/index.php?rest_route=%2Fwp%2Fv2%2Fmedia&parent=1651"}],"curies":[{"name":"wp","href":"https:\/\/api.w.org\/{rel}","templated":true}]}}