{"id":1656,"date":"2015-10-13T17:48:00","date_gmt":"2015-10-13T16:48:00","guid":{"rendered":"https:\/\/www.labelleviededaniel.fr\/?page_id=1656"},"modified":"2020-08-03T17:53:58","modified_gmt":"2020-08-03T16:53:58","slug":"bulle-dair-centre-de-loisirs-de-croissy-sur-seine78","status":"publish","type":"page","link":"https:\/\/www.labelleviededaniel.fr\/?page_id=1656","title":{"rendered":"Bulle d&rsquo;Air, centre de loisirs de Croissy-sur-Seine(78)"},"content":{"rendered":"<p>le 31 Mai 2018, rapport d&rsquo;\u00e9tape de Priscilla Werba \u00e0 la fondation Bettencourt Schueller \u00e0 Neuilly(92) apr\u00e8s le lancement de son site web deux minutes pour mieux vivre l&rsquo;autisme :<br \/>\n<a href=\"https:\/\/www.fondationbs.org\/\">La fondation Bettencourt Schueller<\/a><br \/>\n<a href=\"https:\/\/deux-minutes-pour.org\/\">Le site web de Priscilla deux minutes pour mieux vivre l&rsquo;Autisme<\/a><\/p>\n<div id='gallery-1' class='gallery galleryid-1656 gallery-columns-2 gallery-size-medium'><figure class='gallery-item'>\n\t\t\t<div class='gallery-icon landscape'>\n\t\t\t\t<a href='https:\/\/www.labelleviededaniel.fr\/?attachment_id=6988'><img loading=\"lazy\" decoding=\"async\" width=\"300\" height=\"169\" src=\"https:\/\/www.labelleviededaniel.fr\/wp-content\/uploads\/2018\/06\/IMG_4007-300x169.jpg\" class=\"attachment-medium size-medium\" alt=\"\" aria-describedby=\"gallery-1-6988\" srcset=\"https:\/\/www.labelleviededaniel.fr\/wp-content\/uploads\/2018\/06\/IMG_4007-300x169.jpg 300w, https:\/\/www.labelleviededaniel.fr\/wp-content\/uploads\/2018\/06\/IMG_4007-768x432.jpg 768w, https:\/\/www.labelleviededaniel.fr\/wp-content\/uploads\/2018\/06\/IMG_4007-700x394.jpg 700w, https:\/\/www.labelleviededaniel.fr\/wp-content\/uploads\/2018\/06\/IMG_4007.jpg 1000w\" sizes=\"auto, (max-width: 300px) 100vw, 300px\" \/><\/a>\n\t\t\t<\/div>\n\t\t\t\t<figcaption class='wp-caption-text gallery-caption' id='gallery-1-6988'>\n\t\t\t\tLe 31 Mai 2018 \u00e0 la Fondation Bettencourt Schueller\n\t\t\t\t<\/figcaption><\/figure><figure class='gallery-item'>\n\t\t\t<div class='gallery-icon landscape'>\n\t\t\t\t<a href='https:\/\/www.labelleviededaniel.fr\/?attachment_id=6989'><img loading=\"lazy\" decoding=\"async\" width=\"300\" height=\"169\" src=\"https:\/\/www.labelleviededaniel.fr\/wp-content\/uploads\/2018\/06\/IMG_4009-300x169.jpg\" class=\"attachment-medium size-medium\" alt=\"\" srcset=\"https:\/\/www.labelleviededaniel.fr\/wp-content\/uploads\/2018\/06\/IMG_4009-300x169.jpg 300w, https:\/\/www.labelleviededaniel.fr\/wp-content\/uploads\/2018\/06\/IMG_4009-768x432.jpg 768w, https:\/\/www.labelleviededaniel.fr\/wp-content\/uploads\/2018\/06\/IMG_4009-700x394.jpg 700w, https:\/\/www.labelleviededaniel.fr\/wp-content\/uploads\/2018\/06\/IMG_4009.jpg 1000w\" sizes=\"auto, (max-width: 300px) 100vw, 300px\" \/><\/a>\n\t\t\t<\/div><\/figure><figure class='gallery-item'>\n\t\t\t<div class='gallery-icon landscape'>\n\t\t\t\t<a href='https:\/\/www.labelleviededaniel.fr\/?attachment_id=6990'><img loading=\"lazy\" decoding=\"async\" width=\"300\" height=\"169\" src=\"https:\/\/www.labelleviededaniel.fr\/wp-content\/uploads\/2018\/06\/IMG_4010-300x169.jpg\" class=\"attachment-medium size-medium\" alt=\"\" srcset=\"https:\/\/www.labelleviededaniel.fr\/wp-content\/uploads\/2018\/06\/IMG_4010-300x169.jpg 300w, https:\/\/www.labelleviededaniel.fr\/wp-content\/uploads\/2018\/06\/IMG_4010-768x432.jpg 768w, https:\/\/www.labelleviededaniel.fr\/wp-content\/uploads\/2018\/06\/IMG_4010-700x394.jpg 700w, https:\/\/www.labelleviededaniel.fr\/wp-content\/uploads\/2018\/06\/IMG_4010.jpg 1000w\" sizes=\"auto, (max-width: 300px) 100vw, 300px\" \/><\/a>\n\t\t\t<\/div><\/figure><figure class='gallery-item'>\n\t\t\t<div class='gallery-icon landscape'>\n\t\t\t\t<a href='https:\/\/www.labelleviededaniel.fr\/?attachment_id=6991'><img loading=\"lazy\" decoding=\"async\" width=\"300\" height=\"169\" src=\"https:\/\/www.labelleviededaniel.fr\/wp-content\/uploads\/2018\/06\/IMG_4011-300x169.jpg\" class=\"attachment-medium size-medium\" alt=\"\" aria-describedby=\"gallery-1-6991\" srcset=\"https:\/\/www.labelleviededaniel.fr\/wp-content\/uploads\/2018\/06\/IMG_4011-300x169.jpg 300w, https:\/\/www.labelleviededaniel.fr\/wp-content\/uploads\/2018\/06\/IMG_4011-768x432.jpg 768w, https:\/\/www.labelleviededaniel.fr\/wp-content\/uploads\/2018\/06\/IMG_4011-700x394.jpg 700w, https:\/\/www.labelleviededaniel.fr\/wp-content\/uploads\/2018\/06\/IMG_4011.jpg 1000w\" sizes=\"auto, (max-width: 300px) 100vw, 300px\" \/><\/a>\n\t\t\t<\/div>\n\t\t\t\t<figcaption class='wp-caption-text gallery-caption' id='gallery-1-6991'>\n\t\t\t\tAvec le Premier  Ministre Edouard Philippe pour le salon International de l&rsquo;autisme\n\t\t\t\t<\/figcaption><\/figure>\n\t\t<\/div>\n\n<p>Vid\u00e9o sur la m\u00e9thode DENVER<br \/>\n<iframe loading=\"lazy\" src=\"https:\/\/www.youtube.com\/embed\/5m_cJQQVieU\" width=\"420\" height=\"315\" frameborder=\"0\" allowfullscreen=\"allowfullscreen\"><\/iframe><\/p>\n<p><strong>Articles sur Bulle d&rsquo;Air et sa communication :<br \/>\n<\/strong>le projet de cr\u00e9ation de petits films vid\u00e9o pour expliquer l&rsquo;autisme aux parents et aidants, financ\u00e9 en partie par le LCYH (\u00a0 f\u00e9vrier 2018).<br \/>\n<a href=\"https:\/\/deux-minutes-pour.org\/\">Deux minutes pour mieux vivre l&rsquo;autisme<\/a><\/p>\n","protected":false},"excerpt":{"rendered":"<p>le 31 Mai 2018, rapport d&rsquo;\u00e9tape de Priscilla Werba \u00e0 la fondation Bettencourt Schueller \u00e0 Neuilly(92) apr\u00e8s le lancement de son site web deux minutes pour mieux vivre l&rsquo;autisme : La fondation Bettencourt Schueller Le site web de Priscilla deux minutes pour mieux vivre l&rsquo;Autisme Vid\u00e9o sur la m\u00e9thode DENVER Articles sur Bulle d&rsquo;Air et &hellip; <a href=\"https:\/\/www.labelleviededaniel.fr\/?page_id=1656\" class=\"more-link\">Continuer la lecture de <span class=\"screen-reader-text\">Bulle d&rsquo;Air, centre de loisirs de Croissy-sur-Seine(78)<\/span> <span class=\"meta-nav\">&rarr;<\/span><\/a><\/p>\n","protected":false},"author":1,"featured_media":0,"parent":1585,"menu_order":0,"comment_status":"closed","ping_status":"closed","template":"","meta":{"footnotes":""},"class_list":["post-1656","page","type-page","status-publish","hentry"],"_links":{"self":[{"href":"https:\/\/www.labelleviededaniel.fr\/index.php?rest_route=\/wp\/v2\/pages\/1656","targetHints":{"allow":["GET"]}}],"collection":[{"href":"https:\/\/www.labelleviededaniel.fr\/index.php?rest_route=\/wp\/v2\/pages"}],"about":[{"href":"https:\/\/www.labelleviededaniel.fr\/index.php?rest_route=\/wp\/v2\/types\/page"}],"author":[{"embeddable":true,"href":"https:\/\/www.labelleviededaniel.fr\/index.php?rest_route=\/wp\/v2\/users\/1"}],"replies":[{"embeddable":true,"href":"https:\/\/www.labelleviededaniel.fr\/index.php?rest_route=%2Fwp%2Fv2%2Fcomments&post=1656"}],"version-history":[{"count":14,"href":"https:\/\/www.labelleviededaniel.fr\/index.php?rest_route=\/wp\/v2\/pages\/1656\/revisions"}],"predecessor-version":[{"id":8541,"href":"https:\/\/www.labelleviededaniel.fr\/index.php?rest_route=\/wp\/v2\/pages\/1656\/revisions\/8541"}],"up":[{"embeddable":true,"href":"https:\/\/www.labelleviededaniel.fr\/index.php?rest_route=\/wp\/v2\/pages\/1585"}],"wp:attachment":[{"href":"https:\/\/www.labelleviededaniel.fr\/index.php?rest_route=%2Fwp%2Fv2%2Fmedia&parent=1656"}],"curies":[{"name":"wp","href":"https:\/\/api.w.org\/{rel}","templated":true}]}}