{"id":1664,"date":"2015-10-13T17:51:21","date_gmt":"2015-10-13T16:51:21","guid":{"rendered":"https:\/\/www.labelleviededaniel.fr\/?page_id=1664"},"modified":"2017-05-16T14:38:21","modified_gmt":"2017-05-16T13:38:21","slug":"imagine-for-margo","status":"publish","type":"page","link":"https:\/\/www.labelleviededaniel.fr\/?page_id=1664","title":{"rendered":"Imagine for Margo"},"content":{"rendered":"<p><a href=\"http:\/\/imagineformargo.org\/\">le site web de imagine for Margo<\/a><br \/>\nInterview de Patricia Blanc sur Yvelines Premi\u00e8re le lundi 7 mars 2016.<br \/>\n<iframe loading=\"lazy\" src=\"https:\/\/player.vimeo.com\/video\/158168110\" width=\"500\" height=\"281\" frameborder=\"0\" allowfullscreen=\"allowfullscreen\"><\/iframe><br \/>\n<a href=\"https:\/\/www.labelleviededaniel.fr\/wp-content\/uploads\/2015\/10\/Cancer-de-lEnfant-la-France-R\u00e9alise-une-Premi\u00e8re-Mondiale-Les-Echos-@-14-June-16-2.pdf\">Cancer de l&rsquo;Enfant &#8211; la France R\u00e9alise une Premi\u00e8re Mondiale &#8211; Les Echos @ 14 June 16 (2)<\/a><br \/>\nMai 2017 : une salle de jeux pour les enfants atteints de cancer \u00e0 l&rsquo; h\u00f4pital de POISSY-St GERMAIN<br \/>\n<iframe loading=\"lazy\" src=\"https:\/\/player.vimeo.com\/video\/217129940\" width=\"640\" height=\"360\" frameborder=\"0\" allowfullscreen=\"allowfullscreen\"><\/iframe><\/p>\n","protected":false},"excerpt":{"rendered":"<p>le site web de imagine for Margo Interview de Patricia Blanc sur Yvelines Premi\u00e8re le lundi 7 mars 2016. Cancer de l&rsquo;Enfant &#8211; la France R\u00e9alise une Premi\u00e8re Mondiale &#8211; Les Echos @ 14 June 16 (2) Mai 2017 : une salle de jeux pour les enfants atteints de cancer \u00e0 l&rsquo; h\u00f4pital de POISSY-St &hellip; <a href=\"https:\/\/www.labelleviededaniel.fr\/?page_id=1664\" class=\"more-link\">Continuer la lecture de <span class=\"screen-reader-text\">Imagine for Margo<\/span> <span class=\"meta-nav\">&rarr;<\/span><\/a><\/p>\n","protected":false},"author":1,"featured_media":0,"parent":1585,"menu_order":0,"comment_status":"closed","ping_status":"closed","template":"","meta":{"footnotes":""},"class_list":["post-1664","page","type-page","status-publish","hentry"],"_links":{"self":[{"href":"https:\/\/www.labelleviededaniel.fr\/index.php?rest_route=\/wp\/v2\/pages\/1664","targetHints":{"allow":["GET"]}}],"collection":[{"href":"https:\/\/www.labelleviededaniel.fr\/index.php?rest_route=\/wp\/v2\/pages"}],"about":[{"href":"https:\/\/www.labelleviededaniel.fr\/index.php?rest_route=\/wp\/v2\/types\/page"}],"author":[{"embeddable":true,"href":"https:\/\/www.labelleviededaniel.fr\/index.php?rest_route=\/wp\/v2\/users\/1"}],"replies":[{"embeddable":true,"href":"https:\/\/www.labelleviededaniel.fr\/index.php?rest_route=%2Fwp%2Fv2%2Fcomments&post=1664"}],"version-history":[{"count":6,"href":"https:\/\/www.labelleviededaniel.fr\/index.php?rest_route=\/wp\/v2\/pages\/1664\/revisions"}],"predecessor-version":[{"id":5233,"href":"https:\/\/www.labelleviededaniel.fr\/index.php?rest_route=\/wp\/v2\/pages\/1664\/revisions\/5233"}],"up":[{"embeddable":true,"href":"https:\/\/www.labelleviededaniel.fr\/index.php?rest_route=\/wp\/v2\/pages\/1585"}],"wp:attachment":[{"href":"https:\/\/www.labelleviededaniel.fr\/index.php?rest_route=%2Fwp%2Fv2%2Fmedia&parent=1664"}],"curies":[{"name":"wp","href":"https:\/\/api.w.org\/{rel}","templated":true}]}}