{"id":1677,"date":"2015-10-20T11:27:36","date_gmt":"2015-10-20T10:27:36","guid":{"rendered":"https:\/\/www.labelleviededaniel.fr\/?page_id=1677"},"modified":"2016-04-09T08:48:44","modified_gmt":"2016-04-09T07:48:44","slug":"lionisme-generalites","status":"publish","type":"page","link":"https:\/\/www.labelleviededaniel.fr\/?page_id=1677","title":{"rendered":"Lionisme &#8211; G\u00e9n\u00e9ralit\u00e9s"},"content":{"rendered":"<p><a href=\"https:\/\/www.labelleviededaniel.fr\/wp-content\/uploads\/2015\/10\/1510ArcticledelexpresssurLionsclubetrotary.docx\">1510ArcticledelexpresssurLionsclubetrotary<\/a><br \/>\n<a href=\"http:\/\/www.lexpress.fr\/emploi\/gestion-carriere\/lions-clubs-rotary-reseauter-utile-et-solidaire_1284946.html#comments\">article de l&rsquo;Express emploi du 28 octobre 2013<\/a><br \/>\n<a href=\"https:\/\/www.labelleviededaniel.fr\/wp-content\/uploads\/2016\/04\/1604COURRIERLCMAISONSLAFFITTE.pdf\"rel=\"\">1604COURRIERLCMAISONSLAFFITTE<\/a><br \/>\n<a href=\"https:\/\/www.labelleviededaniel.fr\/wp-content\/uploads\/2016\/04\/1604CARTONINVITATIONLCMAISONSLAFFITTE.pdf\"rel=\"\">1604CARTONINVITATIONLCMAISONSLAFFITTE<\/a><\/p>\n","protected":false},"excerpt":{"rendered":"<p>1510ArcticledelexpresssurLionsclubetrotary article de l&rsquo;Express emploi du 28 octobre 2013 1604COURRIERLCMAISONSLAFFITTE 1604CARTONINVITATIONLCMAISONSLAFFITTE<\/p>\n","protected":false},"author":1,"featured_media":0,"parent":1263,"menu_order":0,"comment_status":"closed","ping_status":"closed","template":"","meta":{"footnotes":""},"class_list":["post-1677","page","type-page","status-publish","hentry"],"_links":{"self":[{"href":"https:\/\/www.labelleviededaniel.fr\/index.php?rest_route=\/wp\/v2\/pages\/1677","targetHints":{"allow":["GET"]}}],"collection":[{"href":"https:\/\/www.labelleviededaniel.fr\/index.php?rest_route=\/wp\/v2\/pages"}],"about":[{"href":"https:\/\/www.labelleviededaniel.fr\/index.php?rest_route=\/wp\/v2\/types\/page"}],"author":[{"embeddable":true,"href":"https:\/\/www.labelleviededaniel.fr\/index.php?rest_route=\/wp\/v2\/users\/1"}],"replies":[{"embeddable":true,"href":"https:\/\/www.labelleviededaniel.fr\/index.php?rest_route=%2Fwp%2Fv2%2Fcomments&post=1677"}],"version-history":[{"count":4,"href":"https:\/\/www.labelleviededaniel.fr\/index.php?rest_route=\/wp\/v2\/pages\/1677\/revisions"}],"predecessor-version":[{"id":3281,"href":"https:\/\/www.labelleviededaniel.fr\/index.php?rest_route=\/wp\/v2\/pages\/1677\/revisions\/3281"}],"up":[{"embeddable":true,"href":"https:\/\/www.labelleviededaniel.fr\/index.php?rest_route=\/wp\/v2\/pages\/1263"}],"wp:attachment":[{"href":"https:\/\/www.labelleviededaniel.fr\/index.php?rest_route=%2Fwp%2Fv2%2Fmedia&parent=1677"}],"curies":[{"name":"wp","href":"https:\/\/api.w.org\/{rel}","templated":true}]}}