{"id":1968,"date":"2015-11-12T16:48:33","date_gmt":"2015-11-12T15:48:33","guid":{"rendered":"https:\/\/www.labelleviededaniel.fr\/?page_id=1968"},"modified":"2016-02-18T18:39:57","modified_gmt":"2016-02-18T17:39:57","slug":"plouf-2015","status":"publish","type":"page","link":"https:\/\/www.labelleviededaniel.fr\/?page_id=1968","title":{"rendered":"Plouf 2015"},"content":{"rendered":"<p>reportage sur Yvelines Premi\u00e8re du 13 novembre 2015 : d\u00e9but de la s\u00e9quence \u00e0 9&rsquo;22\u00a0\u00bb<br \/>\n<iframe loading=\"lazy\" src=\"https:\/\/player.vimeo.com\/video\/145607745\" width=\"500\" height=\"281\" frameborder=\"0\" allowfullscreen=\"allowfullscreen\"><\/iframe><\/p>\n<div style=\"width: 320px;\" class=\"wp-video\"><video class=\"wp-video-shortcode\" id=\"video-1968-1\" width=\"320\" height=\"240\" preload=\"metadata\" controls=\"controls\"><source type=\"video\/mp4\" src=\"https:\/\/www.labelleviededaniel.fr\/wp-content\/uploads\/2015\/12\/Mon-film-Plouf-2015.mp4?_=1\" \/><a href=\"https:\/\/www.labelleviededaniel.fr\/wp-content\/uploads\/2015\/12\/Mon-film-Plouf-2015.mp4\">https:\/\/www.labelleviededaniel.fr\/wp-content\/uploads\/2015\/12\/Mon-film-Plouf-2015.mp4<\/a><\/video><\/div>\n<p style=\"text-align: justify;\"><a href=\"https:\/\/www.labelleviededaniel.fr\/wp-content\/uploads\/2015\/11\/WP_20151111_038.jpg\"><img loading=\"lazy\" decoding=\"async\" class=\"alignnone size-medium wp-image-1961\" src=\"https:\/\/www.labelleviededaniel.fr\/wp-content\/uploads\/2015\/11\/WP_20151111_038-300x169.jpg\" alt=\"WP_20151111_038\" width=\"300\" height=\"169\" \/><\/a> <a href=\"https:\/\/www.labelleviededaniel.fr\/wp-content\/uploads\/2015\/11\/WP_20151111_037.jpg\"><img loading=\"lazy\" decoding=\"async\" class=\"alignnone size-medium wp-image-1960\" src=\"https:\/\/www.labelleviededaniel.fr\/wp-content\/uploads\/2015\/11\/WP_20151111_037-300x169.jpg\" alt=\"WP_20151111_037\" width=\"300\" height=\"169\" \/><\/a> <a href=\"https:\/\/www.labelleviededaniel.fr\/wp-content\/uploads\/2015\/11\/WP_20151111_036.jpg\"><img loading=\"lazy\" decoding=\"async\" class=\"alignnone size-medium wp-image-1959\" src=\"https:\/\/www.labelleviededaniel.fr\/wp-content\/uploads\/2015\/11\/WP_20151111_036-300x169.jpg\" alt=\"WP_20151111_036\" width=\"300\" height=\"169\" \/><\/a> <a href=\"https:\/\/www.labelleviededaniel.fr\/wp-content\/uploads\/2015\/11\/WP_20151111_035.jpg\"><img loading=\"lazy\" decoding=\"async\" class=\"alignnone size-medium wp-image-1958\" src=\"https:\/\/www.labelleviededaniel.fr\/wp-content\/uploads\/2015\/11\/WP_20151111_035-300x169.jpg\" alt=\"WP_20151111_035\" width=\"300\" height=\"169\" \/><\/a> <a href=\"https:\/\/www.labelleviededaniel.fr\/wp-content\/uploads\/2015\/11\/WP_20151111_034.jpg\"><img loading=\"lazy\" decoding=\"async\" class=\"alignnone size-medium wp-image-1957\" src=\"https:\/\/www.labelleviededaniel.fr\/wp-content\/uploads\/2015\/11\/WP_20151111_034-300x169.jpg\" alt=\"WP_20151111_034\" width=\"300\" height=\"169\" \/><\/a> <a href=\"https:\/\/www.labelleviededaniel.fr\/wp-content\/uploads\/2015\/11\/WP_20151111_033.jpg\"><img loading=\"lazy\" decoding=\"async\" class=\"alignnone size-medium wp-image-1956\" src=\"https:\/\/www.labelleviededaniel.fr\/wp-content\/uploads\/2015\/11\/WP_20151111_033-300x169.jpg\" alt=\"WP_20151111_033\" width=\"300\" height=\"169\" \/><\/a> <a href=\"https:\/\/www.labelleviededaniel.fr\/wp-content\/uploads\/2015\/11\/WP_20151111_032.jpg\"><img loading=\"lazy\" decoding=\"async\" class=\"alignnone size-medium wp-image-1955\" src=\"https:\/\/www.labelleviededaniel.fr\/wp-content\/uploads\/2015\/11\/WP_20151111_032-300x169.jpg\" alt=\"WP_20151111_032\" width=\"300\" height=\"169\" \/><\/a> <a href=\"https:\/\/www.labelleviededaniel.fr\/wp-content\/uploads\/2015\/11\/WP_20151111_031.jpg\"><img loading=\"lazy\" decoding=\"async\" class=\"alignnone size-medium wp-image-1954\" src=\"https:\/\/www.labelleviededaniel.fr\/wp-content\/uploads\/2015\/11\/WP_20151111_031-300x169.jpg\" alt=\"WP_20151111_031\" width=\"300\" height=\"169\" \/><\/a> <a href=\"https:\/\/www.labelleviededaniel.fr\/wp-content\/uploads\/2015\/11\/WP_20151111_030.jpg\"><img loading=\"lazy\" decoding=\"async\" class=\"alignnone size-medium wp-image-1953\" src=\"https:\/\/www.labelleviededaniel.fr\/wp-content\/uploads\/2015\/11\/WP_20151111_030-300x169.jpg\" alt=\"WP_20151111_030\" width=\"300\" height=\"169\" \/><\/a> <a href=\"https:\/\/www.labelleviededaniel.fr\/wp-content\/uploads\/2015\/11\/WP_20151111_028.jpg\"><img loading=\"lazy\" decoding=\"async\" class=\"alignnone size-medium wp-image-1951\" src=\"https:\/\/www.labelleviededaniel.fr\/wp-content\/uploads\/2015\/11\/WP_20151111_028-300x169.jpg\" alt=\"WP_20151111_028\" width=\"300\" height=\"169\" \/><\/a> <a href=\"https:\/\/www.labelleviededaniel.fr\/wp-content\/uploads\/2015\/11\/WP_20151111_027.jpg\"><img loading=\"lazy\" decoding=\"async\" class=\"alignnone size-medium wp-image-1950\" src=\"https:\/\/www.labelleviededaniel.fr\/wp-content\/uploads\/2015\/11\/WP_20151111_027-300x169.jpg\" alt=\"WP_20151111_027\" width=\"300\" height=\"169\" \/><\/a> <a href=\"https:\/\/www.labelleviededaniel.fr\/wp-content\/uploads\/2015\/11\/WP_20151111_023.jpg\"><img loading=\"lazy\" decoding=\"async\" class=\"alignnone size-medium wp-image-1948\" src=\"https:\/\/www.labelleviededaniel.fr\/wp-content\/uploads\/2015\/11\/WP_20151111_023-300x169.jpg\" alt=\"WP_20151111_023\" width=\"300\" height=\"169\" \/><\/a> <a href=\"https:\/\/www.labelleviededaniel.fr\/wp-content\/uploads\/2015\/11\/WP_20151111_022.jpg\"><img loading=\"lazy\" decoding=\"async\" class=\"alignnone size-medium wp-image-1947\" src=\"https:\/\/www.labelleviededaniel.fr\/wp-content\/uploads\/2015\/11\/WP_20151111_022-300x169.jpg\" alt=\"WP_20151111_022\" width=\"300\" height=\"169\" \/><\/a> <a href=\"https:\/\/www.labelleviededaniel.fr\/wp-content\/uploads\/2015\/11\/WP_20151111_017.jpg\"><img loading=\"lazy\" decoding=\"async\" class=\"alignnone size-medium wp-image-1942\" src=\"https:\/\/www.labelleviededaniel.fr\/wp-content\/uploads\/2015\/11\/WP_20151111_017-300x169.jpg\" alt=\"WP_20151111_017\" width=\"300\" height=\"169\" \/><\/a> <a href=\"https:\/\/www.labelleviededaniel.fr\/wp-content\/uploads\/2015\/11\/WP_20151111_016.jpg\"><img loading=\"lazy\" decoding=\"async\" class=\"alignnone size-medium wp-image-1941\" src=\"https:\/\/www.labelleviededaniel.fr\/wp-content\/uploads\/2015\/11\/WP_20151111_016-300x169.jpg\" alt=\"WP_20151111_016\" width=\"300\" height=\"169\" \/><\/a> <a href=\"https:\/\/www.labelleviededaniel.fr\/wp-content\/uploads\/2015\/11\/WP_20151111_015.jpg\"><img loading=\"lazy\" decoding=\"async\" class=\"alignnone size-medium wp-image-1940\" src=\"https:\/\/www.labelleviededaniel.fr\/wp-content\/uploads\/2015\/11\/WP_20151111_015-300x169.jpg\" alt=\"WP_20151111_015\" width=\"300\" height=\"169\" \/><\/a> <a href=\"https:\/\/www.labelleviededaniel.fr\/wp-content\/uploads\/2015\/11\/WP_20151111_014.jpg\"><img loading=\"lazy\" decoding=\"async\" class=\"alignnone size-medium wp-image-1939\" src=\"https:\/\/www.labelleviededaniel.fr\/wp-content\/uploads\/2015\/11\/WP_20151111_014-300x169.jpg\" alt=\"WP_20151111_014\" width=\"300\" height=\"169\" \/><\/a> <a href=\"https:\/\/www.labelleviededaniel.fr\/wp-content\/uploads\/2015\/11\/WP_20151111_013.jpg\"><img loading=\"lazy\" decoding=\"async\" class=\"alignnone size-medium wp-image-1938\" src=\"https:\/\/www.labelleviededaniel.fr\/wp-content\/uploads\/2015\/11\/WP_20151111_013-300x169.jpg\" alt=\"WP_20151111_013\" width=\"300\" height=\"169\" \/><\/a> <a href=\"https:\/\/www.labelleviededaniel.fr\/wp-content\/uploads\/2015\/11\/WP_20151111_012.jpg\"><img loading=\"lazy\" decoding=\"async\" class=\"alignnone size-medium wp-image-1937\" src=\"https:\/\/www.labelleviededaniel.fr\/wp-content\/uploads\/2015\/11\/WP_20151111_012-300x169.jpg\" alt=\"WP_20151111_012\" width=\"300\" height=\"169\" \/><\/a> <a href=\"https:\/\/www.labelleviededaniel.fr\/wp-content\/uploads\/2015\/11\/WP_20151111_010.jpg\"><img loading=\"lazy\" decoding=\"async\" class=\"alignnone size-medium wp-image-1935\" src=\"https:\/\/www.labelleviededaniel.fr\/wp-content\/uploads\/2015\/11\/WP_20151111_010-300x169.jpg\" alt=\"WP_20151111_010\" width=\"300\" height=\"169\" \/><\/a> <a href=\"https:\/\/www.labelleviededaniel.fr\/wp-content\/uploads\/2015\/11\/WP_20151111_009.jpg\"><img loading=\"lazy\" decoding=\"async\" class=\"alignnone size-medium wp-image-1934\" src=\"https:\/\/www.labelleviededaniel.fr\/wp-content\/uploads\/2015\/11\/WP_20151111_009-300x169.jpg\" alt=\"WP_20151111_009\" width=\"300\" height=\"169\" \/><\/a> <a href=\"https:\/\/www.labelleviededaniel.fr\/wp-content\/uploads\/2015\/11\/WP_20151111_009-Copie.jpg\"><img loading=\"lazy\" decoding=\"async\" class=\"alignnone size-medium wp-image-1933\" src=\"https:\/\/www.labelleviededaniel.fr\/wp-content\/uploads\/2015\/11\/WP_20151111_009-Copie-300x169.jpg\" alt=\"WP_20151111_009 - Copie\" width=\"300\" height=\"169\" \/><\/a> <a href=\"https:\/\/www.labelleviededaniel.fr\/wp-content\/uploads\/2015\/11\/WP_20151111_007.jpg\"><img loading=\"lazy\" decoding=\"async\" class=\"alignnone size-medium wp-image-1932\" src=\"https:\/\/www.labelleviededaniel.fr\/wp-content\/uploads\/2015\/11\/WP_20151111_007-300x169.jpg\" alt=\"WP_20151111_007\" width=\"300\" height=\"169\" \/><\/a> <a href=\"https:\/\/www.labelleviededaniel.fr\/wp-content\/uploads\/2015\/11\/WP_20151111_007-Copie.jpg\"><img loading=\"lazy\" decoding=\"async\" class=\"alignnone size-medium wp-image-1931\" src=\"https:\/\/www.labelleviededaniel.fr\/wp-content\/uploads\/2015\/11\/WP_20151111_007-Copie-300x169.jpg\" alt=\"WP_20151111_007 - Copie\" width=\"300\" height=\"169\" \/><\/a> <a href=\"https:\/\/www.labelleviededaniel.fr\/wp-content\/uploads\/2015\/11\/WP_20151111_005.jpg\"><img loading=\"lazy\" decoding=\"async\" class=\"alignnone size-medium wp-image-1930\" src=\"https:\/\/www.labelleviededaniel.fr\/wp-content\/uploads\/2015\/11\/WP_20151111_005-300x169.jpg\" alt=\"WP_20151111_005\" width=\"300\" height=\"169\" \/><\/a> <a href=\"https:\/\/www.labelleviededaniel.fr\/wp-content\/uploads\/2015\/11\/WP_20151111_004.jpg\"><img loading=\"lazy\" decoding=\"async\" class=\"alignnone size-medium wp-image-1929\" src=\"https:\/\/www.labelleviededaniel.fr\/wp-content\/uploads\/2015\/11\/WP_20151111_004-300x169.jpg\" alt=\"WP_20151111_004\" width=\"300\" height=\"169\" \/><\/a> <a href=\"https:\/\/www.labelleviededaniel.fr\/wp-content\/uploads\/2015\/11\/WP_20151111_003.jpg\"><img loading=\"lazy\" decoding=\"async\" class=\"alignnone size-medium wp-image-1928\" src=\"https:\/\/www.labelleviededaniel.fr\/wp-content\/uploads\/2015\/11\/WP_20151111_003-300x169.jpg\" alt=\"WP_20151111_003\" width=\"300\" height=\"169\" \/><\/a> <a href=\"https:\/\/www.labelleviededaniel.fr\/wp-content\/uploads\/2015\/11\/WP_20151111_002.jpg\"><img loading=\"lazy\" decoding=\"async\" class=\"alignnone size-medium wp-image-1927\" src=\"https:\/\/www.labelleviededaniel.fr\/wp-content\/uploads\/2015\/11\/WP_20151111_002-300x169.jpg\" alt=\"WP_20151111_002\" width=\"300\" height=\"169\" \/><\/a> <a href=\"https:\/\/www.labelleviededaniel.fr\/wp-content\/uploads\/2015\/11\/WP_20151111_001.jpg\"><img loading=\"lazy\" decoding=\"async\" class=\"alignnone size-medium wp-image-1926\" src=\"https:\/\/www.labelleviededaniel.fr\/wp-content\/uploads\/2015\/11\/WP_20151111_001-300x169.jpg\" alt=\"WP_20151111_001\" width=\"300\" height=\"169\" \/><\/a><\/p>\n<p>la c\u00e9r\u00e9monie de cl\u00f4ture \u00e0 la Mairie du Pecq le lundi 14 d\u00e9cembre 2015<br \/>\n<a href=\"https:\/\/www.labelleviededaniel.fr\/wp-content\/uploads\/2015\/12\/WP_20151214_008.jpg\" rel=\"attachment wp-att-2231\"><img loading=\"lazy\" decoding=\"async\" class=\"alignnone size-medium wp-image-2231\" src=\"https:\/\/www.labelleviededaniel.fr\/wp-content\/uploads\/2015\/12\/WP_20151214_008-300x169.jpg\" alt=\"WP_20151214_008\" width=\"300\" height=\"169\" \/><\/a><\/p>\n<p><a href=\"https:\/\/www.labelleviededaniel.fr\/wp-content\/uploads\/2015\/12\/WP_20151214_004.jpg\" rel=\"attachment wp-att-2227\"><img loading=\"lazy\" decoding=\"async\" class=\"alignnone size-medium wp-image-2227\" src=\"https:\/\/www.labelleviededaniel.fr\/wp-content\/uploads\/2015\/12\/WP_20151214_004-300x169.jpg\" alt=\"WP_20151214_004\" width=\"300\" height=\"169\" \/><\/a><\/p>\n<p><a href=\"https:\/\/www.labelleviededaniel.fr\/wp-content\/uploads\/2015\/12\/WP_20151214_002.jpg\" rel=\"attachment wp-att-2226\"><img loading=\"lazy\" decoding=\"async\" class=\"alignnone size-medium wp-image-2226\" src=\"https:\/\/www.labelleviededaniel.fr\/wp-content\/uploads\/2015\/12\/WP_20151214_002-300x169.jpg\" alt=\"WP_20151214_002\" width=\"300\" height=\"169\" \/><\/a><\/p>\n<p><a href=\"https:\/\/www.labelleviededaniel.fr\/wp-content\/uploads\/2015\/12\/WP_20151214_001.jpg\" rel=\"attachment wp-att-2225\"><img loading=\"lazy\" decoding=\"async\" class=\"alignnone size-medium wp-image-2225\" src=\"https:\/\/www.labelleviededaniel.fr\/wp-content\/uploads\/2015\/12\/WP_20151214_001-300x169.jpg\" alt=\"WP_20151214_001\" width=\"300\" height=\"169\" \/><\/a><\/p>\n","protected":false},"excerpt":{"rendered":"<p>reportage sur Yvelines Premi\u00e8re du 13 novembre 2015 : d\u00e9but de la s\u00e9quence \u00e0 9&rsquo;22\u00a0\u00bb la c\u00e9r\u00e9monie de cl\u00f4ture \u00e0 la Mairie du Pecq le lundi 14 d\u00e9cembre 2015<\/p>\n","protected":false},"author":1,"featured_media":0,"parent":1966,"menu_order":0,"comment_status":"closed","ping_status":"closed","template":"","meta":{"footnotes":""},"class_list":["post-1968","page","type-page","status-publish","hentry"],"_links":{"self":[{"href":"https:\/\/www.labelleviededaniel.fr\/index.php?rest_route=\/wp\/v2\/pages\/1968","targetHints":{"allow":["GET"]}}],"collection":[{"href":"https:\/\/www.labelleviededaniel.fr\/index.php?rest_route=\/wp\/v2\/pages"}],"about":[{"href":"https:\/\/www.labelleviededaniel.fr\/index.php?rest_route=\/wp\/v2\/types\/page"}],"author":[{"embeddable":true,"href":"https:\/\/www.labelleviededaniel.fr\/index.php?rest_route=\/wp\/v2\/users\/1"}],"replies":[{"embeddable":true,"href":"https:\/\/www.labelleviededaniel.fr\/index.php?rest_route=%2Fwp%2Fv2%2Fcomments&post=1968"}],"version-history":[{"count":11,"href":"https:\/\/www.labelleviededaniel.fr\/index.php?rest_route=\/wp\/v2\/pages\/1968\/revisions"}],"predecessor-version":[{"id":2758,"href":"https:\/\/www.labelleviededaniel.fr\/index.php?rest_route=\/wp\/v2\/pages\/1968\/revisions\/2758"}],"up":[{"embeddable":true,"href":"https:\/\/www.labelleviededaniel.fr\/index.php?rest_route=\/wp\/v2\/pages\/1966"}],"wp:attachment":[{"href":"https:\/\/www.labelleviededaniel.fr\/index.php?rest_route=%2Fwp%2Fv2%2Fmedia&parent=1968"}],"curies":[{"name":"wp","href":"https:\/\/api.w.org\/{rel}","templated":true}]}}