{"id":1970,"date":"2015-11-12T16:48:55","date_gmt":"2015-11-12T15:48:55","guid":{"rendered":"https:\/\/www.labelleviededaniel.fr\/?page_id=1970"},"modified":"2018-06-27T11:36:07","modified_gmt":"2018-06-27T10:36:07","slug":"spectre-007","status":"publish","type":"page","link":"https:\/\/www.labelleviededaniel.fr\/?page_id=1970","title":{"rendered":"007 Spectre le 15 novembre 2015 , cin\u00e9ma Atalante de Maisons-Laffitte"},"content":{"rendered":"<p>Gala de Charit\u00e9 en pr\u00e9sence du d\u00e9put\u00e9-maire de Maisons-Laffitte Jacques Myard<br \/>\nParticipants Avenir APEI pr\u00e9sents \u00e0 la soir\u00e9e :<br \/>\nMich\u00e8le Boisd\u00e9, Pr\u00e9sidente de l&rsquo;association Avenir APEI<br \/>\nCatherine Kerdelo, Directrice IME La Roseraie &#8211; Fr\u00e9d\u00e9rique Aissat, Chef de service IME la Roseraie<br \/>\nCatherine Figuinha, Directrice Foyer de Vie les Vignes Blanche<br \/>\nDaniele Ruff, Directrice ESAT Les N\u00e9fliers<\/p>\n<p><a href=\"https:\/\/www.labelleviededaniel.fr\/wp-content\/uploads\/2015\/11\/WP_20151115_011.jpg\"><img loading=\"lazy\" decoding=\"async\" class=\"alignnone size-medium wp-image-2105\" src=\"https:\/\/www.labelleviededaniel.fr\/wp-content\/uploads\/2015\/11\/WP_20151115_011-300x169.jpg\" alt=\"WP_20151115_011\" width=\"300\" height=\"169\" \/><\/a> <a href=\"https:\/\/www.labelleviededaniel.fr\/wp-content\/uploads\/2015\/11\/WP_20151115_010.jpg\"><img loading=\"lazy\" decoding=\"async\" class=\"alignnone size-medium wp-image-2104\" src=\"https:\/\/www.labelleviededaniel.fr\/wp-content\/uploads\/2015\/11\/WP_20151115_010-300x169.jpg\" alt=\"WP_20151115_010\" width=\"300\" height=\"169\" \/><\/a> <a href=\"https:\/\/www.labelleviededaniel.fr\/wp-content\/uploads\/2015\/11\/WP_20151115_009.jpg\"><img loading=\"lazy\" decoding=\"async\" class=\"alignnone size-medium wp-image-2103\" src=\"https:\/\/www.labelleviededaniel.fr\/wp-content\/uploads\/2015\/11\/WP_20151115_009-300x169.jpg\" alt=\"WP_20151115_009\" width=\"300\" height=\"169\" \/><\/a> <a href=\"https:\/\/www.labelleviededaniel.fr\/wp-content\/uploads\/2015\/11\/WP_20151115_008.jpg\"><img loading=\"lazy\" decoding=\"async\" class=\"alignnone size-medium wp-image-2102\" src=\"https:\/\/www.labelleviededaniel.fr\/wp-content\/uploads\/2015\/11\/WP_20151115_008-300x169.jpg\" alt=\"WP_20151115_008\" width=\"300\" height=\"169\" \/><\/a> <a href=\"https:\/\/www.labelleviededaniel.fr\/wp-content\/uploads\/2015\/11\/WP_20151115_007.jpg\"><img loading=\"lazy\" decoding=\"async\" class=\"alignnone size-medium wp-image-2101\" src=\"https:\/\/www.labelleviededaniel.fr\/wp-content\/uploads\/2015\/11\/WP_20151115_007-300x169.jpg\" alt=\"WP_20151115_007\" width=\"300\" height=\"169\" \/><\/a> <a href=\"https:\/\/www.labelleviededaniel.fr\/wp-content\/uploads\/2015\/11\/WP_20151115_006.jpg\"><img loading=\"lazy\" decoding=\"async\" class=\"alignnone size-medium wp-image-2100\" src=\"https:\/\/www.labelleviededaniel.fr\/wp-content\/uploads\/2015\/11\/WP_20151115_006-300x169.jpg\" alt=\"WP_20151115_006\" width=\"300\" height=\"169\" \/><\/a> <a href=\"https:\/\/www.labelleviededaniel.fr\/wp-content\/uploads\/2015\/11\/WP_20151115_005.jpg\"><img loading=\"lazy\" decoding=\"async\" class=\"alignnone size-medium wp-image-2099\" src=\"https:\/\/www.labelleviededaniel.fr\/wp-content\/uploads\/2015\/11\/WP_20151115_005-300x169.jpg\" alt=\"WP_20151115_005\" width=\"300\" height=\"169\" \/><\/a> <a href=\"https:\/\/www.labelleviededaniel.fr\/wp-content\/uploads\/2015\/11\/WP_20151115_004.jpg\"><img loading=\"lazy\" decoding=\"async\" class=\"alignnone size-medium wp-image-2098\" src=\"https:\/\/www.labelleviededaniel.fr\/wp-content\/uploads\/2015\/11\/WP_20151115_004-300x169.jpg\" alt=\"WP_20151115_004\" width=\"300\" height=\"169\" \/><\/a> <a href=\"https:\/\/www.labelleviededaniel.fr\/wp-content\/uploads\/2015\/11\/WP_20151115_003.jpg\"><img loading=\"lazy\" decoding=\"async\" class=\"alignnone size-medium wp-image-2097\" src=\"https:\/\/www.labelleviededaniel.fr\/wp-content\/uploads\/2015\/11\/WP_20151115_003-300x169.jpg\" alt=\"WP_20151115_003\" width=\"300\" height=\"169\" \/><\/a><\/p>\n<p>28 janvier 2016 : c\u00e9r\u00e9monie de remise du ch\u00e8que de plus de 7500 euros<\/p>\n<p>Article publi\u00e9 en avril 2016 dans la newsletter AVENIE APEI ECHOS<br \/>\n<a href=\"https:\/\/www.labelleviededaniel.fr\/wp-content\/uploads\/2016\/04\/1604articleon-AvenirApei-echos.pdf\">1604articleon AvenirApei-echos<\/a><\/p>\n","protected":false},"excerpt":{"rendered":"<p>Gala de Charit\u00e9 en pr\u00e9sence du d\u00e9put\u00e9-maire de Maisons-Laffitte Jacques Myard Participants Avenir APEI pr\u00e9sents \u00e0 la soir\u00e9e : Mich\u00e8le Boisd\u00e9, Pr\u00e9sidente de l&rsquo;association Avenir APEI Catherine Kerdelo, Directrice IME La Roseraie &#8211; Fr\u00e9d\u00e9rique Aissat, Chef de service IME la Roseraie Catherine Figuinha, Directrice Foyer de Vie les Vignes Blanche Daniele Ruff, Directrice ESAT Les &hellip; <a href=\"https:\/\/www.labelleviededaniel.fr\/?page_id=1970\" class=\"more-link\">Continuer la lecture de <span class=\"screen-reader-text\">007 Spectre le 15 novembre 2015 , cin\u00e9ma Atalante de Maisons-Laffitte<\/span> <span class=\"meta-nav\">&rarr;<\/span><\/a><\/p>\n","protected":false},"author":1,"featured_media":0,"parent":1966,"menu_order":0,"comment_status":"closed","ping_status":"closed","template":"","meta":{"footnotes":""},"class_list":["post-1970","page","type-page","status-publish","hentry"],"_links":{"self":[{"href":"https:\/\/www.labelleviededaniel.fr\/index.php?rest_route=\/wp\/v2\/pages\/1970","targetHints":{"allow":["GET"]}}],"collection":[{"href":"https:\/\/www.labelleviededaniel.fr\/index.php?rest_route=\/wp\/v2\/pages"}],"about":[{"href":"https:\/\/www.labelleviededaniel.fr\/index.php?rest_route=\/wp\/v2\/types\/page"}],"author":[{"embeddable":true,"href":"https:\/\/www.labelleviededaniel.fr\/index.php?rest_route=\/wp\/v2\/users\/1"}],"replies":[{"embeddable":true,"href":"https:\/\/www.labelleviededaniel.fr\/index.php?rest_route=%2Fwp%2Fv2%2Fcomments&post=1970"}],"version-history":[{"count":9,"href":"https:\/\/www.labelleviededaniel.fr\/index.php?rest_route=\/wp\/v2\/pages\/1970\/revisions"}],"predecessor-version":[{"id":7098,"href":"https:\/\/www.labelleviededaniel.fr\/index.php?rest_route=\/wp\/v2\/pages\/1970\/revisions\/7098"}],"up":[{"embeddable":true,"href":"https:\/\/www.labelleviededaniel.fr\/index.php?rest_route=\/wp\/v2\/pages\/1966"}],"wp:attachment":[{"href":"https:\/\/www.labelleviededaniel.fr\/index.php?rest_route=%2Fwp%2Fv2%2Fmedia&parent=1970"}],"curies":[{"name":"wp","href":"https:\/\/api.w.org\/{rel}","templated":true}]}}