{"id":1986,"date":"2015-11-12T17:52:53","date_gmt":"2015-11-12T16:52:53","guid":{"rendered":"https:\/\/www.labelleviededaniel.fr\/?page_id=1986"},"modified":"2023-07-12T10:35:43","modified_gmt":"2023-07-12T09:35:43","slug":"historique","status":"publish","type":"page","link":"https:\/\/www.labelleviededaniel.fr\/?page_id=1986","title":{"rendered":"Historique &#8211; D\u00e9c\u00e8s du Premier Pr\u00e9sident du LCYH Bob Bell le 6 juillet 2023"},"content":{"rendered":"<p>lettres d&rsquo;information du district IDFO sur la naissance du LCYH ( bulletin de janvier et f\u00e9vrier 2013)<br \/>\n<a href=\"https:\/\/www.labelleviededaniel.fr\/wp-content\/uploads\/2015\/11\/1301IDFOINFOS-janvier_2013_naissanceduLCYH.pdf\">1301idfoinfos-janvier_2013_naissancedulcyh<\/a><br \/>\n<a href=\"https:\/\/www.labelleviededaniel.fr\/wp-content\/uploads\/2023\/07\/deces-de-Bob-Bell-le-6-juillet-2023.pdf\">d\u00e9c\u00e8s de Bob Bell le 6 juillet 2023<\/a><\/p>\n","protected":false},"excerpt":{"rendered":"<p>lettres d&rsquo;information du district IDFO sur la naissance du LCYH ( bulletin de janvier et f\u00e9vrier 2013) 1301idfoinfos-janvier_2013_naissancedulcyh d\u00e9c\u00e8s de Bob Bell le 6 juillet 2023<\/p>\n","protected":false},"author":1,"featured_media":0,"parent":1263,"menu_order":0,"comment_status":"closed","ping_status":"closed","template":"","meta":{"footnotes":""},"class_list":["post-1986","page","type-page","status-publish","hentry"],"_links":{"self":[{"href":"https:\/\/www.labelleviededaniel.fr\/index.php?rest_route=\/wp\/v2\/pages\/1986","targetHints":{"allow":["GET"]}}],"collection":[{"href":"https:\/\/www.labelleviededaniel.fr\/index.php?rest_route=\/wp\/v2\/pages"}],"about":[{"href":"https:\/\/www.labelleviededaniel.fr\/index.php?rest_route=\/wp\/v2\/types\/page"}],"author":[{"embeddable":true,"href":"https:\/\/www.labelleviededaniel.fr\/index.php?rest_route=\/wp\/v2\/users\/1"}],"replies":[{"embeddable":true,"href":"https:\/\/www.labelleviededaniel.fr\/index.php?rest_route=%2Fwp%2Fv2%2Fcomments&post=1986"}],"version-history":[{"count":7,"href":"https:\/\/www.labelleviededaniel.fr\/index.php?rest_route=\/wp\/v2\/pages\/1986\/revisions"}],"predecessor-version":[{"id":10833,"href":"https:\/\/www.labelleviededaniel.fr\/index.php?rest_route=\/wp\/v2\/pages\/1986\/revisions\/10833"}],"up":[{"embeddable":true,"href":"https:\/\/www.labelleviededaniel.fr\/index.php?rest_route=\/wp\/v2\/pages\/1263"}],"wp:attachment":[{"href":"https:\/\/www.labelleviededaniel.fr\/index.php?rest_route=%2Fwp%2Fv2%2Fmedia&parent=1986"}],"curies":[{"name":"wp","href":"https:\/\/api.w.org\/{rel}","templated":true}]}}