{"id":2461,"date":"2016-02-03T15:33:35","date_gmt":"2016-02-03T14:33:35","guid":{"rendered":"https:\/\/www.labelleviededaniel.fr\/?page_id=2461"},"modified":"2016-04-09T09:00:32","modified_gmt":"2016-04-09T08:00:32","slug":"en-amazonie-livre-de-jean-baptiste-malet-edition-fayard-mai-2013","status":"publish","type":"page","link":"https:\/\/www.labelleviededaniel.fr\/?page_id=2461","title":{"rendered":"\u00ab\u00a0En Amazonie\u00a0\u00bb  livre de Jean-Baptiste Malet \u00e9dition Fayard ( mai 2013)"},"content":{"rendered":"<p><a href=\"https:\/\/www.labelleviededaniel.fr\/wp-content\/uploads\/2016\/02\/EnAmazonie.jpg\" rel=\"attachment wp-att-2463\"><img loading=\"lazy\" decoding=\"async\" class=\"size-medium wp-image-2463 aligncenter\" src=\"https:\/\/www.labelleviededaniel.fr\/wp-content\/uploads\/2016\/02\/EnAmazonie-190x300.jpg\" alt=\"EnAmazonie\" width=\"190\" height=\"300\" \/><\/a><\/p>\n<p>Mots cl\u00e9s\u00a0 pour la r\u00e9ception et la production<\/p>\n<p>in bound ( r\u00e9ception)\u00a0 avec les each receive (eachers) et les stow (stowers)<\/p>\n<p>outbound (production) avec les pick (pickeurs qui pr\u00e9parent) et les pack (packeurs qui emballent)<\/p>\n<p>Pour son pic d\u2019activit\u00e9, \u00e0 l\u2019approche des f\u00eates de No\u00ebl 2012, Amazon recrute des milliers d\u2019int\u00e9rimaires. Pour la premi\u00e8re fois en France, un journaliste d\u00e9cide d\u2019infiltrer un entrep\u00f4t logistique du g\u00e9ant du commerce en ligne. Il int\u00e8gre l\u2019\u00e9quipe de nuit. Apr\u00e8s avoir souscrit au credo manag\u00e9rial et appris la novlangue de l\u2019entreprise, c\u2019est la plong\u00e9e dans la mine : il sera pickeur, charg\u00e9 d\u2019extraire de leurs bins (cellules) des milliers de \u00ab produits culturels \u00bb, amass\u00e9s sur des kilom\u00e8tres de rayonnages, marchandises qu\u2019il enverra se faire emballer \u00e0 la cha\u00eene par un packeur, assign\u00e9 \u00e0 cette t\u00e2che. Chaque nuit, le pickeur courra son semi-marathon, conscient de la n\u00e9cessit\u00e9 de faire une belle performance, voire de battre son record, sous le contr\u00f4le vigilant et constant des leads (contrema\u00eetres), planqu\u00e9s derri\u00e8re des \u00e9crans : ils calculent en temps r\u00e9el la cadence de chacun des mouvements des ouvriers, produisent du ratio et admonestent d\u00e8s qu\u2019un fl\u00e9chissement est enregistr\u00e9&#8230; Bienvenue dans le pire du \u00ab meilleur des mondes \u00bb, celui qui r\u00e9invente le stakhanovisme et la d\u00e9lation sympathiques, avec tutoiement. Plus de quarante-deux heures nocturnes par semaine, en p\u00e9riode de pointe. Un r\u00e9cit \u00e9poustouflant. Jean-Baptiste Malet nous entra\u00eene de l\u2019autre c\u00f4t\u00e9 de l\u2019\u00e9cran, une fois la commande valid\u00e9e. La librairie en ligne n\u2019a plus rien de virtuel, l\u2019acheteur ne pourra plus dire qu\u2019il ignorait tout de la condition faite aux \u00ab amazoniens \u00bb.<br \/>\nJean-Baptiste Malet est journaliste. \u00c2g\u00e9 de vingt-six ans, il est l\u2019auteur d\u2019un premier livre : Derri\u00e8re les lignes du Front (Golias, 2011).<\/p>\n","protected":false},"excerpt":{"rendered":"<p>Mots cl\u00e9s\u00a0 pour la r\u00e9ception et la production in bound ( r\u00e9ception)\u00a0 avec les each receive (eachers) et les stow (stowers) outbound (production) avec les pick (pickeurs qui pr\u00e9parent) et les pack (packeurs qui emballent) Pour son pic d\u2019activit\u00e9, \u00e0 l\u2019approche des f\u00eates de No\u00ebl 2012, Amazon recrute des milliers d\u2019int\u00e9rimaires. Pour la premi\u00e8re fois &hellip; <a href=\"https:\/\/www.labelleviededaniel.fr\/?page_id=2461\" class=\"more-link\">Continuer la lecture de <span class=\"screen-reader-text\">\u00ab\u00a0En Amazonie\u00a0\u00bb  livre de Jean-Baptiste Malet \u00e9dition Fayard ( mai 2013)<\/span> <span class=\"meta-nav\">&rarr;<\/span><\/a><\/p>\n","protected":false},"author":1,"featured_media":0,"parent":3284,"menu_order":0,"comment_status":"closed","ping_status":"closed","template":"","meta":{"footnotes":""},"class_list":["post-2461","page","type-page","status-publish","hentry"],"_links":{"self":[{"href":"https:\/\/www.labelleviededaniel.fr\/index.php?rest_route=\/wp\/v2\/pages\/2461","targetHints":{"allow":["GET"]}}],"collection":[{"href":"https:\/\/www.labelleviededaniel.fr\/index.php?rest_route=\/wp\/v2\/pages"}],"about":[{"href":"https:\/\/www.labelleviededaniel.fr\/index.php?rest_route=\/wp\/v2\/types\/page"}],"author":[{"embeddable":true,"href":"https:\/\/www.labelleviededaniel.fr\/index.php?rest_route=\/wp\/v2\/users\/1"}],"replies":[{"embeddable":true,"href":"https:\/\/www.labelleviededaniel.fr\/index.php?rest_route=%2Fwp%2Fv2%2Fcomments&post=2461"}],"version-history":[{"count":4,"href":"https:\/\/www.labelleviededaniel.fr\/index.php?rest_route=\/wp\/v2\/pages\/2461\/revisions"}],"predecessor-version":[{"id":2481,"href":"https:\/\/www.labelleviededaniel.fr\/index.php?rest_route=\/wp\/v2\/pages\/2461\/revisions\/2481"}],"up":[{"embeddable":true,"href":"https:\/\/www.labelleviededaniel.fr\/index.php?rest_route=\/wp\/v2\/pages\/3284"}],"wp:attachment":[{"href":"https:\/\/www.labelleviededaniel.fr\/index.php?rest_route=%2Fwp%2Fv2%2Fmedia&parent=2461"}],"curies":[{"name":"wp","href":"https:\/\/api.w.org\/{rel}","templated":true}]}}