{"id":248,"date":"2014-03-06T14:07:25","date_gmt":"2014-03-06T13:07:25","guid":{"rendered":"https:\/\/www.labelleviededaniel.fr\/?page_id=248"},"modified":"2016-02-25T13:01:51","modified_gmt":"2016-02-25T12:01:51","slug":"la-chateau-dauvers-sur-oise","status":"publish","type":"page","link":"https:\/\/www.labelleviededaniel.fr\/?page_id=248","title":{"rendered":"La Ch\u00e2teau d&rsquo;Auvers-sur-Oise"},"content":{"rendered":"<p>Date\u00a0de la visite\u00a0: le 15 f\u00e9vrier 2014<\/p>\n<p>Ce ch\u00e2teau du 17<sup>e<\/sup> propose un tr\u00e8s beau parcours spectacle multim\u00e9dia qui s\u2019intitule\u00a0: \u00ab\u00a0voyage au temps des impressionnistes\u00a0\u00bb qui nous entraine dans la grande aventure artistique du 19<sup>e<\/sup>. Si certains peintres\u00a0 nourrissent leur \u0153uvre de l\u2019atmosph\u00e8re de Paris (Degas,Toulouse Lautrec, Caillebotte\u2026) d\u2019autres pr\u00e9f\u00e8rent emprunter la nouvelle ligne de chemin de fer de Paris\u00a0 \u00e0 la mer et partir \u00e0 la rencontre de nouvelles sources d\u2019inspiration. Les guinguettes d\u2019Asni\u00e8res ou de Chatou, les rives de la Seine ou de l\u2019Oise (Argenteuil, V\u00e9theuil, Auvers-sur-Oise), les campagnes d\u2019Ile de France (meules de Monet ou de Thorney), la mer enfin et les ports(Le Havre), les falaises(Etretat) et les plages.<\/p>\n<p>Gr\u00e2ce \u00e0 la reconstitution de d\u00e9cors et des rappels sur les grands \u00e9v\u00e8nements de l\u2019\u00e9poque (la commune de Paris en 1871, les grands travaux du Baron Haussmann\u2026) nous sommes plong\u00e9s\u00a0 \u00e0 la fois dans l\u2019atmosph\u00e8re tr\u00e9pidante et frivole de Paris et\u00a0 dans les\u00a0 paysages qui ont inspir\u00e9 ces peintres impressionnistes.<\/p>\n<p>Pour aller plus loin\u00a0:<\/p>\n<p><a title=\"le chateau d'Auvers-sur-Oise\" href=\"http:\/\/chateau-auvers.fr\">Site du ch\u00e2teau d&rsquo;Auvers-sur-Oise:<\/a><\/p>\n<p>&nbsp;<\/p>\n<p>&nbsp;<\/p>\n","protected":false},"excerpt":{"rendered":"<p>Date\u00a0de la visite\u00a0: le 15 f\u00e9vrier 2014 Ce ch\u00e2teau du 17e propose un tr\u00e8s beau parcours spectacle multim\u00e9dia qui s\u2019intitule\u00a0: \u00ab\u00a0voyage au temps des impressionnistes\u00a0\u00bb qui nous entraine dans la grande aventure artistique du 19e. Si certains peintres\u00a0 nourrissent leur \u0153uvre de l\u2019atmosph\u00e8re de Paris (Degas,Toulouse Lautrec, Caillebotte\u2026) d\u2019autres pr\u00e9f\u00e8rent emprunter la nouvelle ligne de &hellip; <a href=\"https:\/\/www.labelleviededaniel.fr\/?page_id=248\" class=\"more-link\">Continuer la lecture de <span class=\"screen-reader-text\">La Ch\u00e2teau d&rsquo;Auvers-sur-Oise<\/span> <span class=\"meta-nav\">&rarr;<\/span><\/a><\/p>\n","protected":false},"author":1,"featured_media":0,"parent":224,"menu_order":0,"comment_status":"open","ping_status":"open","template":"","meta":{"footnotes":""},"class_list":["post-248","page","type-page","status-publish","hentry"],"_links":{"self":[{"href":"https:\/\/www.labelleviededaniel.fr\/index.php?rest_route=\/wp\/v2\/pages\/248","targetHints":{"allow":["GET"]}}],"collection":[{"href":"https:\/\/www.labelleviededaniel.fr\/index.php?rest_route=\/wp\/v2\/pages"}],"about":[{"href":"https:\/\/www.labelleviededaniel.fr\/index.php?rest_route=\/wp\/v2\/types\/page"}],"author":[{"embeddable":true,"href":"https:\/\/www.labelleviededaniel.fr\/index.php?rest_route=\/wp\/v2\/users\/1"}],"replies":[{"embeddable":true,"href":"https:\/\/www.labelleviededaniel.fr\/index.php?rest_route=%2Fwp%2Fv2%2Fcomments&post=248"}],"version-history":[{"count":4,"href":"https:\/\/www.labelleviededaniel.fr\/index.php?rest_route=\/wp\/v2\/pages\/248\/revisions"}],"predecessor-version":[{"id":2787,"href":"https:\/\/www.labelleviededaniel.fr\/index.php?rest_route=\/wp\/v2\/pages\/248\/revisions\/2787"}],"up":[{"embeddable":true,"href":"https:\/\/www.labelleviededaniel.fr\/index.php?rest_route=\/wp\/v2\/pages\/224"}],"wp:attachment":[{"href":"https:\/\/www.labelleviededaniel.fr\/index.php?rest_route=%2Fwp%2Fv2%2Fmedia&parent=248"}],"curies":[{"name":"wp","href":"https:\/\/api.w.org\/{rel}","templated":true}]}}