{"id":2538,"date":"2016-02-06T11:08:03","date_gmt":"2016-02-06T10:08:03","guid":{"rendered":"https:\/\/www.labelleviededaniel.fr\/?page_id=2538"},"modified":"2016-04-09T09:11:21","modified_gmt":"2016-04-09T08:11:21","slug":"le-complexe-de-la-maratre-livre-de-catherine-audibert-edition-payot-septembre-2004","status":"publish","type":"page","link":"https:\/\/www.labelleviededaniel.fr\/?page_id=2538","title":{"rendered":"\u00ab\u00a0Le complexe de la mar\u00e2tre\u00a0\u00bb  livre de Catherine Audibert, \u00e9dition  Payot ( septembre 2004)"},"content":{"rendered":"<div align=\"left\"><\/div>\n<div id=\"presentation\" align=\"left\"><span class=\"notice_livre\"><a href=\"https:\/\/www.labelleviededaniel.fr\/wp-content\/uploads\/2016\/02\/complexedelamaratre.jpg\" rel=\"attachment wp-att-2537\"><img loading=\"lazy\" decoding=\"async\" class=\"size-medium wp-image-2537 aligncenter\" src=\"https:\/\/www.labelleviededaniel.fr\/wp-content\/uploads\/2016\/02\/complexedelamaratre-187x300.jpg\" alt=\"complexedelamaratre\" width=\"187\" height=\"300\" \/><\/a><br \/>\n<\/span><\/p>\n<div align=\"left\">Les petites filles r\u00eavent d&rsquo;\u00eatre maman, jamais d&rsquo;\u00eatre mar\u00e2tre. C&rsquo;est pourtant ce que vivent de tr\u00e8s nombreuses femmes qui, parce qu&rsquo;elles n&rsquo;y ont pas \u00e9t\u00e9 pr\u00e9par\u00e9es, doivent inventer leur place dans une nouvelle constellation familiale.<\/div>\n<div align=\"left\">\nQue signifie \u00eatre belle-m\u00e8re, aujourd&rsquo;hui, dans une famille en recomposition ?<br \/>\nQuel travail psychique une femme est-elle amen\u00e9e \u00e0 faire pour vivre une telle \u00ab\u00a0maternit\u00e9\u00a0\u00bb ?<br \/>\nComment compose-t-elle au quotidien avec l&rsquo;ombre de \u00ab\u00a0l&rsquo;ex\u00a0\u00bb, l&rsquo;ambivalence du p\u00e8re et les conflits de loyaut\u00e9 des enfants ?<\/p>\n<p>Ce livre est d\u00e9di\u00e9 aux \u00ab\u00a0nouvelles mar\u00e2tres\u00a0\u00bb. II raconte leurs histoires, des histoires d&rsquo;amour et de haine, de patience, de g\u00e9n\u00e9rosit\u00e9, de lassitude parfois. Il montre aussi que l&rsquo;attitude des hommes, en cette affaire, est cruciale. Pour les enfants, pour le couple, et pour que la belle-m\u00e8re ne soit pas consid\u00e9r\u00e9e comme une m\u00e8re \u00ab\u00a0au rabais\u00a0\u00bb.<\/p><\/div>\n<\/div>\n","protected":false},"excerpt":{"rendered":"<p>Les petites filles r\u00eavent d&rsquo;\u00eatre maman, jamais d&rsquo;\u00eatre mar\u00e2tre. C&rsquo;est pourtant ce que vivent de tr\u00e8s nombreuses femmes qui, parce qu&rsquo;elles n&rsquo;y ont pas \u00e9t\u00e9 pr\u00e9par\u00e9es, doivent inventer leur place dans une nouvelle constellation familiale. Que signifie \u00eatre belle-m\u00e8re, aujourd&rsquo;hui, dans une famille en recomposition ? Quel travail psychique une femme est-elle amen\u00e9e \u00e0 faire &hellip; <a href=\"https:\/\/www.labelleviededaniel.fr\/?page_id=2538\" class=\"more-link\">Continuer la lecture de <span class=\"screen-reader-text\">\u00ab\u00a0Le complexe de la mar\u00e2tre\u00a0\u00bb  livre de Catherine Audibert, \u00e9dition  Payot ( septembre 2004)<\/span> <span class=\"meta-nav\">&rarr;<\/span><\/a><\/p>\n","protected":false},"author":1,"featured_media":0,"parent":3284,"menu_order":0,"comment_status":"closed","ping_status":"closed","template":"","meta":{"footnotes":""},"class_list":["post-2538","page","type-page","status-publish","hentry"],"_links":{"self":[{"href":"https:\/\/www.labelleviededaniel.fr\/index.php?rest_route=\/wp\/v2\/pages\/2538","targetHints":{"allow":["GET"]}}],"collection":[{"href":"https:\/\/www.labelleviededaniel.fr\/index.php?rest_route=\/wp\/v2\/pages"}],"about":[{"href":"https:\/\/www.labelleviededaniel.fr\/index.php?rest_route=\/wp\/v2\/types\/page"}],"author":[{"embeddable":true,"href":"https:\/\/www.labelleviededaniel.fr\/index.php?rest_route=\/wp\/v2\/users\/1"}],"replies":[{"embeddable":true,"href":"https:\/\/www.labelleviededaniel.fr\/index.php?rest_route=%2Fwp%2Fv2%2Fcomments&post=2538"}],"version-history":[{"count":1,"href":"https:\/\/www.labelleviededaniel.fr\/index.php?rest_route=\/wp\/v2\/pages\/2538\/revisions"}],"predecessor-version":[{"id":2539,"href":"https:\/\/www.labelleviededaniel.fr\/index.php?rest_route=\/wp\/v2\/pages\/2538\/revisions\/2539"}],"up":[{"embeddable":true,"href":"https:\/\/www.labelleviededaniel.fr\/index.php?rest_route=\/wp\/v2\/pages\/3284"}],"wp:attachment":[{"href":"https:\/\/www.labelleviededaniel.fr\/index.php?rest_route=%2Fwp%2Fv2%2Fmedia&parent=2538"}],"curies":[{"name":"wp","href":"https:\/\/api.w.org\/{rel}","templated":true}]}}