{"id":2544,"date":"2016-02-06T11:36:16","date_gmt":"2016-02-06T10:36:16","guid":{"rendered":"https:\/\/www.labelleviededaniel.fr\/?page_id=2544"},"modified":"2022-06-09T12:33:43","modified_gmt":"2022-06-09T11:33:43","slug":"migrants-bonnelles-calais-dunkerque","status":"publish","type":"page","link":"https:\/\/www.labelleviededaniel.fr\/?page_id=2544","title":{"rendered":"Migrants ( Bonnelles, Calais, Dunkerque&#8230;)"},"content":{"rendered":"<ul>\n<li>Situation au Monast\u00e8re des Orant\u00e8s de l&rsquo;assomption \u00e0 Bonnelles pr\u00e8s de Rambouillet(78)<\/li>\n<\/ul>\n<p>Article du Parisien du 14 janvier 2016\u00a0 sur l&rsquo;arriv\u00e9e des tib\u00e9tains\u00a0 au monast\u00e8re de Bonnelles ( 78) : <a href=\"https:\/\/www.labelleviededaniel.fr\/wp-content\/uploads\/2016\/02\/Bonnelles.docx\" rel=\"\">Bonnelles<\/a><\/p>\n<p>Etape de r\u00e9daction de CV\u00a0 pour les tib\u00e9tains du Monast\u00e8re de Bonnelles(78) avec le Lions Club Yvelines Heraldic en mars 2016.<\/p>\n<p>Les\u00a0\u00a0 trois Tib\u00e9tains seront interview\u00e9s\u00a0 le\u00a0 vendredi\u00a0 18 mars 2016 et revus\u00a0 le mardi 22 mars. Ce f\u00fbt une exp\u00e9rience tr\u00e8s enrichissante avec la rencontre de parcours de vie tr\u00e8s dure pour ces r\u00e9fugi\u00e9s politique qui ont d\u00fb fuir le Tibet en raisons des tensions avec la Chine. Nous serons re\u00e7us Chris et moi par une femme exceptionnelle, Isabelle Maurette, nouvelle Directrice du Monast\u00e8re et qui\u00a0 hier encore\u00a0 avait\u00a0 des\u00a0 responsabilit\u00e9s dans le secteur\u00a0 priv\u00e9.<br \/>\nVid\u00e9o de la chaine TV Yvelines Premi\u00e8re du 10 f\u00e9vrier 2016 sur la situation des r\u00e9fugi\u00e9s tib\u00e9tains \u00e0 Conflans Saint Honorine ( avec l&rsquo;association La Pierre Blanche\u00a0 du Pr\u00e9sident Christian Souchon) et au Monast\u00e8re des Orant\u00e8s de l&rsquo;assomption de Bonnelles ( Bernard Devert, Isabelle Maurette).<\/p>\n<p>Vid\u00e9o r\u00e9alis\u00e9e sur la p\u00e9niche de Conflans Saint Honorine sur l&rsquo;accueil des Tib\u00e9tains:<br \/>\n<iframe loading=\"lazy\" src=\"https:\/\/www.youtube.com\/embed\/qDNgkgmm24Q\" width=\"560\" height=\"315\" frameborder=\"0\" allowfullscreen=\"allowfullscreen\"><\/iframe><\/p>\n<ul>\n<li>Situation \u00e0 Calais et Dunkerque<\/li>\n<p><a href=\"https:\/\/www.labelleviededaniel.fr\/wp-content\/uploads\/2016\/02\/1602lettreduLCdeMontaigusurlesmigrants.pdf\" rel=\"\">1602lettreduLCdeMontaigusurlesmigrants<\/a><\/p>\n<p>\u00ab\u00a0Bienvenue \u00e0 Calais\u00a0\u00bb livre\u00a0 de Marie-Fran\u00e7oise Colombani et Damien Roudeau, \u00e9dition Actes Sud<\/p>\n<p><iframe loading=\"lazy\" src=\"https:\/\/www.youtube.com\/embed\/q0L9RWW0iSY\" width=\"560\" height=\"315\" frameborder=\"0\" allowfullscreen=\"allowfullscreen\"><\/iframe><br \/>\nVid\u00e9o\u00a0 sur la situation en Belgique ( SB Overseas):<br \/>\n<iframe loading=\"lazy\" src=\"https:\/\/www.youtube.com\/embed\/tbb1FvaPfW0\" width=\"560\" height=\"315\" frameborder=\"0\" allowfullscreen=\"allowfullscreen\"><\/iframe><\/p>\n<p>Projet\u00a0 \u00a0\u00bb migrants 2016&Prime; document pdf sur\u00a0 les actions du LCYH depuis 2015 <a href=\"https:\/\/www.labelleviededaniel.fr\/wp-content\/uploads\/2016\/02\/LCYH-Migrant-Project-2016-.pdf\">lcyh-migrant-project-2016<\/a><\/p>\n","protected":false},"excerpt":{"rendered":"<p>Situation au Monast\u00e8re des Orant\u00e8s de l&rsquo;assomption \u00e0 Bonnelles pr\u00e8s de Rambouillet(78) Article du Parisien du 14 janvier 2016\u00a0 sur l&rsquo;arriv\u00e9e des tib\u00e9tains\u00a0 au monast\u00e8re de Bonnelles ( 78) : Bonnelles Etape de r\u00e9daction de CV\u00a0 pour les tib\u00e9tains du Monast\u00e8re de Bonnelles(78) avec le Lions Club Yvelines Heraldic en mars 2016. Les\u00a0\u00a0 trois Tib\u00e9tains &hellip; <a href=\"https:\/\/www.labelleviededaniel.fr\/?page_id=2544\" class=\"more-link\">Continuer la lecture de <span class=\"screen-reader-text\">Migrants ( Bonnelles, Calais, Dunkerque&#8230;)<\/span> <span class=\"meta-nav\">&rarr;<\/span><\/a><\/p>\n","protected":false},"author":1,"featured_media":0,"parent":2542,"menu_order":0,"comment_status":"closed","ping_status":"closed","template":"","meta":{"footnotes":""},"class_list":["post-2544","page","type-page","status-publish","hentry"],"_links":{"self":[{"href":"https:\/\/www.labelleviededaniel.fr\/index.php?rest_route=\/wp\/v2\/pages\/2544","targetHints":{"allow":["GET"]}}],"collection":[{"href":"https:\/\/www.labelleviededaniel.fr\/index.php?rest_route=\/wp\/v2\/pages"}],"about":[{"href":"https:\/\/www.labelleviededaniel.fr\/index.php?rest_route=\/wp\/v2\/types\/page"}],"author":[{"embeddable":true,"href":"https:\/\/www.labelleviededaniel.fr\/index.php?rest_route=\/wp\/v2\/users\/1"}],"replies":[{"embeddable":true,"href":"https:\/\/www.labelleviededaniel.fr\/index.php?rest_route=%2Fwp%2Fv2%2Fcomments&post=2544"}],"version-history":[{"count":21,"href":"https:\/\/www.labelleviededaniel.fr\/index.php?rest_route=\/wp\/v2\/pages\/2544\/revisions"}],"predecessor-version":[{"id":9914,"href":"https:\/\/www.labelleviededaniel.fr\/index.php?rest_route=\/wp\/v2\/pages\/2544\/revisions\/9914"}],"up":[{"embeddable":true,"href":"https:\/\/www.labelleviededaniel.fr\/index.php?rest_route=\/wp\/v2\/pages\/2542"}],"wp:attachment":[{"href":"https:\/\/www.labelleviededaniel.fr\/index.php?rest_route=%2Fwp%2Fv2%2Fmedia&parent=2544"}],"curies":[{"name":"wp","href":"https:\/\/api.w.org\/{rel}","templated":true}]}}