{"id":2546,"date":"2016-02-06T11:37:37","date_gmt":"2016-02-06T10:37:37","guid":{"rendered":"https:\/\/www.labelleviededaniel.fr\/?page_id=2546"},"modified":"2017-04-26T16:11:31","modified_gmt":"2017-04-26T15:11:31","slug":"le-defi-78","status":"publish","type":"page","link":"https:\/\/www.labelleviededaniel.fr\/?page_id=2546","title":{"rendered":"Le \u00a0\u00bb D\u00e9fi 78&Prime;"},"content":{"rendered":"<p><a href=\"https:\/\/www.labelleviededaniel.fr\/wp-content\/uploads\/2016\/02\/1505Defi78-A4-Poster-V4-Complete-2015-05-21.pdf\">1505Defi78 &#8211; A4- Poster V4 &#8211; Complete 2015-05-21<\/a><br \/>\n<a href=\"https:\/\/www.labelleviededaniel.fr\/wp-content\/uploads\/2016\/02\/1505CR-3e\u0300me-REUNION-INTER-clubs-20-mai-2015-doc-2-4.pdf\">DEFI 78 Compte rendu de la r\u00e9union interclubs du 20 mai 2015 \u00e0 Louveciennes<\/a><br \/>\n<a href=\"https:\/\/www.labelleviededaniel.fr\/wp-content\/uploads\/2016\/02\/1505interclubmeeting20maiD\u00e9fi\u00e878-1.pdf\">handout welfare pour la r\u00e9union interclubs du 20 mai 2015 \u00e0 Louveciennes<\/a><\/p>\n","protected":false},"excerpt":{"rendered":"<p>1505Defi78 &#8211; A4- Poster V4 &#8211; Complete 2015-05-21 DEFI 78 Compte rendu de la r\u00e9union interclubs du 20 mai 2015 \u00e0 Louveciennes handout welfare pour la r\u00e9union interclubs du 20 mai 2015 \u00e0 Louveciennes<\/p>\n","protected":false},"author":1,"featured_media":0,"parent":1966,"menu_order":0,"comment_status":"closed","ping_status":"closed","template":"","meta":{"footnotes":""},"class_list":["post-2546","page","type-page","status-publish","hentry"],"_links":{"self":[{"href":"https:\/\/www.labelleviededaniel.fr\/index.php?rest_route=\/wp\/v2\/pages\/2546","targetHints":{"allow":["GET"]}}],"collection":[{"href":"https:\/\/www.labelleviededaniel.fr\/index.php?rest_route=\/wp\/v2\/pages"}],"about":[{"href":"https:\/\/www.labelleviededaniel.fr\/index.php?rest_route=\/wp\/v2\/types\/page"}],"author":[{"embeddable":true,"href":"https:\/\/www.labelleviededaniel.fr\/index.php?rest_route=\/wp\/v2\/users\/1"}],"replies":[{"embeddable":true,"href":"https:\/\/www.labelleviededaniel.fr\/index.php?rest_route=%2Fwp%2Fv2%2Fcomments&post=2546"}],"version-history":[{"count":5,"href":"https:\/\/www.labelleviededaniel.fr\/index.php?rest_route=\/wp\/v2\/pages\/2546\/revisions"}],"predecessor-version":[{"id":5080,"href":"https:\/\/www.labelleviededaniel.fr\/index.php?rest_route=\/wp\/v2\/pages\/2546\/revisions\/5080"}],"up":[{"embeddable":true,"href":"https:\/\/www.labelleviededaniel.fr\/index.php?rest_route=\/wp\/v2\/pages\/1966"}],"wp:attachment":[{"href":"https:\/\/www.labelleviededaniel.fr\/index.php?rest_route=%2Fwp%2Fv2%2Fmedia&parent=2546"}],"curies":[{"name":"wp","href":"https:\/\/api.w.org\/{rel}","templated":true}]}}