{"id":2557,"date":"2016-02-06T18:35:48","date_gmt":"2016-02-06T17:35:48","guid":{"rendered":"https:\/\/www.labelleviededaniel.fr\/?page_id=2557"},"modified":"2025-02-02T13:14:29","modified_gmt":"2025-02-02T12:14:29","slug":"formation","status":"publish","type":"page","link":"https:\/\/www.labelleviededaniel.fr\/?page_id=2557","title":{"rendered":"Formation"},"content":{"rendered":"<p><iframe loading=\"lazy\" title=\"YouTube video player\" src=\"https:\/\/www.youtube.com\/embed\/5xbeKHi0txk\" width=\"560\" height=\"315\" frameborder=\"0\" allowfullscreen=\"allowfullscreen\"><\/iframe><\/p>\n<p><a href=\"http:\/\/cany-col.spip.ac-rouen.fr\/?lang=fr\">Coll\u00e8ge Louis Bouilhet de Cany-Barville (76)<\/a><br \/>\n<a href=\"http:\/\/pascal-lyc.spip.ac-rouen.fr\/\">Lyc\u00e9e Blaise Pascal de Rouen<\/a><br \/>\n<a href=\"http:\/\/iutrouen.univ-rouen.fr\/b-u-t-chimie-681109.kjsp\"> IUT de Rouen (B.U.T. de chimie)<\/a><br \/>\n<a href=\"https:\/\/www.univ-rouen.fr\/\">l&rsquo;Universit\u00e9 de Rouen<\/a><br \/>\n<a href=\"https:\/\/www.labelleviededaniel.fr\/?p=2793\">renvoi \u00e0 l&rsquo;article sur la journ\u00e9e portes ouvertes \u00e0 l&rsquo; IUT de Mont Saint-Aignan avec Genevi\u00e8ve Brigot en 2016<\/a><br \/>\nLa plaquette du DUT de chimie de Rouen: <a href=\"https:\/\/www.labelleviededaniel.fr\/wp-content\/uploads\/2016\/02\/IUTchimie.pdf\" rel=\"\">IUTchimie<\/a><br \/>\n<a href=\"http:\/\/www.cnam.fr\/\">le Conservatoire National des Arts et M\u00e9tiers ( C.N.A.M.)<\/a><br \/>\n<a href=\"https:\/\/bibliotheques.cnam.fr\/opac\/.do\">la biblioth\u00e8que du CNAM<\/a><br \/>\n<a href=\"https:\/\/visites-guidees.net\/ancien-refectoire-gothique-du-prieure-de-saint-martin-des-champs-paris\/\">la biblioth\u00e8que du CNAM ( ancien r\u00e9fectoire gothique du prieur\u00e9 de Saint-Martin des Champs) d\u00e9crite sur le site web : https:\/\/visites-guidees.net<\/a><\/p>\n<figure id=\"attachment_11979\" aria-describedby=\"caption-attachment-11979\" style=\"width: 800px\" class=\"wp-caption alignnone\"><a href=\"https:\/\/www.labelleviededaniel.fr\/wp-content\/uploads\/2025\/02\/bibl-cnam.jpg\"><img loading=\"lazy\" decoding=\"async\" class=\"size-full wp-image-11979\" src=\"https:\/\/www.labelleviededaniel.fr\/wp-content\/uploads\/2025\/02\/bibl-cnam.jpg\" alt=\"\" width=\"800\" height=\"531\" srcset=\"https:\/\/www.labelleviededaniel.fr\/wp-content\/uploads\/2025\/02\/bibl-cnam.jpg 800w, https:\/\/www.labelleviededaniel.fr\/wp-content\/uploads\/2025\/02\/bibl-cnam-300x199.jpg 300w, https:\/\/www.labelleviededaniel.fr\/wp-content\/uploads\/2025\/02\/bibl-cnam-700x465.jpg 700w, https:\/\/www.labelleviededaniel.fr\/wp-content\/uploads\/2025\/02\/bibl-cnam-768x510.jpg 768w\" sizes=\"auto, (max-width: 800px) 100vw, 800px\" \/><\/a><figcaption id=\"caption-attachment-11979\" class=\"wp-caption-text\">Eleves dans la salle de lecture de la bibliotheque centrale du Cnam.<\/figcaption><\/figure>\n<div id='gallery-1' class='gallery galleryid-2557 gallery-columns-4 gallery-size-medium'><figure class='gallery-item'>\n\t\t\t<div class='gallery-icon landscape'>\n\t\t\t\t<a href='https:\/\/www.labelleviededaniel.fr\/?attachment_id=11984'><img loading=\"lazy\" decoding=\"async\" width=\"300\" height=\"166\" src=\"https:\/\/www.labelleviededaniel.fr\/wp-content\/uploads\/2025\/02\/escalier-dacces-a-la-bibliotheque-du-cnam-300x166.webp\" class=\"attachment-medium size-medium\" alt=\"\" srcset=\"https:\/\/www.labelleviededaniel.fr\/wp-content\/uploads\/2025\/02\/escalier-dacces-a-la-bibliotheque-du-cnam-300x166.webp 300w, https:\/\/www.labelleviededaniel.fr\/wp-content\/uploads\/2025\/02\/escalier-dacces-a-la-bibliotheque-du-cnam-700x388.webp 700w, https:\/\/www.labelleviededaniel.fr\/wp-content\/uploads\/2025\/02\/escalier-dacces-a-la-bibliotheque-du-cnam-768x426.webp 768w, https:\/\/www.labelleviededaniel.fr\/wp-content\/uploads\/2025\/02\/escalier-dacces-a-la-bibliotheque-du-cnam.webp 1199w\" sizes=\"auto, (max-width: 300px) 100vw, 300px\" \/><\/a>\n\t\t\t<\/div><\/figure><figure class='gallery-item'>\n\t\t\t<div class='gallery-icon landscape'>\n\t\t\t\t<a href='https:\/\/www.labelleviededaniel.fr\/?attachment_id=11985'><img loading=\"lazy\" decoding=\"async\" width=\"300\" height=\"200\" src=\"https:\/\/www.labelleviededaniel.fr\/wp-content\/uploads\/2025\/02\/biplan-de-breguet-a-la-bibliotheque-du-cnam-300x200.webp\" class=\"attachment-medium size-medium\" alt=\"\" srcset=\"https:\/\/www.labelleviededaniel.fr\/wp-content\/uploads\/2025\/02\/biplan-de-breguet-a-la-bibliotheque-du-cnam-300x200.webp 300w, https:\/\/www.labelleviededaniel.fr\/wp-content\/uploads\/2025\/02\/biplan-de-breguet-a-la-bibliotheque-du-cnam-700x467.webp 700w, https:\/\/www.labelleviededaniel.fr\/wp-content\/uploads\/2025\/02\/biplan-de-breguet-a-la-bibliotheque-du-cnam-768x512.webp 768w, https:\/\/www.labelleviededaniel.fr\/wp-content\/uploads\/2025\/02\/biplan-de-breguet-a-la-bibliotheque-du-cnam.webp 1200w\" sizes=\"auto, (max-width: 300px) 100vw, 300px\" \/><\/a>\n\t\t\t<\/div><\/figure><figure class='gallery-item'>\n\t\t\t<div class='gallery-icon landscape'>\n\t\t\t\t<a href='https:\/\/www.labelleviededaniel.fr\/?attachment_id=11986'><img loading=\"lazy\" decoding=\"async\" width=\"300\" height=\"176\" src=\"https:\/\/www.labelleviededaniel.fr\/wp-content\/uploads\/2025\/02\/pendule-foucault-cnam-musee-arts-metiers-paris-zigzag-1-300x176.jpg\" class=\"attachment-medium size-medium\" alt=\"le pendule de Foucault\" srcset=\"https:\/\/www.labelleviededaniel.fr\/wp-content\/uploads\/2025\/02\/pendule-foucault-cnam-musee-arts-metiers-paris-zigzag-1-300x176.jpg 300w, https:\/\/www.labelleviededaniel.fr\/wp-content\/uploads\/2025\/02\/pendule-foucault-cnam-musee-arts-metiers-paris-zigzag-1-700x410.jpg 700w, https:\/\/www.labelleviededaniel.fr\/wp-content\/uploads\/2025\/02\/pendule-foucault-cnam-musee-arts-metiers-paris-zigzag-1-768x449.jpg 768w, https:\/\/www.labelleviededaniel.fr\/wp-content\/uploads\/2025\/02\/pendule-foucault-cnam-musee-arts-metiers-paris-zigzag-1.jpg 1200w\" sizes=\"auto, (max-width: 300px) 100vw, 300px\" \/><\/a>\n\t\t\t<\/div><\/figure><figure class='gallery-item'>\n\t\t\t<div class='gallery-icon landscape'>\n\t\t\t\t<a href='https:\/\/www.labelleviededaniel.fr\/?attachment_id=11987'><img loading=\"lazy\" decoding=\"async\" width=\"300\" height=\"209\" src=\"https:\/\/www.labelleviededaniel.fr\/wp-content\/uploads\/2025\/02\/interieur-de-la-bibliotheque-du-cnam-300x209.jpg\" class=\"attachment-medium size-medium\" alt=\"\" srcset=\"https:\/\/www.labelleviededaniel.fr\/wp-content\/uploads\/2025\/02\/interieur-de-la-bibliotheque-du-cnam-300x209.jpg 300w, https:\/\/www.labelleviededaniel.fr\/wp-content\/uploads\/2025\/02\/interieur-de-la-bibliotheque-du-cnam-700x487.jpg 700w, https:\/\/www.labelleviededaniel.fr\/wp-content\/uploads\/2025\/02\/interieur-de-la-bibliotheque-du-cnam-768x534.jpg 768w, https:\/\/www.labelleviededaniel.fr\/wp-content\/uploads\/2025\/02\/interieur-de-la-bibliotheque-du-cnam.jpg 1200w\" sizes=\"auto, (max-width: 300px) 100vw, 300px\" \/><\/a>\n\t\t\t<\/div><\/figure>\n\t\t<\/div>\n\n<p>&nbsp;<\/p>\n<p><a href=\"https:\/\/www.labelleviededaniel.fr\/wp-content\/uploads\/2025\/02\/le-prieure-clunisien-Saint-Martin-des-champs.pdf\">le prieur\u00e9 clunisien Saint-Martin-des -champs<\/a><\/p>\n<p><a href=\"https:\/\/www.labelleviededaniel.fr\/wp-content\/uploads\/2025\/01\/les-ynamines-a-versatile-tools-in-organic-chemistry-by-Jacqueline-FICINI.pdf\">les ynamines a versatile tools in organic chemistry, by Jacqueline FICINI<\/a><\/p>\n","protected":false},"excerpt":{"rendered":"<p>Coll\u00e8ge Louis Bouilhet de Cany-Barville (76) Lyc\u00e9e Blaise Pascal de Rouen IUT de Rouen (B.U.T. de chimie) l&rsquo;Universit\u00e9 de Rouen renvoi \u00e0 l&rsquo;article sur la journ\u00e9e portes ouvertes \u00e0 l&rsquo; IUT de Mont Saint-Aignan avec Genevi\u00e8ve Brigot en 2016 La plaquette du DUT de chimie de Rouen: IUTchimie le Conservatoire National des Arts et M\u00e9tiers &hellip; <a href=\"https:\/\/www.labelleviededaniel.fr\/?page_id=2557\" class=\"more-link\">Continuer la lecture de <span class=\"screen-reader-text\">Formation<\/span> <span class=\"meta-nav\">&rarr;<\/span><\/a><\/p>\n","protected":false},"author":1,"featured_media":0,"parent":1599,"menu_order":0,"comment_status":"closed","ping_status":"closed","template":"","meta":{"footnotes":""},"class_list":["post-2557","page","type-page","status-publish","hentry"],"_links":{"self":[{"href":"https:\/\/www.labelleviededaniel.fr\/index.php?rest_route=\/wp\/v2\/pages\/2557","targetHints":{"allow":["GET"]}}],"collection":[{"href":"https:\/\/www.labelleviededaniel.fr\/index.php?rest_route=\/wp\/v2\/pages"}],"about":[{"href":"https:\/\/www.labelleviededaniel.fr\/index.php?rest_route=\/wp\/v2\/types\/page"}],"author":[{"embeddable":true,"href":"https:\/\/www.labelleviededaniel.fr\/index.php?rest_route=\/wp\/v2\/users\/1"}],"replies":[{"embeddable":true,"href":"https:\/\/www.labelleviededaniel.fr\/index.php?rest_route=%2Fwp%2Fv2%2Fcomments&post=2557"}],"version-history":[{"count":21,"href":"https:\/\/www.labelleviededaniel.fr\/index.php?rest_route=\/wp\/v2\/pages\/2557\/revisions"}],"predecessor-version":[{"id":11989,"href":"https:\/\/www.labelleviededaniel.fr\/index.php?rest_route=\/wp\/v2\/pages\/2557\/revisions\/11989"}],"up":[{"embeddable":true,"href":"https:\/\/www.labelleviededaniel.fr\/index.php?rest_route=\/wp\/v2\/pages\/1599"}],"wp:attachment":[{"href":"https:\/\/www.labelleviededaniel.fr\/index.php?rest_route=%2Fwp%2Fv2%2Fmedia&parent=2557"}],"curies":[{"name":"wp","href":"https:\/\/api.w.org\/{rel}","templated":true}]}}