{"id":2649,"date":"2016-02-08T09:27:54","date_gmt":"2016-02-08T08:27:54","guid":{"rendered":"https:\/\/www.labelleviededaniel.fr\/?page_id=2649"},"modified":"2016-02-08T16:07:26","modified_gmt":"2016-02-08T15:07:26","slug":"paris-ve-le-quartier-de-la-rue-mouffetard","status":"publish","type":"page","link":"https:\/\/www.labelleviededaniel.fr\/?page_id=2649","title":{"rendered":"Paris Ve-  le quartier de la rue Mouffetard, de la grande  Mosqu\u00e9e de Paris, des ar\u00e8nes de Lut\u00e8ce etc&#8230;"},"content":{"rendered":"<p>Date de la ballade : dimanche 7 f\u00e9vrier 2016<\/p>\n<p>Points int\u00e9ressants : la place\u00a0 de l&rsquo;\u00e9glise Saint M\u00e9dard avec les\u00a0 chanteurs et danseurs du dimanche midi, la rue Mouffetard, la rue Rollin, la place de la Contrescarpe, les ar\u00e8nes de Lut\u00e8ce, la Grande Mosqu\u00e9e de Paris, le Panth\u00e9on, le jardin des Plantes. D\u00e9jeuner au restaurant le Mouffetard ( quartier \u00e0 revoir avec les \u00e9tudiants).<\/p>\n<p>&nbsp;<\/p>\n<p><a href=\"https:\/\/commons.wikimedia.org\/wiki\/File:Paris_5th.png#\/media\/File:Paris_5th.png\"><img decoding=\"async\" class=\"aligncenter\" src=\"https:\/\/upload.wikimedia.org\/wikipedia\/commons\/3\/3f\/Paris_5th.png\" alt=\"Paris 5th.png\" \/><\/a><br \/>\nChant et danse le dimanche matin sur la place Saint M\u00e9dard:<br \/>\n<iframe loading=\"lazy\" src=\"https:\/\/www.youtube.com\/embed\/bbdLp_-vm5M\" width=\"500\" height=\"280\" frameborder=\"0\" allowfullscreen=\"allowfullscreen\"><\/iframe><\/p>\n<p><a href=\"http:\/\/petitbal.com\/index.html\">\u00a0le site internet\u00a0 du Petit bal musette : Petit bal musette<\/a><\/p>\n<div style=\"width: 604px;\" class=\"wp-video\"><video class=\"wp-video-shortcode\" id=\"video-2649-1\" width=\"604\" height=\"340\" preload=\"metadata\" controls=\"controls\"><source type=\"video\/mp4\" src=\"https:\/\/www.labelleviededaniel.fr\/wp-content\/uploads\/2016\/02\/WP_20160207_004.mp4?_=1\" \/><a href=\"https:\/\/www.labelleviededaniel.fr\/wp-content\/uploads\/2016\/02\/WP_20160207_004.mp4\">https:\/\/www.labelleviededaniel.fr\/wp-content\/uploads\/2016\/02\/WP_20160207_004.mp4<\/a><\/video><\/div>\n<div style=\"width: 604px;\" class=\"wp-video\"><video class=\"wp-video-shortcode\" id=\"video-2649-2\" width=\"604\" height=\"340\" preload=\"metadata\" controls=\"controls\"><source type=\"video\/mp4\" src=\"https:\/\/www.labelleviededaniel.fr\/wp-content\/uploads\/2016\/02\/WP_20160207_002.mp4?_=2\" \/><a href=\"https:\/\/www.labelleviededaniel.fr\/wp-content\/uploads\/2016\/02\/WP_20160207_002.mp4\">https:\/\/www.labelleviededaniel.fr\/wp-content\/uploads\/2016\/02\/WP_20160207_002.mp4<\/a><\/video><\/div>\n<p><a href=\"https:\/\/www.labelleviededaniel.fr\/wp-content\/uploads\/2016\/02\/WP_20160207_001.jpg\" rel=\"attachment wp-att-2621\"><img loading=\"lazy\" decoding=\"async\" class=\"size-medium wp-image-2621 aligncenter\" src=\"https:\/\/www.labelleviededaniel.fr\/wp-content\/uploads\/2016\/02\/WP_20160207_001-300x169.jpg\" alt=\"WP_20160207_001\" width=\"300\" height=\"169\" \/><\/a> <a href=\"https:\/\/www.labelleviededaniel.fr\/wp-content\/uploads\/2016\/02\/WP_20160207_003.jpg\" rel=\"attachment wp-att-2622\"><img loading=\"lazy\" decoding=\"async\" class=\"size-medium wp-image-2622 aligncenter\" src=\"https:\/\/www.labelleviededaniel.fr\/wp-content\/uploads\/2016\/02\/WP_20160207_003-300x169.jpg\" alt=\"WP_20160207_003\" width=\"300\" height=\"169\" \/><\/a> <a href=\"https:\/\/www.labelleviededaniel.fr\/wp-content\/uploads\/2016\/02\/WP_20160207_007.jpg\" rel=\"attachment wp-att-2625\"><img loading=\"lazy\" decoding=\"async\" class=\"size-medium wp-image-2625 aligncenter\" src=\"https:\/\/www.labelleviededaniel.fr\/wp-content\/uploads\/2016\/02\/WP_20160207_007-300x169.jpg\" alt=\"WP_20160207_007\" width=\"300\" height=\"169\" \/><\/a> <a href=\"https:\/\/www.labelleviededaniel.fr\/wp-content\/uploads\/2016\/02\/WP_20160207_010.jpg\" rel=\"attachment wp-att-2628\"><img loading=\"lazy\" decoding=\"async\" class=\"size-medium wp-image-2628 aligncenter\" src=\"https:\/\/www.labelleviededaniel.fr\/wp-content\/uploads\/2016\/02\/WP_20160207_010-300x169.jpg\" alt=\"WP_20160207_010\" width=\"300\" height=\"169\" \/><\/a> <a href=\"https:\/\/www.labelleviededaniel.fr\/wp-content\/uploads\/2016\/02\/WP_20160207_012.jpg\" rel=\"attachment wp-att-2629\"><img loading=\"lazy\" decoding=\"async\" class=\"size-medium wp-image-2629 aligncenter\" src=\"https:\/\/www.labelleviededaniel.fr\/wp-content\/uploads\/2016\/02\/WP_20160207_012-300x169.jpg\" alt=\"WP_20160207_012\" width=\"300\" height=\"169\" \/><\/a> <a href=\"https:\/\/www.labelleviededaniel.fr\/wp-content\/uploads\/2016\/02\/WP_20160207_013.jpg\" rel=\"attachment wp-att-2630\"><img loading=\"lazy\" decoding=\"async\" class=\"size-medium wp-image-2630 aligncenter\" src=\"https:\/\/www.labelleviededaniel.fr\/wp-content\/uploads\/2016\/02\/WP_20160207_013-300x169.jpg\" alt=\"WP_20160207_013\" width=\"300\" height=\"169\" \/><\/a> <a href=\"https:\/\/www.labelleviededaniel.fr\/wp-content\/uploads\/2016\/02\/WP_20160207_014.jpg\" rel=\"attachment wp-att-2631\"><img loading=\"lazy\" decoding=\"async\" class=\"size-medium wp-image-2631 aligncenter\" src=\"https:\/\/www.labelleviededaniel.fr\/wp-content\/uploads\/2016\/02\/WP_20160207_014-300x169.jpg\" alt=\"WP_20160207_014\" width=\"300\" height=\"169\" \/><\/a> <a href=\"https:\/\/www.labelleviededaniel.fr\/wp-content\/uploads\/2016\/02\/WP_20160207_016.jpg\" rel=\"attachment wp-att-2633\"><img loading=\"lazy\" decoding=\"async\" class=\"size-medium wp-image-2633 aligncenter\" src=\"https:\/\/www.labelleviededaniel.fr\/wp-content\/uploads\/2016\/02\/WP_20160207_016-300x169.jpg\" alt=\"WP_20160207_016\" width=\"300\" height=\"169\" \/><\/a> <a href=\"https:\/\/www.labelleviededaniel.fr\/wp-content\/uploads\/2016\/02\/WP_20160207_017.jpg\" rel=\"attachment wp-att-2634\"><img loading=\"lazy\" decoding=\"async\" class=\"size-medium wp-image-2634 aligncenter\" src=\"https:\/\/www.labelleviededaniel.fr\/wp-content\/uploads\/2016\/02\/WP_20160207_017-300x169.jpg\" alt=\"WP_20160207_017\" width=\"300\" height=\"169\" \/><\/a> <a href=\"https:\/\/www.labelleviededaniel.fr\/wp-content\/uploads\/2016\/02\/WP_20160207_019.jpg\" rel=\"attachment wp-att-2636\"><img loading=\"lazy\" decoding=\"async\" class=\"size-medium wp-image-2636 aligncenter\" src=\"https:\/\/www.labelleviededaniel.fr\/wp-content\/uploads\/2016\/02\/WP_20160207_019-300x169.jpg\" alt=\"WP_20160207_019\" width=\"300\" height=\"169\" \/><\/a> <a href=\"https:\/\/www.labelleviededaniel.fr\/wp-content\/uploads\/2016\/02\/WP_20160207_020.jpg\" rel=\"attachment wp-att-2637\"><img loading=\"lazy\" decoding=\"async\" class=\"size-medium wp-image-2637 aligncenter\" src=\"https:\/\/www.labelleviededaniel.fr\/wp-content\/uploads\/2016\/02\/WP_20160207_020-300x169.jpg\" alt=\"WP_20160207_020\" width=\"300\" height=\"169\" \/><\/a> <a href=\"https:\/\/www.labelleviededaniel.fr\/wp-content\/uploads\/2016\/02\/WP_20160207_021.jpg\" rel=\"attachment wp-att-2638\"><img loading=\"lazy\" decoding=\"async\" class=\"size-medium wp-image-2638 aligncenter\" src=\"https:\/\/www.labelleviededaniel.fr\/wp-content\/uploads\/2016\/02\/WP_20160207_021-300x169.jpg\" alt=\"WP_20160207_021\" width=\"300\" height=\"169\" \/><\/a> <a href=\"https:\/\/www.labelleviededaniel.fr\/wp-content\/uploads\/2016\/02\/WP_20160207_022.jpg\" rel=\"attachment wp-att-2639\"><img loading=\"lazy\" decoding=\"async\" class=\"size-medium wp-image-2639 aligncenter\" src=\"https:\/\/www.labelleviededaniel.fr\/wp-content\/uploads\/2016\/02\/WP_20160207_022-300x169.jpg\" alt=\"WP_20160207_022\" width=\"300\" height=\"169\" \/><\/a> <a href=\"https:\/\/www.labelleviededaniel.fr\/wp-content\/uploads\/2016\/02\/WP_20160207_023.jpg\" rel=\"attachment wp-att-2640\"><img loading=\"lazy\" decoding=\"async\" class=\"size-medium wp-image-2640 aligncenter\" src=\"https:\/\/www.labelleviededaniel.fr\/wp-content\/uploads\/2016\/02\/WP_20160207_023-300x169.jpg\" alt=\"WP_20160207_023\" width=\"300\" height=\"169\" \/><\/a> <a href=\"https:\/\/www.labelleviededaniel.fr\/wp-content\/uploads\/2016\/02\/WP_20160207_028.jpg\" rel=\"attachment wp-att-2644\"><img loading=\"lazy\" decoding=\"async\" class=\"size-medium wp-image-2644 aligncenter\" src=\"https:\/\/www.labelleviededaniel.fr\/wp-content\/uploads\/2016\/02\/WP_20160207_028-300x169.jpg\" alt=\"WP_20160207_028\" width=\"300\" height=\"169\" \/><\/a> <a href=\"https:\/\/www.labelleviededaniel.fr\/wp-content\/uploads\/2016\/02\/WP_20160207_029.jpg\" rel=\"attachment wp-att-2645\"><img loading=\"lazy\" decoding=\"async\" class=\"size-medium wp-image-2645 aligncenter\" src=\"https:\/\/www.labelleviededaniel.fr\/wp-content\/uploads\/2016\/02\/WP_20160207_029-300x169.jpg\" alt=\"WP_20160207_029\" width=\"300\" height=\"169\" \/><\/a><\/p>\n<p><a href=\"https:\/\/www.labelleviededaniel.fr\/wp-content\/uploads\/2016\/02\/WP_20160207_018.jpg\" rel=\"attachment wp-att-2635\"><img loading=\"lazy\" decoding=\"async\" class=\"size-medium wp-image-2635 aligncenter\" src=\"https:\/\/www.labelleviededaniel.fr\/wp-content\/uploads\/2016\/02\/WP_20160207_018-169x300.jpg\" alt=\"WP_20160207_018\" width=\"169\" height=\"300\" \/><\/a> <a href=\"https:\/\/www.labelleviededaniel.fr\/wp-content\/uploads\/2016\/02\/WP_20160207_015.jpg\" rel=\"attachment wp-att-2632\"><img loading=\"lazy\" decoding=\"async\" class=\"size-medium wp-image-2632 aligncenter\" src=\"https:\/\/www.labelleviededaniel.fr\/wp-content\/uploads\/2016\/02\/WP_20160207_015-169x300.jpg\" alt=\"WP_20160207_015\" width=\"169\" height=\"300\" \/><\/a> <a href=\"https:\/\/www.labelleviededaniel.fr\/wp-content\/uploads\/2016\/02\/WP_20160207_025.jpg\" rel=\"attachment wp-att-2641\"><img loading=\"lazy\" decoding=\"async\" class=\"size-medium wp-image-2641 aligncenter\" src=\"https:\/\/www.labelleviededaniel.fr\/wp-content\/uploads\/2016\/02\/WP_20160207_025-169x300.jpg\" alt=\"WP_20160207_025\" width=\"169\" height=\"300\" \/><\/a><\/p>\n<p>&nbsp;<\/p>\n","protected":false},"excerpt":{"rendered":"<p>Date de la ballade : dimanche 7 f\u00e9vrier 2016 Points int\u00e9ressants : la place\u00a0 de l&rsquo;\u00e9glise Saint M\u00e9dard avec les\u00a0 chanteurs et danseurs du dimanche midi, la rue Mouffetard, la rue Rollin, la place de la Contrescarpe, les ar\u00e8nes de Lut\u00e8ce, la Grande Mosqu\u00e9e de Paris, le Panth\u00e9on, le jardin des Plantes. D\u00e9jeuner au restaurant &hellip; <a href=\"https:\/\/www.labelleviededaniel.fr\/?page_id=2649\" class=\"more-link\">Continuer la lecture de <span class=\"screen-reader-text\">Paris Ve-  le quartier de la rue Mouffetard, de la grande  Mosqu\u00e9e de Paris, des ar\u00e8nes de Lut\u00e8ce etc&#8230;<\/span> <span class=\"meta-nav\">&rarr;<\/span><\/a><\/p>\n","protected":false},"author":1,"featured_media":0,"parent":331,"menu_order":0,"comment_status":"closed","ping_status":"closed","template":"","meta":{"footnotes":""},"class_list":["post-2649","page","type-page","status-publish","hentry"],"_links":{"self":[{"href":"https:\/\/www.labelleviededaniel.fr\/index.php?rest_route=\/wp\/v2\/pages\/2649","targetHints":{"allow":["GET"]}}],"collection":[{"href":"https:\/\/www.labelleviededaniel.fr\/index.php?rest_route=\/wp\/v2\/pages"}],"about":[{"href":"https:\/\/www.labelleviededaniel.fr\/index.php?rest_route=\/wp\/v2\/types\/page"}],"author":[{"embeddable":true,"href":"https:\/\/www.labelleviededaniel.fr\/index.php?rest_route=\/wp\/v2\/users\/1"}],"replies":[{"embeddable":true,"href":"https:\/\/www.labelleviededaniel.fr\/index.php?rest_route=%2Fwp%2Fv2%2Fcomments&post=2649"}],"version-history":[{"count":11,"href":"https:\/\/www.labelleviededaniel.fr\/index.php?rest_route=\/wp\/v2\/pages\/2649\/revisions"}],"predecessor-version":[{"id":2660,"href":"https:\/\/www.labelleviededaniel.fr\/index.php?rest_route=\/wp\/v2\/pages\/2649\/revisions\/2660"}],"up":[{"embeddable":true,"href":"https:\/\/www.labelleviededaniel.fr\/index.php?rest_route=\/wp\/v2\/pages\/331"}],"wp:attachment":[{"href":"https:\/\/www.labelleviededaniel.fr\/index.php?rest_route=%2Fwp%2Fv2%2Fmedia&parent=2649"}],"curies":[{"name":"wp","href":"https:\/\/api.w.org\/{rel}","templated":true}]}}