{"id":2661,"date":"2016-02-09T15:57:51","date_gmt":"2016-02-09T14:57:51","guid":{"rendered":"https:\/\/www.labelleviededaniel.fr\/?page_id=2661"},"modified":"2018-06-24T10:44:41","modified_gmt":"2018-06-24T09:44:41","slug":"la-juge-de-trente-ans-de-celine-roux-raconter-la-vie-edition-du-seuil","status":"publish","type":"page","link":"https:\/\/www.labelleviededaniel.fr\/?page_id=2661","title":{"rendered":"\u00ab\u00a0La juge de trente ans\u00a0\u00bb,  de C\u00e9line Roux,  raconter la vie, \u00e9dition du  seuil"},"content":{"rendered":"<p><a href=\"https:\/\/www.labelleviededaniel.fr\/wp-content\/uploads\/2016\/02\/lajugedetrenteans.jpg\" rel=\"attachment wp-att-2663\"><img loading=\"lazy\" decoding=\"async\" class=\"size-full wp-image-2663 aligncenter\" src=\"https:\/\/www.labelleviededaniel.fr\/wp-content\/uploads\/2016\/02\/lajugedetrenteans.jpg\" alt=\"lajugedetrenteans\" width=\"163\" height=\"225\" \/><\/a><br \/>\nCe sont, pour l\u2019essentiel, elles qui rendent justice aujourd\u2019hui\u00a0: des femmes d\u2019une trentaine d\u2019ann\u00e9es, fra\u00eechement sorties de l\u2019Ecole Nationale de la Magistrature.<br \/>\nJeune juge elle-m\u00eame, C\u00e9line Roux t\u00e9moigne de son exp\u00e9rience et de celle de quatre coll\u00e8gues, toutes propuls\u00e9es \u00e0 des fonctions lourdes de responsabilit\u00e9 face \u00e0 des justiciables le plus souvent masculins. Tiraill\u00e9es par la peur de l\u2019erreur \u2013 comment ne pas douter lorsque l\u2019on peut provoquer l\u2019irr\u00e9parable\u00a0?\u00a0-, elles veulent \u00eatre infaillibles. T\u00e9moins de la d\u00e9tresse mais aussi des bassesses de l\u2019humain, elles sont les gardiennes, pour notre soci\u00e9t\u00e9, de l\u2019\u00e9quilibre entre justice et r\u00e9pression. Ce r\u00e9cit, \u00e9galement plein d\u2019humour, nous entra\u00eene aussi hors du tribunal\u00a0: la juge peut-elle encore rester exemplaire lorsqu\u2019elle ne porte plus la robe\u00a0?<\/p>\n<blockquote><p>Etre juge revient le plus souvent \u00e0 travailler seul. On passe au moins les deux tiers de son temps seul avec ses dossiers, ses audiences, ses d\u00e9cisions \u00e0 prendre.<\/p>\n<p style=\"text-align: left;\">\n<\/blockquote>\n","protected":false},"excerpt":{"rendered":"<p>Ce sont, pour l\u2019essentiel, elles qui rendent justice aujourd\u2019hui\u00a0: des femmes d\u2019une trentaine d\u2019ann\u00e9es, fra\u00eechement sorties de l\u2019Ecole Nationale de la Magistrature. Jeune juge elle-m\u00eame, C\u00e9line Roux t\u00e9moigne de son exp\u00e9rience et de celle de quatre coll\u00e8gues, toutes propuls\u00e9es \u00e0 des fonctions lourdes de responsabilit\u00e9 face \u00e0 des justiciables le plus souvent masculins. Tiraill\u00e9es par &hellip; <a href=\"https:\/\/www.labelleviededaniel.fr\/?page_id=2661\" class=\"more-link\">Continuer la lecture de <span class=\"screen-reader-text\">\u00ab\u00a0La juge de trente ans\u00a0\u00bb,  de C\u00e9line Roux,  raconter la vie, \u00e9dition du  seuil<\/span> <span class=\"meta-nav\">&rarr;<\/span><\/a><\/p>\n","protected":false},"author":1,"featured_media":0,"parent":3284,"menu_order":0,"comment_status":"closed","ping_status":"closed","template":"","meta":{"footnotes":""},"class_list":["post-2661","page","type-page","status-publish","hentry"],"_links":{"self":[{"href":"https:\/\/www.labelleviededaniel.fr\/index.php?rest_route=\/wp\/v2\/pages\/2661","targetHints":{"allow":["GET"]}}],"collection":[{"href":"https:\/\/www.labelleviededaniel.fr\/index.php?rest_route=\/wp\/v2\/pages"}],"about":[{"href":"https:\/\/www.labelleviededaniel.fr\/index.php?rest_route=\/wp\/v2\/types\/page"}],"author":[{"embeddable":true,"href":"https:\/\/www.labelleviededaniel.fr\/index.php?rest_route=\/wp\/v2\/users\/1"}],"replies":[{"embeddable":true,"href":"https:\/\/www.labelleviededaniel.fr\/index.php?rest_route=%2Fwp%2Fv2%2Fcomments&post=2661"}],"version-history":[{"count":3,"href":"https:\/\/www.labelleviededaniel.fr\/index.php?rest_route=\/wp\/v2\/pages\/2661\/revisions"}],"predecessor-version":[{"id":7048,"href":"https:\/\/www.labelleviededaniel.fr\/index.php?rest_route=\/wp\/v2\/pages\/2661\/revisions\/7048"}],"up":[{"embeddable":true,"href":"https:\/\/www.labelleviededaniel.fr\/index.php?rest_route=\/wp\/v2\/pages\/3284"}],"wp:attachment":[{"href":"https:\/\/www.labelleviededaniel.fr\/index.php?rest_route=%2Fwp%2Fv2%2Fmedia&parent=2661"}],"curies":[{"name":"wp","href":"https:\/\/api.w.org\/{rel}","templated":true}]}}