{"id":2728,"date":"2016-02-13T09:10:34","date_gmt":"2016-02-13T08:10:34","guid":{"rendered":"https:\/\/www.labelleviededaniel.fr\/?page_id=2728"},"modified":"2018-06-24T10:43:51","modified_gmt":"2018-06-24T09:43:51","slug":"grand-patron-fils-douvrier-livre-de-jules-naudet-edition-seuil-raconter-la-vie-mai-2014","status":"publish","type":"page","link":"https:\/\/www.labelleviededaniel.fr\/?page_id=2728","title":{"rendered":"\u00ab\u00a0Grand Patron,  fils d&rsquo;ouvrier\u00a0\u00bb livre de Jules Naudet , \u00e9dition  Seuil raconter la vie ( mai 2014)"},"content":{"rendered":"<p><a href=\"https:\/\/www.labelleviededaniel.fr\/wp-content\/uploads\/2016\/02\/grand-patron-fils-douvrier.jpg\" rel=\"attachment wp-att-2727\"><img loading=\"lazy\" decoding=\"async\" class=\"size-full wp-image-2727 aligncenter\" src=\"https:\/\/www.labelleviededaniel.fr\/wp-content\/uploads\/2016\/02\/grand-patron-fils-douvrier.jpg\" alt=\"grand patron, fils d'ouvrier\" width=\"159\" height=\"226\" \/><\/a><\/p>\n<p>Fils d\u2019ouvrier, Franck dirige la filiale fran\u00e7aise d\u2019un des principaux groupes p\u00e9troliers internationaux. Gr\u00e2ce \u00e0 son talent et \u00e0 une forme de hasard heureux, il a \u00e9chapp\u00e9 aux d\u00e9terminismes de son milieu\u00a0: il est devenu un tr\u00e8s grand patron. Dans cette ascension sociale fulgurante, il est rest\u00e9 \u00e9tranger \u00e0 la honte des origines. Franck n\u2019a pas non plus adopt\u00e9 les codes du monde auquel il appartient d\u00e9sormais. Son itin\u00e9raire offre un autre mod\u00e8le\u00a0: celui de la survalorisation des origines populaires comme arme de pouvoir. Charismatique et meneur d\u2019hommes, il peut aussi \u00eatre un patron d\u2019une extr\u00eame duret\u00e9.<\/p>\n<p>Franck a laiss\u00e9 le sociologue p\u00e9n\u00e9trer dans son univers de travail et son intimit\u00e9, mais n\u2019a pas souhait\u00e9 que son nom soit imprim\u00e9<\/p>\n<p>&nbsp;<\/p>\n","protected":false},"excerpt":{"rendered":"<p>Fils d\u2019ouvrier, Franck dirige la filiale fran\u00e7aise d\u2019un des principaux groupes p\u00e9troliers internationaux. Gr\u00e2ce \u00e0 son talent et \u00e0 une forme de hasard heureux, il a \u00e9chapp\u00e9 aux d\u00e9terminismes de son milieu\u00a0: il est devenu un tr\u00e8s grand patron. Dans cette ascension sociale fulgurante, il est rest\u00e9 \u00e9tranger \u00e0 la honte des origines. Franck n\u2019a &hellip; <a href=\"https:\/\/www.labelleviededaniel.fr\/?page_id=2728\" class=\"more-link\">Continuer la lecture de <span class=\"screen-reader-text\">\u00ab\u00a0Grand Patron,  fils d&rsquo;ouvrier\u00a0\u00bb livre de Jules Naudet , \u00e9dition  Seuil raconter la vie ( mai 2014)<\/span> <span class=\"meta-nav\">&rarr;<\/span><\/a><\/p>\n","protected":false},"author":1,"featured_media":0,"parent":3284,"menu_order":0,"comment_status":"closed","ping_status":"closed","template":"","meta":{"footnotes":""},"class_list":["post-2728","page","type-page","status-publish","hentry"],"_links":{"self":[{"href":"https:\/\/www.labelleviededaniel.fr\/index.php?rest_route=\/wp\/v2\/pages\/2728","targetHints":{"allow":["GET"]}}],"collection":[{"href":"https:\/\/www.labelleviededaniel.fr\/index.php?rest_route=\/wp\/v2\/pages"}],"about":[{"href":"https:\/\/www.labelleviededaniel.fr\/index.php?rest_route=\/wp\/v2\/types\/page"}],"author":[{"embeddable":true,"href":"https:\/\/www.labelleviededaniel.fr\/index.php?rest_route=\/wp\/v2\/users\/1"}],"replies":[{"embeddable":true,"href":"https:\/\/www.labelleviededaniel.fr\/index.php?rest_route=%2Fwp%2Fv2%2Fcomments&post=2728"}],"version-history":[{"count":2,"href":"https:\/\/www.labelleviededaniel.fr\/index.php?rest_route=\/wp\/v2\/pages\/2728\/revisions"}],"predecessor-version":[{"id":7047,"href":"https:\/\/www.labelleviededaniel.fr\/index.php?rest_route=\/wp\/v2\/pages\/2728\/revisions\/7047"}],"up":[{"embeddable":true,"href":"https:\/\/www.labelleviededaniel.fr\/index.php?rest_route=\/wp\/v2\/pages\/3284"}],"wp:attachment":[{"href":"https:\/\/www.labelleviededaniel.fr\/index.php?rest_route=%2Fwp%2Fv2%2Fmedia&parent=2728"}],"curies":[{"name":"wp","href":"https:\/\/api.w.org\/{rel}","templated":true}]}}