{"id":2751,"date":"2016-02-17T09:37:33","date_gmt":"2016-02-17T08:37:33","guid":{"rendered":"https:\/\/www.labelleviededaniel.fr\/?page_id=2751"},"modified":"2018-06-24T10:42:23","modified_gmt":"2018-06-24T09:42:23","slug":"la-femme-aux-chats-de-guillaume-le-blanc-edition-le-seuil-raconter-la-vie-janvier-2014","status":"publish","type":"page","link":"https:\/\/www.labelleviededaniel.fr\/?page_id=2751","title":{"rendered":"\u00ab\u00a0La femme aux chats\u00a0\u00bb de Guillaume Le Blanc ( \u00e9dition le Seuil, raconter la vie ), Janvier 2014."},"content":{"rendered":"<p><a href=\"https:\/\/www.labelleviededaniel.fr\/wp-content\/uploads\/2016\/02\/lafemmeauxchats.jpg\" rel=\"attachment wp-att-2750\"><img loading=\"lazy\" decoding=\"async\" class=\"size-full wp-image-2750 aligncenter\" src=\"https:\/\/www.labelleviededaniel.fr\/wp-content\/uploads\/2016\/02\/lafemmeauxchats.jpg\" alt=\"lafemmeauxchats\" width=\"162\" height=\"223\" \/><\/a><\/p>\n<blockquote><p>L\u2019amour des chats a bris\u00e9 l\u2019identit\u00e9 d\u2019une profession, l\u2019a recompos\u00e9e, organisant d\u2019une nouvelle mani\u00e8re la vie au travail et la vie hors-travail. La contr\u00f4leuse des imp\u00f4ts est devenue la femme aux chats. Cela se passe \u00e0 Pessac. Non loin de Bordeaux. A l\u2019int\u00e9rieur d\u2019un joli pavillon dans une zone r\u00e9sidentielle, au bout d\u2019un chemin qui m\u00e8ne vers un \u00e9tang, non loin d\u2019une piste cyclable qui relie Bordeaux \u00e0 l\u2019oc\u00e9an.<\/p><\/blockquote>\n<p>Karine est la femme aux chats, \u00e0 la fois contr\u00f4leuse des imp\u00f4ts et \u00e9leveuse de Sacr\u00e9s de Birmanie. Mal \u00e0 l\u2019aise dans un monde de la fiscalit\u00e9 en pleine restructuration, elle a choisi d\u2019am\u00e9nager sa vie personnelle et professionnelle pour assouvir sa passion des f\u00e9lins. L\u2019\u00e9levage des chats est pour elle un art plut\u00f4t qu\u2019un commerce. C\u2019est pourquoi elle a voulu faire de ce second m\u00e9tier un lieu de r\u00e9alisation de sa philosophie du soin mutuel. Par le r\u00e9cit sensible de sa rencontre avec Karine, Guillaume le Blanc rend toute sa richesse \u00e0 cette existence entre deux mondes.<\/p>\n<blockquote><p>Devenir \u00e9leveuse, c\u2019est entrer en vocation. On aime une vari\u00e9t\u00e9 de chats et on choisit de se consacrer \u00e0 elle, de lui donner sa chance, selon les nouvelles lois d\u2019un amour exclusif.<\/p><\/blockquote>\n<p>La vie am\u00e9nag\u00e9e de Karine montre la voie d\u2019un r\u00e9\u00e9quilibrage possible entre vie au travail et vie hors travail. Son histoire est aussi l\u2019occasion de s\u2019interroger sur la place affective croissante que les animaux domestiques occupent dans nos vies et de reconsid\u00e9rer les fronti\u00e8res entre l\u2019animal et l\u2019humain<\/p>\n<p>Adresse \u00e0 PESSAC:<br \/>\nChatterie du royaume d&rsquo;Agap\u00e9<br \/>\nKarine Sanderson<br \/>\n57 rue des fauvettes<br \/>\n33600 PESSAC<\/p>\n<p>la vid\u00e9o de l&rsquo;auteur:<\/p>\n<p><iframe loading=\"lazy\" src=\"\/\/www.dailymotion.com\/embed\/video\/x158wtp\" width=\"480\" height=\"270\" frameborder=\"0\" allowfullscreen=\"allowfullscreen\"><\/iframe><br \/>\n<a href=\"http:\/\/www.dailymotion.com\/video\/x158wtp_guillaume-le-blanc-la-femme-aux-chats_animals\" target=\"_blank\" rel=\"noopener\">Guillaume le Blanc, La femme aux chats<\/a> <i>par <a href=\"http:\/\/www.dailymotion.com\/raconterlavie\" target=\"_blank\" rel=\"noopener\">raconterlavie<\/a><\/i><\/p>\n<p><span style=\"border-radius: 2px; text-indent: 20px; width: auto; padding: 0px 4px 0px 0px; text-align: center; font: bold 11px\/20px 'Helvetica Neue',Helvetica,sans-serif; color: #ffffff; background: #bd081c no-repeat scroll 3px 50% \/ 14px 14px; position: absolute; opacity: 1; z-index: 8675309; display: none; cursor: pointer;\">Enregistrer<\/span><\/p>\n","protected":false},"excerpt":{"rendered":"<p>L\u2019amour des chats a bris\u00e9 l\u2019identit\u00e9 d\u2019une profession, l\u2019a recompos\u00e9e, organisant d\u2019une nouvelle mani\u00e8re la vie au travail et la vie hors-travail. La contr\u00f4leuse des imp\u00f4ts est devenue la femme aux chats. Cela se passe \u00e0 Pessac. Non loin de Bordeaux. A l\u2019int\u00e9rieur d\u2019un joli pavillon dans une zone r\u00e9sidentielle, au bout d\u2019un chemin qui &hellip; <a href=\"https:\/\/www.labelleviededaniel.fr\/?page_id=2751\" class=\"more-link\">Continuer la lecture de <span class=\"screen-reader-text\">\u00ab\u00a0La femme aux chats\u00a0\u00bb de Guillaume Le Blanc ( \u00e9dition le Seuil, raconter la vie ), Janvier 2014.<\/span> <span class=\"meta-nav\">&rarr;<\/span><\/a><\/p>\n","protected":false},"author":1,"featured_media":0,"parent":3284,"menu_order":0,"comment_status":"closed","ping_status":"closed","template":"","meta":{"footnotes":""},"class_list":["post-2751","page","type-page","status-publish","hentry"],"_links":{"self":[{"href":"https:\/\/www.labelleviededaniel.fr\/index.php?rest_route=\/wp\/v2\/pages\/2751","targetHints":{"allow":["GET"]}}],"collection":[{"href":"https:\/\/www.labelleviededaniel.fr\/index.php?rest_route=\/wp\/v2\/pages"}],"about":[{"href":"https:\/\/www.labelleviededaniel.fr\/index.php?rest_route=\/wp\/v2\/types\/page"}],"author":[{"embeddable":true,"href":"https:\/\/www.labelleviededaniel.fr\/index.php?rest_route=\/wp\/v2\/users\/1"}],"replies":[{"embeddable":true,"href":"https:\/\/www.labelleviededaniel.fr\/index.php?rest_route=%2Fwp%2Fv2%2Fcomments&post=2751"}],"version-history":[{"count":5,"href":"https:\/\/www.labelleviededaniel.fr\/index.php?rest_route=\/wp\/v2\/pages\/2751\/revisions"}],"predecessor-version":[{"id":7046,"href":"https:\/\/www.labelleviededaniel.fr\/index.php?rest_route=\/wp\/v2\/pages\/2751\/revisions\/7046"}],"up":[{"embeddable":true,"href":"https:\/\/www.labelleviededaniel.fr\/index.php?rest_route=\/wp\/v2\/pages\/3284"}],"wp:attachment":[{"href":"https:\/\/www.labelleviededaniel.fr\/index.php?rest_route=%2Fwp%2Fv2%2Fmedia&parent=2751"}],"curies":[{"name":"wp","href":"https:\/\/api.w.org\/{rel}","templated":true}]}}