{"id":2753,"date":"2016-02-17T09:52:21","date_gmt":"2016-02-17T08:52:21","guid":{"rendered":"https:\/\/www.labelleviededaniel.fr\/?page_id=2753"},"modified":"2018-06-24T10:41:06","modified_gmt":"2018-06-24T09:41:06","slug":"business-dans-la-cite-livre-de-rachid-santaki-aux-editions-du-seuil-raconter-la-vie-avril-2014","status":"publish","type":"page","link":"https:\/\/www.labelleviededaniel.fr\/?page_id=2753","title":{"rendered":"\u00ab\u00a0Business dans la cit\u00e9\u00a0\u00bb livre de Rachid Santaki aux \u00e9ditions du Seuil- raconter la vie- avril 2014"},"content":{"rendered":"<p><a href=\"https:\/\/www.labelleviededaniel.fr\/wp-content\/uploads\/2016\/02\/businessdanslacit\u00e9.jpg\" rel=\"attachment wp-att-2749\"><img loading=\"lazy\" decoding=\"async\" class=\"size-full wp-image-2749 aligncenter\" src=\"https:\/\/www.labelleviededaniel.fr\/wp-content\/uploads\/2016\/02\/businessdanslacit\u00e9.jpg\" alt=\"businessdanslacit\u00e9\" width=\"160\" height=\"225\" \/><\/a><\/p>\n<p>Un tr\u00e8s bon livre \u00e9crit dans le langage des cit\u00e9s qui illustre la difficult\u00e9 de s&rsquo;affranchir de son milieu lorsque l&rsquo;on a \u00e9t\u00e9 un dealer et que l&rsquo;on veut cr\u00e9er son entreprise. Vraiment \u00e9patant.<br \/>\nFiction dans le 93. Sous la plume de Rachid Santaki, les fronti\u00e8res entre commerce de la drogue et monde de la com\u2019 sont \u00e9tonnamment poreuses. Apr\u00e8s avoir tremp\u00e9 dans le trafic des stups, Rayane &#8211; double de l\u2019auteur\u00a0? &#8211; abandonne le business ill\u00e9gal pour cr\u00e9er un magazine et une bo\u00eete de marketing. L\u2019ancrage de Rayane \u00e0 Saint-Denis devait \u00eatre son meilleur atout. Pas facile pourtant de tout recommencer quand on a \u00e9t\u00e9 dealer.<\/p>\n","protected":false},"excerpt":{"rendered":"<p>Un tr\u00e8s bon livre \u00e9crit dans le langage des cit\u00e9s qui illustre la difficult\u00e9 de s&rsquo;affranchir de son milieu lorsque l&rsquo;on a \u00e9t\u00e9 un dealer et que l&rsquo;on veut cr\u00e9er son entreprise. Vraiment \u00e9patant. Fiction dans le 93. Sous la plume de Rachid Santaki, les fronti\u00e8res entre commerce de la drogue et monde de la &hellip; <a href=\"https:\/\/www.labelleviededaniel.fr\/?page_id=2753\" class=\"more-link\">Continuer la lecture de <span class=\"screen-reader-text\">\u00ab\u00a0Business dans la cit\u00e9\u00a0\u00bb livre de Rachid Santaki aux \u00e9ditions du Seuil- raconter la vie- avril 2014<\/span> <span class=\"meta-nav\">&rarr;<\/span><\/a><\/p>\n","protected":false},"author":1,"featured_media":0,"parent":3284,"menu_order":0,"comment_status":"closed","ping_status":"closed","template":"","meta":{"footnotes":""},"class_list":["post-2753","page","type-page","status-publish","hentry"],"_links":{"self":[{"href":"https:\/\/www.labelleviededaniel.fr\/index.php?rest_route=\/wp\/v2\/pages\/2753","targetHints":{"allow":["GET"]}}],"collection":[{"href":"https:\/\/www.labelleviededaniel.fr\/index.php?rest_route=\/wp\/v2\/pages"}],"about":[{"href":"https:\/\/www.labelleviededaniel.fr\/index.php?rest_route=\/wp\/v2\/types\/page"}],"author":[{"embeddable":true,"href":"https:\/\/www.labelleviededaniel.fr\/index.php?rest_route=\/wp\/v2\/users\/1"}],"replies":[{"embeddable":true,"href":"https:\/\/www.labelleviededaniel.fr\/index.php?rest_route=%2Fwp%2Fv2%2Fcomments&post=2753"}],"version-history":[{"count":3,"href":"https:\/\/www.labelleviededaniel.fr\/index.php?rest_route=\/wp\/v2\/pages\/2753\/revisions"}],"predecessor-version":[{"id":7045,"href":"https:\/\/www.labelleviededaniel.fr\/index.php?rest_route=\/wp\/v2\/pages\/2753\/revisions\/7045"}],"up":[{"embeddable":true,"href":"https:\/\/www.labelleviededaniel.fr\/index.php?rest_route=\/wp\/v2\/pages\/3284"}],"wp:attachment":[{"href":"https:\/\/www.labelleviededaniel.fr\/index.php?rest_route=%2Fwp%2Fv2%2Fmedia&parent=2753"}],"curies":[{"name":"wp","href":"https:\/\/api.w.org\/{rel}","templated":true}]}}