{"id":2773,"date":"2016-02-23T17:51:40","date_gmt":"2016-02-23T16:51:40","guid":{"rendered":"https:\/\/www.labelleviededaniel.fr\/?page_id=2773"},"modified":"2018-06-24T10:40:25","modified_gmt":"2018-06-24T09:40:25","slug":"chercheur-au-quotidien-livre-de-sebastien-balibar-aux-editions-le-seuil-raconter-la-vie-janvier-2014","status":"publish","type":"page","link":"https:\/\/www.labelleviededaniel.fr\/?page_id=2773","title":{"rendered":"\u00ab\u00a0Chercheur au quotidien\u00a0\u00bb livre de S\u00e9bastien Balibar, aux \u00e9ditions le Seuil ( raconter la vie) , janvier 2014"},"content":{"rendered":"<p><a href=\"https:\/\/www.labelleviededaniel.fr\/wp-content\/uploads\/2016\/02\/chercheurauquotidien.jpg\" rel=\"attachment wp-att-2772\"><img loading=\"lazy\" decoding=\"async\" class=\"size-full wp-image-2772 aligncenter\" src=\"https:\/\/www.labelleviededaniel.fr\/wp-content\/uploads\/2016\/02\/chercheurauquotidien.jpg\" alt=\"chercheurauquotidien\" width=\"161\" height=\"225\" \/><\/a><\/p>\n<p>Je suis un physicien exp\u00e9rimentateur, pas un th\u00e9oricien, mais j\u2019ai besoin d\u2019\u00e9quations pour que ma physique soit une science.<\/p>\n<p>Comment na\u00eet l\u2019id\u00e9e d\u2019une recherche ? Comment sait-on si l\u2019on cherche dans la bonne direction ? Trouve-t-on vraiment ce que l\u2019on voulait initialement trouver ?<br \/>\nS\u00e9bastien Balibar, physicien exp\u00e9rimentateur de la mati\u00e8re froide, offre des r\u00e9ponses \u00e0 ces questions fondamentales \u00e0 travers le r\u00e9cit, plein de suspens, d\u2019une d\u00e9couverte scientifique. Pour cela, il nous ouvre grand les portes de son laboratoire o\u00f9, gr\u00e2ce \u00e0 une machine ayant la forme d\u2019une fus\u00e9e, il observe les propri\u00e9t\u00e9s d\u00e9concertantes des cristaux d\u2019h\u00e9lium, formidables exemples des bizarreries de la science.<\/p>\n<p>Je soude, je fraise parfois, je colle, je visse, je branche et je pompe, je r\u00e9fl\u00e9chis, \u00e9videmment, mais au bout de tous ces efforts, j\u2019\u00e9cris et je parle. Je lis aussi, je doute et je critique. J\u2019apprends \u00e0 mes \u00e9tudiants \u00e0 faire de m\u00eame.<\/p>\n<p>A ses c\u00f4t\u00e9s, nous d\u00e9couvrons la vie quotidienne d\u2019un chercheur, au plus pr\u00e8s de la mati\u00e8re, ponctu\u00e9e par des moments de doute et d\u2019euphorie, un quotidien dans lequel le scientifique est seul dans ses interrogations mais en dialogue permanent avec d\u2019autres, apprentis et confirm\u00e9s. Plus fondamentalement, c\u2019est le processus cr\u00e9ateur de la science que le chercheur nous invite \u00e0 comprendre, tension permanente entre un bricolage rationnel et la production de connaissances nouvelles auxquelles le scientifique associera son nom.<\/p>\n<p>&nbsp;<\/p>\n<p>&nbsp;<\/p>\n","protected":false},"excerpt":{"rendered":"<p>Je suis un physicien exp\u00e9rimentateur, pas un th\u00e9oricien, mais j\u2019ai besoin d\u2019\u00e9quations pour que ma physique soit une science. Comment na\u00eet l\u2019id\u00e9e d\u2019une recherche ? Comment sait-on si l\u2019on cherche dans la bonne direction ? Trouve-t-on vraiment ce que l\u2019on voulait initialement trouver ? S\u00e9bastien Balibar, physicien exp\u00e9rimentateur de la mati\u00e8re froide, offre des r\u00e9ponses &hellip; <a href=\"https:\/\/www.labelleviededaniel.fr\/?page_id=2773\" class=\"more-link\">Continuer la lecture de <span class=\"screen-reader-text\">\u00ab\u00a0Chercheur au quotidien\u00a0\u00bb livre de S\u00e9bastien Balibar, aux \u00e9ditions le Seuil ( raconter la vie) , janvier 2014<\/span> <span class=\"meta-nav\">&rarr;<\/span><\/a><\/p>\n","protected":false},"author":1,"featured_media":0,"parent":3284,"menu_order":0,"comment_status":"closed","ping_status":"closed","template":"","meta":{"footnotes":""},"class_list":["post-2773","page","type-page","status-publish","hentry"],"_links":{"self":[{"href":"https:\/\/www.labelleviededaniel.fr\/index.php?rest_route=\/wp\/v2\/pages\/2773","targetHints":{"allow":["GET"]}}],"collection":[{"href":"https:\/\/www.labelleviededaniel.fr\/index.php?rest_route=\/wp\/v2\/pages"}],"about":[{"href":"https:\/\/www.labelleviededaniel.fr\/index.php?rest_route=\/wp\/v2\/types\/page"}],"author":[{"embeddable":true,"href":"https:\/\/www.labelleviededaniel.fr\/index.php?rest_route=\/wp\/v2\/users\/1"}],"replies":[{"embeddable":true,"href":"https:\/\/www.labelleviededaniel.fr\/index.php?rest_route=%2Fwp%2Fv2%2Fcomments&post=2773"}],"version-history":[{"count":4,"href":"https:\/\/www.labelleviededaniel.fr\/index.php?rest_route=\/wp\/v2\/pages\/2773\/revisions"}],"predecessor-version":[{"id":7044,"href":"https:\/\/www.labelleviededaniel.fr\/index.php?rest_route=\/wp\/v2\/pages\/2773\/revisions\/7044"}],"up":[{"embeddable":true,"href":"https:\/\/www.labelleviededaniel.fr\/index.php?rest_route=\/wp\/v2\/pages\/3284"}],"wp:attachment":[{"href":"https:\/\/www.labelleviededaniel.fr\/index.php?rest_route=%2Fwp%2Fv2%2Fmedia&parent=2773"}],"curies":[{"name":"wp","href":"https:\/\/api.w.org\/{rel}","templated":true}]}}