{"id":2777,"date":"2016-02-23T18:41:33","date_gmt":"2016-02-23T17:41:33","guid":{"rendered":"https:\/\/www.labelleviededaniel.fr\/?page_id=2777"},"modified":"2018-06-24T10:39:35","modified_gmt":"2018-06-24T09:39:35","slug":"moi-anthony-ouvrier-daujourdhui-collection-raconter-la-vie-edition-du-seuil-janvier2014","status":"publish","type":"page","link":"https:\/\/www.labelleviededaniel.fr\/?page_id=2777","title":{"rendered":"\u00ab\u00a0Moi, Anthony, ouvrier d&rsquo;aujourd&rsquo;hui\u00a0\u00bb collection raconter la vie, \u00e9dition du seuil, janvier2014"},"content":{"rendered":"<p><a href=\"https:\/\/www.labelleviededaniel.fr\/wp-content\/uploads\/2016\/02\/moianthony.jpg\" rel=\"attachment wp-att-2771\"><img loading=\"lazy\" decoding=\"async\" class=\"size-full wp-image-2771 aligncenter\" src=\"https:\/\/www.labelleviededaniel.fr\/wp-content\/uploads\/2016\/02\/moianthony.jpg\" alt=\"moianthony\" width=\"161\" height=\"227\" \/><\/a><br \/>\nAnthony a 27 ans. Il habite la banlieue lyonnaise. Il raconte dans ce livre le choc qu\u2019a \u00e9t\u00e9 pour lui la d\u00e9couverte du monde du travail apr\u00e8s avoir d\u00e9croch\u00e9 du lyc\u00e9e \u00e0 16 ans. Son itin\u00e9raire est r\u00e9v\u00e9lateur de l\u2019actuel mouvement de reprol\u00e9tarisation qui touche d\u00e9sormais de nombreux jeunes qui lui ressemblent. Anthony est en effet embl\u00e9matique de ces ouvriers d\u2019aujourd\u2019hui dont la vie professionnelle est marqu\u00e9e par le triple sceau de l\u2019incertitude, de la pr\u00e9carit\u00e9 des statuts et de l\u2019absence de recours \u00e0 l\u2019action collective. A travers lui, c\u2019est donc une nouvelle classe ouvri\u00e8re, travaillant ici dans le monde des entrep\u00f4ts et de la logistique, que l\u2019on d\u00e9couvre.<\/p>\n<p>L\u2019histoire d\u2019Anthony n\u2019est pas uniquement celle d\u2019illusions perdues. Bien que r\u00e9solument pudique sur sa vie personnelle, elle r\u00e9v\u00e8le une personne d\u00e9termin\u00e9e et murie par ses exp\u00e9riences, un jeune qui, \u00e0 sa mani\u00e8re, refuse de plier.<\/p>\n<p>&nbsp;<\/p>\n<p>&nbsp;<\/p>\n","protected":false},"excerpt":{"rendered":"<p>Anthony a 27 ans. Il habite la banlieue lyonnaise. Il raconte dans ce livre le choc qu\u2019a \u00e9t\u00e9 pour lui la d\u00e9couverte du monde du travail apr\u00e8s avoir d\u00e9croch\u00e9 du lyc\u00e9e \u00e0 16 ans. Son itin\u00e9raire est r\u00e9v\u00e9lateur de l\u2019actuel mouvement de reprol\u00e9tarisation qui touche d\u00e9sormais de nombreux jeunes qui lui ressemblent. Anthony est en &hellip; <a href=\"https:\/\/www.labelleviededaniel.fr\/?page_id=2777\" class=\"more-link\">Continuer la lecture de <span class=\"screen-reader-text\">\u00ab\u00a0Moi, Anthony, ouvrier d&rsquo;aujourd&rsquo;hui\u00a0\u00bb collection raconter la vie, \u00e9dition du seuil, janvier2014<\/span> <span class=\"meta-nav\">&rarr;<\/span><\/a><\/p>\n","protected":false},"author":1,"featured_media":0,"parent":3284,"menu_order":0,"comment_status":"closed","ping_status":"closed","template":"","meta":{"footnotes":""},"class_list":["post-2777","page","type-page","status-publish","hentry"],"_links":{"self":[{"href":"https:\/\/www.labelleviededaniel.fr\/index.php?rest_route=\/wp\/v2\/pages\/2777","targetHints":{"allow":["GET"]}}],"collection":[{"href":"https:\/\/www.labelleviededaniel.fr\/index.php?rest_route=\/wp\/v2\/pages"}],"about":[{"href":"https:\/\/www.labelleviededaniel.fr\/index.php?rest_route=\/wp\/v2\/types\/page"}],"author":[{"embeddable":true,"href":"https:\/\/www.labelleviededaniel.fr\/index.php?rest_route=\/wp\/v2\/users\/1"}],"replies":[{"embeddable":true,"href":"https:\/\/www.labelleviededaniel.fr\/index.php?rest_route=%2Fwp%2Fv2%2Fcomments&post=2777"}],"version-history":[{"count":2,"href":"https:\/\/www.labelleviededaniel.fr\/index.php?rest_route=\/wp\/v2\/pages\/2777\/revisions"}],"predecessor-version":[{"id":7043,"href":"https:\/\/www.labelleviededaniel.fr\/index.php?rest_route=\/wp\/v2\/pages\/2777\/revisions\/7043"}],"up":[{"embeddable":true,"href":"https:\/\/www.labelleviededaniel.fr\/index.php?rest_route=\/wp\/v2\/pages\/3284"}],"wp:attachment":[{"href":"https:\/\/www.labelleviededaniel.fr\/index.php?rest_route=%2Fwp%2Fv2%2Fmedia&parent=2777"}],"curies":[{"name":"wp","href":"https:\/\/api.w.org\/{rel}","templated":true}]}}