{"id":2779,"date":"2016-02-23T18:48:23","date_gmt":"2016-02-23T17:48:23","guid":{"rendered":"https:\/\/www.labelleviededaniel.fr\/?page_id=2779"},"modified":"2018-06-24T10:38:32","modified_gmt":"2018-06-24T09:38:32","slug":"les-grandes-villes-nexistent-pas-livre-de-cecile-coulon-aux-editions-du-seuil-dans-la-collection-raconter-la-vie-janvier-2015","status":"publish","type":"page","link":"https:\/\/www.labelleviededaniel.fr\/?page_id=2779","title":{"rendered":"\u00ab\u00a0les grandes villes n&rsquo;existent pas\u00a0\u00bb livre de C\u00e9cile Coulon aux \u00e9ditions du Seuil dans la collection Raconter la vie ( janvier 2015)"},"content":{"rendered":"<p><a href=\"https:\/\/www.labelleviededaniel.fr\/wp-content\/uploads\/2016\/02\/lesgrandesvillesnexistentpas.jpg\" rel=\"attachment wp-att-2770\"><img loading=\"lazy\" decoding=\"async\" class=\"size-full wp-image-2770 aligncenter\" src=\"https:\/\/www.labelleviededaniel.fr\/wp-content\/uploads\/2016\/02\/lesgrandesvillesnexistentpas.jpg\" alt=\"lesgrandesvillesnexistentpas\" width=\"160\" height=\"226\" \/><\/a><\/p>\n<p>&nbsp;<\/p>\n<p>\u00ab\u00a0Quelle horreur d\u2019\u00eatre jeune dans ce coin\u00a0!\u00a0\u00bb Cette remarque, C\u00e9cile Coulon l\u2019a entendue pendant toute son adolescence. Jolis mais invivables, ces petits villages du fin fond du Massif central, qui disparaissent de la carte une fois la nuit tomb\u00e9e\u00a0? L\u2019auteure et ses amis d\u2019enfance ont pourtant su en faire leurs terrains de jeux et d\u2019apprentissage. Entre le stade, l\u2019\u00e9cole, l\u2019unique boutique, la salle polyvalente et l\u2019\u00e9glise, il semble, \u00e0 lire la romanci\u00e8re, qu\u2019il soit possible de grandir heureux dans l\u2019ignorance la plus totale des grandes villes. Ce portrait collectif d\u2019une g\u00e9n\u00e9ration se veut aussi r\u00e9habilitation de la jeunesse \u00e0 la campagne.<\/p>\n<p>&nbsp;<\/p>\n<blockquote><p>&nbsp;<\/p>\n<p>&nbsp;<\/p><\/blockquote>\n<p>&nbsp;<\/p>\n","protected":false},"excerpt":{"rendered":"<p>&nbsp; \u00ab\u00a0Quelle horreur d\u2019\u00eatre jeune dans ce coin\u00a0!\u00a0\u00bb Cette remarque, C\u00e9cile Coulon l\u2019a entendue pendant toute son adolescence. Jolis mais invivables, ces petits villages du fin fond du Massif central, qui disparaissent de la carte une fois la nuit tomb\u00e9e\u00a0? L\u2019auteure et ses amis d\u2019enfance ont pourtant su en faire leurs terrains de jeux et &hellip; <a href=\"https:\/\/www.labelleviededaniel.fr\/?page_id=2779\" class=\"more-link\">Continuer la lecture de <span class=\"screen-reader-text\">\u00ab\u00a0les grandes villes n&rsquo;existent pas\u00a0\u00bb livre de C\u00e9cile Coulon aux \u00e9ditions du Seuil dans la collection Raconter la vie ( janvier 2015)<\/span> <span class=\"meta-nav\">&rarr;<\/span><\/a><\/p>\n","protected":false},"author":1,"featured_media":0,"parent":3284,"menu_order":0,"comment_status":"closed","ping_status":"closed","template":"","meta":{"footnotes":""},"class_list":["post-2779","page","type-page","status-publish","hentry"],"_links":{"self":[{"href":"https:\/\/www.labelleviededaniel.fr\/index.php?rest_route=\/wp\/v2\/pages\/2779","targetHints":{"allow":["GET"]}}],"collection":[{"href":"https:\/\/www.labelleviededaniel.fr\/index.php?rest_route=\/wp\/v2\/pages"}],"about":[{"href":"https:\/\/www.labelleviededaniel.fr\/index.php?rest_route=\/wp\/v2\/types\/page"}],"author":[{"embeddable":true,"href":"https:\/\/www.labelleviededaniel.fr\/index.php?rest_route=\/wp\/v2\/users\/1"}],"replies":[{"embeddable":true,"href":"https:\/\/www.labelleviededaniel.fr\/index.php?rest_route=%2Fwp%2Fv2%2Fcomments&post=2779"}],"version-history":[{"count":2,"href":"https:\/\/www.labelleviededaniel.fr\/index.php?rest_route=\/wp\/v2\/pages\/2779\/revisions"}],"predecessor-version":[{"id":7042,"href":"https:\/\/www.labelleviededaniel.fr\/index.php?rest_route=\/wp\/v2\/pages\/2779\/revisions\/7042"}],"up":[{"embeddable":true,"href":"https:\/\/www.labelleviededaniel.fr\/index.php?rest_route=\/wp\/v2\/pages\/3284"}],"wp:attachment":[{"href":"https:\/\/www.labelleviededaniel.fr\/index.php?rest_route=%2Fwp%2Fv2%2Fmedia&parent=2779"}],"curies":[{"name":"wp","href":"https:\/\/api.w.org\/{rel}","templated":true}]}}