{"id":2783,"date":"2016-02-24T09:42:05","date_gmt":"2016-02-24T08:42:05","guid":{"rendered":"https:\/\/www.labelleviededaniel.fr\/?page_id=2783"},"modified":"2018-06-24T10:37:28","modified_gmt":"2018-06-24T09:37:28","slug":"la-course-ou-la-ville-livre-de-eve-charrin-aux-editions-du-seuil-col-raconter-la-vie-janvier-2014","status":"publish","type":"page","link":"https:\/\/www.labelleviededaniel.fr\/?page_id=2783","title":{"rendered":"\u00ab\u00a0La course ou la ville\u00a0\u00bb, livre de Eve Charrin aux \u00e9ditions du Seuil ( col. raconter la vie), janvier 2014"},"content":{"rendered":"<p><a href=\"https:\/\/www.labelleviededaniel.fr\/wp-content\/uploads\/2016\/02\/lacourseoulaville.jpg\" rel=\"attachment wp-att-2782\"><img loading=\"lazy\" decoding=\"async\" class=\"size-full wp-image-2782 aligncenter\" src=\"https:\/\/www.labelleviededaniel.fr\/wp-content\/uploads\/2016\/02\/lacourseoulaville.jpg\" alt=\"lacourseoulaville\" width=\"163\" height=\"226\" \/><\/a>La 4e de couverture de l&rsquo;\u00e9diteur:<\/p>\n<blockquote class=\"spip\"><p>Je crois peu \u00e0 la magie, alors j\u2019ai voulu enqu\u00eater sur ce m\u00e9tier-l\u00e0, sur ces pourvoyeurs d\u2019abondance\u00a0: les chauffeurs-livreurs.<\/p><\/blockquote>\n<p>Sans eux, les magasins seraient vides. Qui se soucie pourtant de ces hommes qui approvisionnent les villes\u00a0? Vaste population ouvri\u00e8re, les chauffeurs-livreurs apparaissent, aux yeux des citadins, comme des g\u00eaneurs\u00a0: d\u00e9clencheurs d\u2019embouteillages, pollueurs&#8230; A eux de concilier l\u2019inconciliable\u00a0: le stress des automobilistes et les exigences du client, l\u2019impatience des consommateurs et l\u2019aspiration \u00e0 la tranquillit\u00e9 des riverains. Mission impossible\u00a0? Depuis les camions et camionnettes o\u00f9 Eve Charrin s\u2019est embarqu\u00e9e \u00e0 leurs c\u00f4t\u00e9s, Paris ressemble \u00e0 un parcours d\u2019obstacles, racont\u00e9 au rythme tr\u00e9pidant de tourn\u00e9es sous tension. Contr\u00f4l\u00e9s \u00e0 distance par leur patron, pris en tenailles entre les imp\u00e9ratifs de la gestion en flux tendus et les contraintes accrues de la circulation urbaine, L\u00e9on, Sami, Mohamed et les autres opposent chaque jour \u00e0 l\u2019agressivit\u00e9 ambiante leur d\u00e9brouillardise et leur patience.<\/p>\n<p>Commentaire personnel: vous ne regarderez plus de la m\u00eame mani\u00e8re\u00a0 les chauffeurs-livreurs apr\u00e8s la lecture de ce livre&#8230;<br \/>\nla vid\u00e9o de Eve Charrin:<br \/>\n<iframe loading=\"lazy\" src=\"\/\/www.dailymotion.com\/embed\/video\/x16ypbo\" width=\"480\" height=\"270\" frameborder=\"0\" allowfullscreen=\"allowfullscreen\"><\/iframe><br \/>\n<a href=\"http:\/\/www.dailymotion.com\/video\/x16ypbo_eve-charrin-la-course-ou-la-ville_news\" target=\"_blank\" rel=\"noopener\">Eve Charrin, La course ou la ville<\/a> <i>par <a href=\"http:\/\/www.dailymotion.com\/raconterlavie\" target=\"_blank\" rel=\"noopener\">raconterlavie<\/a><\/i><\/p>\n<p>&nbsp;<\/p>\n","protected":false},"excerpt":{"rendered":"<p>La 4e de couverture de l&rsquo;\u00e9diteur: Je crois peu \u00e0 la magie, alors j\u2019ai voulu enqu\u00eater sur ce m\u00e9tier-l\u00e0, sur ces pourvoyeurs d\u2019abondance\u00a0: les chauffeurs-livreurs. Sans eux, les magasins seraient vides. Qui se soucie pourtant de ces hommes qui approvisionnent les villes\u00a0? Vaste population ouvri\u00e8re, les chauffeurs-livreurs apparaissent, aux yeux des citadins, comme des g\u00eaneurs\u00a0: &hellip; <a href=\"https:\/\/www.labelleviededaniel.fr\/?page_id=2783\" class=\"more-link\">Continuer la lecture de <span class=\"screen-reader-text\">\u00ab\u00a0La course ou la ville\u00a0\u00bb, livre de Eve Charrin aux \u00e9ditions du Seuil ( col. raconter la vie), janvier 2014<\/span> <span class=\"meta-nav\">&rarr;<\/span><\/a><\/p>\n","protected":false},"author":1,"featured_media":0,"parent":3284,"menu_order":0,"comment_status":"closed","ping_status":"closed","template":"","meta":{"footnotes":""},"class_list":["post-2783","page","type-page","status-publish","hentry"],"_links":{"self":[{"href":"https:\/\/www.labelleviededaniel.fr\/index.php?rest_route=\/wp\/v2\/pages\/2783","targetHints":{"allow":["GET"]}}],"collection":[{"href":"https:\/\/www.labelleviededaniel.fr\/index.php?rest_route=\/wp\/v2\/pages"}],"about":[{"href":"https:\/\/www.labelleviededaniel.fr\/index.php?rest_route=\/wp\/v2\/types\/page"}],"author":[{"embeddable":true,"href":"https:\/\/www.labelleviededaniel.fr\/index.php?rest_route=\/wp\/v2\/users\/1"}],"replies":[{"embeddable":true,"href":"https:\/\/www.labelleviededaniel.fr\/index.php?rest_route=%2Fwp%2Fv2%2Fcomments&post=2783"}],"version-history":[{"count":2,"href":"https:\/\/www.labelleviededaniel.fr\/index.php?rest_route=\/wp\/v2\/pages\/2783\/revisions"}],"predecessor-version":[{"id":7041,"href":"https:\/\/www.labelleviededaniel.fr\/index.php?rest_route=\/wp\/v2\/pages\/2783\/revisions\/7041"}],"up":[{"embeddable":true,"href":"https:\/\/www.labelleviededaniel.fr\/index.php?rest_route=\/wp\/v2\/pages\/3284"}],"wp:attachment":[{"href":"https:\/\/www.labelleviededaniel.fr\/index.php?rest_route=%2Fwp%2Fv2%2Fmedia&parent=2783"}],"curies":[{"name":"wp","href":"https:\/\/api.w.org\/{rel}","templated":true}]}}