{"id":2785,"date":"2016-02-24T09:46:56","date_gmt":"2016-02-24T08:46:56","guid":{"rendered":"https:\/\/www.labelleviededaniel.fr\/?page_id=2785"},"modified":"2018-06-24T10:36:09","modified_gmt":"2018-06-24T09:36:09","slug":"la-barbe-livre-de-omar-benlaala-aux-editions-du-seuil-col-raconter-la-vie-janvier-2015","status":"publish","type":"page","link":"https:\/\/www.labelleviededaniel.fr\/?page_id=2785","title":{"rendered":"\u00ab\u00a0La Barbe\u00a0\u00bb, livre de Omar Benlaala aux \u00e9ditions du Seuil( col. raconter la vie), janvier 2015"},"content":{"rendered":"<p><a href=\"https:\/\/www.labelleviededaniel.fr\/wp-content\/uploads\/2016\/02\/labarbe.jpg\" rel=\"attachment wp-att-2781\"><img loading=\"lazy\" decoding=\"async\" class=\"size-full wp-image-2781 aligncenter\" src=\"https:\/\/www.labelleviededaniel.fr\/wp-content\/uploads\/2016\/02\/labarbe.jpg\" alt=\"labarbe\" width=\"158\" height=\"224\" \/><\/a>la 4e de couverture de l&rsquo;\u00e9diteur:<\/p>\n<p>Omar retrace dans ce livre un itin\u00e9raire pr\u00e9curseur, le sien\u00a0: comment, jeune Fran\u00e7ais d\u2019origine alg\u00e9rienne, il est devenu, au milieu des ann\u00e9es 1990, l\u2019un des premiers \u00ab\u00a0barbus\u00a0\u00bb. Il raconte les \u00e9tapes successives de sa qu\u00eate d\u2019identit\u00e9\u00a0: d\u00e9crochage scolaire, apprentissage acc\u00e9l\u00e9r\u00e9 de l\u2019islam dans les mosqu\u00e9es de la r\u00e9gion parisienne, voyages initiatiques \u00e0 travers le monde, puis d\u00e9fonce sur les pistes de danse. Au terme de ces exp\u00e9riences, il trouve finalement son \u00e9quilibre dans une pratique spirituelle apais\u00e9e. Il y a dix ans, alors qu\u2019un nombre croissant de jeunes font le choix de l\u2019islamisme, Omar coupe sa barbe et redevient invisible. Commence alors pour lui une nouvelle qu\u00eate, ne visant plus ni l\u2019absolu ni la distinction, celle du calme int\u00e9rieur. Le parcours singulier d\u2019Omar aide \u00e0 comprendre celui d\u2019autres jeunes qui, aujourd\u2019hui, se cherchent dans la religion.<\/p>\n<blockquote><p>N\u2019ayant jamais mis les pieds dans une mosqu\u00e9e, je ne savais pas ce que j\u2019allais y trouver. Mais parfaitement ce que je fuyais.<\/p><\/blockquote>\n<p>Avec La Barbe, la collection accueille pour la premi\u00e8re fois un auteur du site raconterlavie.fr.<\/p>\n","protected":false},"excerpt":{"rendered":"<p>la 4e de couverture de l&rsquo;\u00e9diteur: Omar retrace dans ce livre un itin\u00e9raire pr\u00e9curseur, le sien\u00a0: comment, jeune Fran\u00e7ais d\u2019origine alg\u00e9rienne, il est devenu, au milieu des ann\u00e9es 1990, l\u2019un des premiers \u00ab\u00a0barbus\u00a0\u00bb. Il raconte les \u00e9tapes successives de sa qu\u00eate d\u2019identit\u00e9\u00a0: d\u00e9crochage scolaire, apprentissage acc\u00e9l\u00e9r\u00e9 de l\u2019islam dans les mosqu\u00e9es de la r\u00e9gion parisienne, &hellip; <a href=\"https:\/\/www.labelleviededaniel.fr\/?page_id=2785\" class=\"more-link\">Continuer la lecture de <span class=\"screen-reader-text\">\u00ab\u00a0La Barbe\u00a0\u00bb, livre de Omar Benlaala aux \u00e9ditions du Seuil( col. raconter la vie), janvier 2015<\/span> <span class=\"meta-nav\">&rarr;<\/span><\/a><\/p>\n","protected":false},"author":1,"featured_media":0,"parent":3284,"menu_order":0,"comment_status":"closed","ping_status":"closed","template":"","meta":{"footnotes":""},"class_list":["post-2785","page","type-page","status-publish","hentry"],"_links":{"self":[{"href":"https:\/\/www.labelleviededaniel.fr\/index.php?rest_route=\/wp\/v2\/pages\/2785","targetHints":{"allow":["GET"]}}],"collection":[{"href":"https:\/\/www.labelleviededaniel.fr\/index.php?rest_route=\/wp\/v2\/pages"}],"about":[{"href":"https:\/\/www.labelleviededaniel.fr\/index.php?rest_route=\/wp\/v2\/types\/page"}],"author":[{"embeddable":true,"href":"https:\/\/www.labelleviededaniel.fr\/index.php?rest_route=\/wp\/v2\/users\/1"}],"replies":[{"embeddable":true,"href":"https:\/\/www.labelleviededaniel.fr\/index.php?rest_route=%2Fwp%2Fv2%2Fcomments&post=2785"}],"version-history":[{"count":2,"href":"https:\/\/www.labelleviededaniel.fr\/index.php?rest_route=\/wp\/v2\/pages\/2785\/revisions"}],"predecessor-version":[{"id":7040,"href":"https:\/\/www.labelleviededaniel.fr\/index.php?rest_route=\/wp\/v2\/pages\/2785\/revisions\/7040"}],"up":[{"embeddable":true,"href":"https:\/\/www.labelleviededaniel.fr\/index.php?rest_route=\/wp\/v2\/pages\/3284"}],"wp:attachment":[{"href":"https:\/\/www.labelleviededaniel.fr\/index.php?rest_route=%2Fwp%2Fv2%2Fmedia&parent=2785"}],"curies":[{"name":"wp","href":"https:\/\/api.w.org\/{rel}","templated":true}]}}