{"id":2788,"date":"2016-02-25T17:33:39","date_gmt":"2016-02-25T16:33:39","guid":{"rendered":"https:\/\/www.labelleviededaniel.fr\/?page_id=2788"},"modified":"2018-06-24T13:12:36","modified_gmt":"2018-06-24T12:12:36","slug":"web","status":"publish","type":"page","link":"https:\/\/www.labelleviededaniel.fr\/?page_id=2788","title":{"rendered":"web-M\u00e9tiers du multim\u00e9dia et de l&rsquo;internet"},"content":{"rendered":"<p>Petit lexique du web:<br \/>\n<a href=\"https:\/\/www.labelleviededaniel.fr\/wp-content\/uploads\/2016\/02\/lexique_web.pdf\" rel=\"\">lexique_web<\/a><\/p>\n<p>la formation M\u00e9tiers du multim\u00e9dia et de l&rsquo; internet MMI de l&rsquo; IUT de Cergy Pontoise:<br \/>\n<iframe loading=\"lazy\" src=\"https:\/\/www.youtube.com\/embed\/B4qY--DWBOA\" width=\"560\" height=\"315\" frameborder=\"0\" allowfullscreen=\"allowfullscreen\"><\/iframe><br \/>\nLe programme p\u00e9dagogique National des formations MMI en IUT:<br \/>\n<a href=\"https:\/\/www.labelleviededaniel.fr\/wp-content\/uploads\/2016\/03\/MMIProgrammenational.pdf\" rel=\"\">MMIProgrammenational<\/a><br \/>\nle DUT MMI d&rsquo;Elbeuf en Seine Maritime:<br \/>\n<a href=\"https:\/\/www.labelleviededaniel.fr\/wp-content\/uploads\/2016\/03\/mmielbeuf.pdf\" rel=\"\">mmielbeuf<\/a><br \/>\nle DUT MMI de Cergy Pontoise:<br \/>\n<a href=\"https:\/\/www.labelleviededaniel.fr\/wp-content\/uploads\/2016\/03\/DUT-MMI1Cergy.pdf\" rel=\"\">DUT-MMI1Cergy<\/a><br \/>\nle programme de DUT MMI de Cergy-Pontoise au format pdf<br \/>\n<a href=\"https:\/\/www.labelleviededaniel.fr\/wp-content\/uploads\/2016\/03\/1603DUTMMI.pdf\" rel=\"\">1603DUTMMI<\/a><br \/>\nsite internet : le portail des m\u00e9tiers de l&rsquo;internet : site gouvernemental<br \/>\nPortail des m\u00e9tiers de l&rsquo;internet<br \/>\nl&rsquo; HETIC : Ecole de l&rsquo;internet \u00e0 Montreuil ( 93)<br \/>\n<a href=\"https:\/\/www.labelleviededaniel.fr\/wp-content\/uploads\/2016\/03\/1603brochurehetic.pdf\" rel=\"\">1603brochurehetic<\/a><\/p>\n","protected":false},"excerpt":{"rendered":"<p>Petit lexique du web: lexique_web la formation M\u00e9tiers du multim\u00e9dia et de l&rsquo; internet MMI de l&rsquo; IUT de Cergy Pontoise: Le programme p\u00e9dagogique National des formations MMI en IUT: MMIProgrammenational le DUT MMI d&rsquo;Elbeuf en Seine Maritime: mmielbeuf le DUT MMI de Cergy Pontoise: DUT-MMI1Cergy le programme de DUT MMI de Cergy-Pontoise au format &hellip; <a href=\"https:\/\/www.labelleviededaniel.fr\/?page_id=2788\" class=\"more-link\">Continuer la lecture de <span class=\"screen-reader-text\">web-M\u00e9tiers du multim\u00e9dia et de l&rsquo;internet<\/span> <span class=\"meta-nav\">&rarr;<\/span><\/a><\/p>\n","protected":false},"author":1,"featured_media":0,"parent":9,"menu_order":0,"comment_status":"closed","ping_status":"closed","template":"","meta":{"footnotes":""},"class_list":["post-2788","page","type-page","status-publish","hentry"],"_links":{"self":[{"href":"https:\/\/www.labelleviededaniel.fr\/index.php?rest_route=\/wp\/v2\/pages\/2788","targetHints":{"allow":["GET"]}}],"collection":[{"href":"https:\/\/www.labelleviededaniel.fr\/index.php?rest_route=\/wp\/v2\/pages"}],"about":[{"href":"https:\/\/www.labelleviededaniel.fr\/index.php?rest_route=\/wp\/v2\/types\/page"}],"author":[{"embeddable":true,"href":"https:\/\/www.labelleviededaniel.fr\/index.php?rest_route=\/wp\/v2\/users\/1"}],"replies":[{"embeddable":true,"href":"https:\/\/www.labelleviededaniel.fr\/index.php?rest_route=%2Fwp%2Fv2%2Fcomments&post=2788"}],"version-history":[{"count":11,"href":"https:\/\/www.labelleviededaniel.fr\/index.php?rest_route=\/wp\/v2\/pages\/2788\/revisions"}],"predecessor-version":[{"id":7068,"href":"https:\/\/www.labelleviededaniel.fr\/index.php?rest_route=\/wp\/v2\/pages\/2788\/revisions\/7068"}],"up":[{"embeddable":true,"href":"https:\/\/www.labelleviededaniel.fr\/index.php?rest_route=\/wp\/v2\/pages\/9"}],"wp:attachment":[{"href":"https:\/\/www.labelleviededaniel.fr\/index.php?rest_route=%2Fwp%2Fv2%2Fmedia&parent=2788"}],"curies":[{"name":"wp","href":"https:\/\/api.w.org\/{rel}","templated":true}]}}