{"id":2821,"date":"2016-03-03T13:26:58","date_gmt":"2016-03-03T12:26:58","guid":{"rendered":"https:\/\/www.labelleviededaniel.fr\/?page_id=2821"},"modified":"2018-06-24T10:35:12","modified_gmt":"2018-06-24T09:35:12","slug":"marchands-de-travail-livre-de-n-jounin-l-tourette-aux-editions-du-seuil-col-raconter-la-vie-novembre-2014","status":"publish","type":"page","link":"https:\/\/www.labelleviededaniel.fr\/?page_id=2821","title":{"rendered":"\u00ab\u00a0Marchands de travail\u00a0\u00bb livre de N. Jounin &#038; L. Tourette, aux \u00e9ditions du seuil ( col: raconter la vie\u00a0\u00bb, novembre 2014"},"content":{"rendered":"<p><a href=\"https:\/\/www.labelleviededaniel.fr\/wp-content\/uploads\/2016\/03\/marchanddetravail.jpg\" rel=\"attachment wp-att-2820\"><img loading=\"lazy\" decoding=\"async\" class=\"size-full wp-image-2820 aligncenter\" src=\"https:\/\/www.labelleviededaniel.fr\/wp-content\/uploads\/2016\/03\/marchanddetravail.jpg\" alt=\"marchanddetravail\" width=\"162\" height=\"227\" \/><\/a><br \/>\nle lien internet:<br \/>\nLa 4e de couverture du livre<br \/>\nSamira, Samuel, Philippe, Daniel et Etienne vendent aux entreprises du b\u00e2timent une marchandise qui ne leur appartient pas, la force de travail des ouvriers. Ces \u00ab\u00a0commerciaux d\u2019int\u00e9rim\u00a0\u00bb sont des interm\u00e9diaires, artisans d\u2019un march\u00e9 instable, o\u00f9 se red\u00e9finissent sans cesse les tarifs et les conditions d\u2019emploi. Ils ont un minimum de dipl\u00f4mes, certains \u00e9taient auparavant secr\u00e9taire, man\u0153uvre ou ferrailleur, mais ils s\u2019assurent, gr\u00e2ce \u00e0 leurs fichiers d\u2019int\u00e9rimaires et leur culot, de gros revenus. Ils aimeraient se voir en assistantes sociales\u00a0; ils contribuent pourtant \u00e0 accro\u00eetre l\u2019ins\u00e9curit\u00e9 et la pr\u00e9carit\u00e9 des ouvriers.<\/p>\n<blockquote class=\"spip\"><p>Samuel passe dix ans de sa vie sur les chantiers. Apr\u00e8s avoir t\u00e2t\u00e9 du coffrage (la fabrication des moules du b\u00e9ton arm\u00e9), il s\u2019oriente vers son compl\u00e9ment, le ferraillage (la confection et la mise en place des armatures.<\/p>\n<p>&nbsp;<\/p><\/blockquote>\n","protected":false},"excerpt":{"rendered":"<p>le lien internet: La 4e de couverture du livre Samira, Samuel, Philippe, Daniel et Etienne vendent aux entreprises du b\u00e2timent une marchandise qui ne leur appartient pas, la force de travail des ouvriers. Ces \u00ab\u00a0commerciaux d\u2019int\u00e9rim\u00a0\u00bb sont des interm\u00e9diaires, artisans d\u2019un march\u00e9 instable, o\u00f9 se red\u00e9finissent sans cesse les tarifs et les conditions d\u2019emploi. Ils &hellip; <a href=\"https:\/\/www.labelleviededaniel.fr\/?page_id=2821\" class=\"more-link\">Continuer la lecture de <span class=\"screen-reader-text\">\u00ab\u00a0Marchands de travail\u00a0\u00bb livre de N. Jounin &#038; L. Tourette, aux \u00e9ditions du seuil ( col: raconter la vie\u00a0\u00bb, novembre 2014<\/span> <span class=\"meta-nav\">&rarr;<\/span><\/a><\/p>\n","protected":false},"author":1,"featured_media":0,"parent":3284,"menu_order":0,"comment_status":"closed","ping_status":"closed","template":"","meta":{"footnotes":""},"class_list":["post-2821","page","type-page","status-publish","hentry"],"_links":{"self":[{"href":"https:\/\/www.labelleviededaniel.fr\/index.php?rest_route=\/wp\/v2\/pages\/2821","targetHints":{"allow":["GET"]}}],"collection":[{"href":"https:\/\/www.labelleviededaniel.fr\/index.php?rest_route=\/wp\/v2\/pages"}],"about":[{"href":"https:\/\/www.labelleviededaniel.fr\/index.php?rest_route=\/wp\/v2\/types\/page"}],"author":[{"embeddable":true,"href":"https:\/\/www.labelleviededaniel.fr\/index.php?rest_route=\/wp\/v2\/users\/1"}],"replies":[{"embeddable":true,"href":"https:\/\/www.labelleviededaniel.fr\/index.php?rest_route=%2Fwp%2Fv2%2Fcomments&post=2821"}],"version-history":[{"count":2,"href":"https:\/\/www.labelleviededaniel.fr\/index.php?rest_route=\/wp\/v2\/pages\/2821\/revisions"}],"predecessor-version":[{"id":7039,"href":"https:\/\/www.labelleviededaniel.fr\/index.php?rest_route=\/wp\/v2\/pages\/2821\/revisions\/7039"}],"up":[{"embeddable":true,"href":"https:\/\/www.labelleviededaniel.fr\/index.php?rest_route=\/wp\/v2\/pages\/3284"}],"wp:attachment":[{"href":"https:\/\/www.labelleviededaniel.fr\/index.php?rest_route=%2Fwp%2Fv2%2Fmedia&parent=2821"}],"curies":[{"name":"wp","href":"https:\/\/api.w.org\/{rel}","templated":true}]}}