{"id":2824,"date":"2016-03-03T13:37:01","date_gmt":"2016-03-03T12:37:01","guid":{"rendered":"https:\/\/www.labelleviededaniel.fr\/?page_id=2824"},"modified":"2018-06-24T10:34:19","modified_gmt":"2018-06-24T09:34:19","slug":"le-corps-des-autres-livre-de-ivan-jablonka-aux-editions-du-seuil-col-raconter-la-vie-avril-2015","status":"publish","type":"page","link":"https:\/\/www.labelleviededaniel.fr\/?page_id=2824","title":{"rendered":"\u00ab\u00a0Le corps des autres\u00a0\u00bb livre de Ivan Jablonka aux \u00e9ditions du Seuil ( col. raconter la vie), avril 2015."},"content":{"rendered":"<p><a href=\"https:\/\/www.labelleviededaniel.fr\/wp-content\/uploads\/2016\/03\/lecorpsdesautres.jpg\" rel=\"attachment wp-att-2823\"><img loading=\"lazy\" decoding=\"async\" class=\"size-full wp-image-2823 aligncenter\" src=\"https:\/\/www.labelleviededaniel.fr\/wp-content\/uploads\/2016\/03\/lecorpsdesautres.jpg\" alt=\"lecorpsdesautres\" width=\"160\" height=\"226\" \/><\/a>le site internet :<br \/>\nLa 4e de couverture du livre<br \/>\nCette enqu\u00eate porte sur les esth\u00e9ticiennes, dont le m\u00e9tier consiste \u00e0 s\u2019occuper du corps des autres, pour leur bien-\u00eatre et leur agr\u00e9ment. Privil\u00e8ge de celles qui rendent belles\u00a0; abaissement de celles qu\u2019on admet dans son intimit\u00e9. On se confie, on s\u2019accorde un moment \u00e0 soi. Mais ces sp\u00e9cialistes du corps ne se contentent pas d\u2019\u00e9piler ou de masser. Elles jouent aussi le r\u00f4le du psy, du coach, de l\u2019infirmi\u00e8re, de l\u2019assistante sociale, dans les instituts o\u00f9 elles travaillent \u2013 ces fabriques de la beaut\u00e9 moderne.<\/p>\n<blockquote class=\"spip\"><p>Il y a des journ\u00e9es plut\u00f4t manucure, des journ\u00e9es plut\u00f4t \u00e9pilation et des journ\u00e9es o\u00f9 il y a un peu de tout. Avant l\u2019\u00e9t\u00e9, on a beaucoup de beaut\u00e9 des pieds. L\u2019hiver, c\u2019est des massages, des soins du visage.<\/p><\/blockquote>\n","protected":false},"excerpt":{"rendered":"<p>le site internet : La 4e de couverture du livre Cette enqu\u00eate porte sur les esth\u00e9ticiennes, dont le m\u00e9tier consiste \u00e0 s\u2019occuper du corps des autres, pour leur bien-\u00eatre et leur agr\u00e9ment. Privil\u00e8ge de celles qui rendent belles\u00a0; abaissement de celles qu\u2019on admet dans son intimit\u00e9. On se confie, on s\u2019accorde un moment \u00e0 soi. &hellip; <a href=\"https:\/\/www.labelleviededaniel.fr\/?page_id=2824\" class=\"more-link\">Continuer la lecture de <span class=\"screen-reader-text\">\u00ab\u00a0Le corps des autres\u00a0\u00bb livre de Ivan Jablonka aux \u00e9ditions du Seuil ( col. raconter la vie), avril 2015.<\/span> <span class=\"meta-nav\">&rarr;<\/span><\/a><\/p>\n","protected":false},"author":1,"featured_media":0,"parent":3284,"menu_order":0,"comment_status":"closed","ping_status":"closed","template":"","meta":{"footnotes":""},"class_list":["post-2824","page","type-page","status-publish","hentry"],"_links":{"self":[{"href":"https:\/\/www.labelleviededaniel.fr\/index.php?rest_route=\/wp\/v2\/pages\/2824","targetHints":{"allow":["GET"]}}],"collection":[{"href":"https:\/\/www.labelleviededaniel.fr\/index.php?rest_route=\/wp\/v2\/pages"}],"about":[{"href":"https:\/\/www.labelleviededaniel.fr\/index.php?rest_route=\/wp\/v2\/types\/page"}],"author":[{"embeddable":true,"href":"https:\/\/www.labelleviededaniel.fr\/index.php?rest_route=\/wp\/v2\/users\/1"}],"replies":[{"embeddable":true,"href":"https:\/\/www.labelleviededaniel.fr\/index.php?rest_route=%2Fwp%2Fv2%2Fcomments&post=2824"}],"version-history":[{"count":8,"href":"https:\/\/www.labelleviededaniel.fr\/index.php?rest_route=\/wp\/v2\/pages\/2824\/revisions"}],"predecessor-version":[{"id":7038,"href":"https:\/\/www.labelleviededaniel.fr\/index.php?rest_route=\/wp\/v2\/pages\/2824\/revisions\/7038"}],"up":[{"embeddable":true,"href":"https:\/\/www.labelleviededaniel.fr\/index.php?rest_route=\/wp\/v2\/pages\/3284"}],"wp:attachment":[{"href":"https:\/\/www.labelleviededaniel.fr\/index.php?rest_route=%2Fwp%2Fv2%2Fmedia&parent=2824"}],"curies":[{"name":"wp","href":"https:\/\/api.w.org\/{rel}","templated":true}]}}