{"id":2876,"date":"2016-03-06T19:20:40","date_gmt":"2016-03-06T18:20:40","guid":{"rendered":"https:\/\/www.labelleviededaniel.fr\/?page_id=2876"},"modified":"2021-10-21T07:37:16","modified_gmt":"2021-10-21T06:37:16","slug":"les-reins-casses-livre-de-lou-kapikian-aux-editions-du-seuil-col-raconter-la-vie-mars-2015","status":"publish","type":"page","link":"https:\/\/www.labelleviededaniel.fr\/?page_id=2876","title":{"rendered":"\u00ab\u00a0les reins cass\u00e9s\u00a0\u00bb livre de Lou Kapikian aux \u00e9ditions du Seuil ( col. raconter la vie), mars 2015"},"content":{"rendered":"<p><a href=\"http:\/\/raconterlavie.fr\/collection\/les-reins-casses\/#.VtxvXuaUMyE\"><span style=\"color: #000000;\">\u00a0<\/span><\/a><\/p>\n<p><a href=\"https:\/\/www.labelleviededaniel.fr\/wp-content\/uploads\/2016\/03\/lesreinscass\u00e9s.jpg\" rel=\"attachment wp-att-2875\"><img loading=\"lazy\" decoding=\"async\" class=\"size-full wp-image-2875 aligncenter\" src=\"https:\/\/www.labelleviededaniel.fr\/wp-content\/uploads\/2016\/03\/lesreinscass\u00e9s.jpg\" alt=\"lesreinscass\u00e9s\" width=\"161\" height=\"226\" \/><\/a><\/p>\n<p>Comme toujours avec cette collection, un t\u00e9moignage poignant\u00a0 sur la vie quotidienne d&rsquo;une femme souffrant de\u00a0 probl\u00e8mes r\u00e9naux.<br \/>\nLa 4e de couverture du livre ( \u00e9d: le Seuil)<br \/>\nLou a 22 ans lorsque la maladie entre brutalement dans sa vie. Pour survivre, elle s\u2019engage dans un combat qu\u2019elle n\u2019a pas choisi et qui va bouleverser son existence. Dans ce livre, elle t\u00e9moigne, avec une grande lucidit\u00e9 parfois teint\u00e9e de r\u00e9volte, sur ce parcours chaotique qui l\u2019a men\u00e9e de la dialyse \u00e0 la greffe. Elle raconte les espoirs, les gal\u00e8res m\u00e9dicales, l\u2019implacabilit\u00e9 d\u2019un syst\u00e8me de soins souvent en mal d\u2019humanit\u00e9, l\u2019intol\u00e9rance du monde du travail et de la soci\u00e9t\u00e9 face \u00e0 la maladie chronique et \u00e0 la vuln\u00e9rabilit\u00e9. L\u2019histoire de Lou est aussi celle d\u2019une femme libre qui refuse de renoncer \u00e0 ce qu\u2019elle est et \u00e0 ses r\u00eaves.<\/p>\n<blockquote><p>Les mots se succ\u00e9daient sans que je parvienne \u00e0 les comprendre\u00a0: cr\u00e9atinine, n\u00e9phrologie, stade terminal, dialyse, greffe&#8230;<\/p><\/blockquote>\n<p>Divers liens internet :<br \/>\n<a href=\"http:\/\/renaloo.com\/\">l&rsquo;association Renaloo<\/a><br \/>\n<a href=\"http:\/\/www.fondation-du-rein.org\/\">Fondation du rein<\/a><br \/>\n<a href=\"http:\/\/www.greffedevie.fr\/\">Fondation greffe de vie<\/a><\/p>\n<p>&nbsp;<\/p>\n","protected":false},"excerpt":{"rendered":"<p>\u00a0 Comme toujours avec cette collection, un t\u00e9moignage poignant\u00a0 sur la vie quotidienne d&rsquo;une femme souffrant de\u00a0 probl\u00e8mes r\u00e9naux. La 4e de couverture du livre ( \u00e9d: le Seuil) Lou a 22 ans lorsque la maladie entre brutalement dans sa vie. Pour survivre, elle s\u2019engage dans un combat qu\u2019elle n\u2019a pas choisi et qui va &hellip; <a href=\"https:\/\/www.labelleviededaniel.fr\/?page_id=2876\" class=\"more-link\">Continuer la lecture de <span class=\"screen-reader-text\">\u00ab\u00a0les reins cass\u00e9s\u00a0\u00bb livre de Lou Kapikian aux \u00e9ditions du Seuil ( col. raconter la vie), mars 2015<\/span> <span class=\"meta-nav\">&rarr;<\/span><\/a><\/p>\n","protected":false},"author":1,"featured_media":0,"parent":3284,"menu_order":0,"comment_status":"closed","ping_status":"closed","template":"","meta":{"footnotes":""},"class_list":["post-2876","page","type-page","status-publish","hentry"],"_links":{"self":[{"href":"https:\/\/www.labelleviededaniel.fr\/index.php?rest_route=\/wp\/v2\/pages\/2876","targetHints":{"allow":["GET"]}}],"collection":[{"href":"https:\/\/www.labelleviededaniel.fr\/index.php?rest_route=\/wp\/v2\/pages"}],"about":[{"href":"https:\/\/www.labelleviededaniel.fr\/index.php?rest_route=\/wp\/v2\/types\/page"}],"author":[{"embeddable":true,"href":"https:\/\/www.labelleviededaniel.fr\/index.php?rest_route=\/wp\/v2\/users\/1"}],"replies":[{"embeddable":true,"href":"https:\/\/www.labelleviededaniel.fr\/index.php?rest_route=%2Fwp%2Fv2%2Fcomments&post=2876"}],"version-history":[{"count":5,"href":"https:\/\/www.labelleviededaniel.fr\/index.php?rest_route=\/wp\/v2\/pages\/2876\/revisions"}],"predecessor-version":[{"id":9268,"href":"https:\/\/www.labelleviededaniel.fr\/index.php?rest_route=\/wp\/v2\/pages\/2876\/revisions\/9268"}],"up":[{"embeddable":true,"href":"https:\/\/www.labelleviededaniel.fr\/index.php?rest_route=\/wp\/v2\/pages\/3284"}],"wp:attachment":[{"href":"https:\/\/www.labelleviededaniel.fr\/index.php?rest_route=%2Fwp%2Fv2%2Fmedia&parent=2876"}],"curies":[{"name":"wp","href":"https:\/\/api.w.org\/{rel}","templated":true}]}}